{"id":2849,"date":"2024-10-04T07:59:40","date_gmt":"2024-10-04T05:59:40","guid":{"rendered":"https:\/\/www.qmd-medicaldevice.com\/?page_id=2849"},"modified":"2024-11-07T12:02:48","modified_gmt":"2024-11-07T11:02:48","slug":"trolley-light","status":"publish","type":"page","link":"https:\/\/www.qmd-medicaldevice.com\/it\/trolley-light\/","title":{"rendered":"Trolley light"},"content":{"rendered":"\n<h1 class=\"wp-block-heading has-text-align-center\">Trolley light<\/h1>\n\n\n\n<h2 class=\"wp-block-heading has-text-align-center\">elegante e funzionale<\/h2>\n\n\n\n<p class=\"has-text-align-center\">Scopri il carrello qmd\u00ae Light: il tuo partner elegante e funzionale per un&#8217;organizzazione efficiente dello studio.<\/p>\n\n\n\n<blockquote class=\"wp-block-quote is-layout-flow wp-block-quote-is-layout-flow\">\n<p class=\"has-text-align-center\">Questo elegante carrello terapeutico \u00e8 stato sviluppato appositamente per il qmd\u00ae ultrasuono criotermico e il criotermico PT.<\/p>\n<\/blockquote>\n\n\n\n<div class=\"wp-block-columns is-layout-flex wp-container-core-columns-is-layout-1 wp-block-columns-is-layout-flex\">\n<div class=\"wp-block-column is-vertically-aligned-center is-layout-flow wp-block-column-is-layout-flow\">\n<figure data-wp-context=\"{&quot;uploadedSrc&quot;:&quot;https:\\\/\\\/www.qmd-medicaldevice.com\\\/wp-content\\\/uploads\\\/2024\\\/10\\\/20240927090921-trolley-light.png&quot;,&quot;figureClassNames&quot;:&quot;wp-block-image aligncenter size-large is-resized&quot;,&quot;figureStyles&quot;:null,&quot;imgClassNames&quot;:&quot;wp-image-2403&quot;,&quot;imgStyles&quot;:&quot;width:624px;height:auto&quot;,&quot;targetWidth&quot;:860,&quot;targetHeight&quot;:1136,&quot;scaleAttr&quot;:false,&quot;ariaLabel&quot;:&quot;Ingrandisci l\\u2019immagine&quot;,&quot;alt&quot;:&quot;&quot;}\" data-wp-interactive=\"core\/image\" class=\"wp-block-image aligncenter size-large is-resized wp-lightbox-container\"><img loading=\"lazy\" decoding=\"async\" width=\"860\" height=\"1136\" data-wp-init=\"callbacks.setButtonStyles\" data-wp-on-async--click=\"actions.showLightbox\" data-wp-on-async--load=\"callbacks.setButtonStyles\" data-wp-on-async-window--resize=\"callbacks.setButtonStyles\" src=\"https:\/\/www.qmd-medicaldevice.com\/wp-content\/uploads\/2024\/10\/20240927090921-trolley-light.png\" alt=\"\" class=\"wp-image-2403\" style=\"width:624px;height:auto\" srcset=\"https:\/\/www.qmd-medicaldevice.com\/wp-content\/uploads\/2024\/10\/20240927090921-trolley-light.png 860w, https:\/\/www.qmd-medicaldevice.com\/wp-content\/uploads\/2024\/10\/20240927090921-trolley-light-530x700.png 530w, https:\/\/www.qmd-medicaldevice.com\/wp-content\/uploads\/2024\/10\/20240927090921-trolley-light-768x1014.png 768w\" sizes=\"(max-width: 860px) 100vw, 860px\" \/><button\n\t\t\tclass=\"lightbox-trigger\"\n\t\t\ttype=\"button\"\n\t\t\taria-haspopup=\"dialog\"\n\t\t\taria-label=\"Ingrandisci l\u2019immagine\"\n\t\t\tdata-wp-init=\"callbacks.initTriggerButton\"\n\t\t\tdata-wp-on-async--click=\"actions.showLightbox\"\n\t\t\tdata-wp-style--right=\"context.imageButtonRight\"\n\t\t\tdata-wp-style--top=\"context.imageButtonTop\"\n\t\t>\n\t\t\t<svg xmlns=\"http:\/\/www.w3.org\/2000\/svg\" width=\"12\" height=\"12\" fill=\"none\" viewBox=\"0 0 12 12\">\n\t\t\t\t<path fill=\"#fff\" d=\"M2 0a2 2 0 0 0-2 2v2h1.5V2a.5.5 0 0 1 .5-.5h2V0H2Zm2 10.5H2a.5.5 0 0 1-.5-.5V8H0v2a2 2 0 0 0 2 2h2v-1.5ZM8 12v-1.5h2a.5.5 0 0 0 .5-.5V8H12v2a2 2 0 0 1-2 2H8Zm2-12a2 2 0 0 1 2 2v2h-1.5V2a.5.5 0 0 0-.5-.5H8V0h2Z\" \/>\n\t\t\t<\/svg>\n\t\t<\/button><\/figure>\n<\/div>\n\n\n\n<div class=\"wp-block-column is-vertically-aligned-center is-layout-flow wp-block-column-is-layout-flow\">\n<h2 class=\"wp-block-heading alignwide\" style=\"letter-spacing:-0.02em\">Design accurato<\/h2>\n\n\n\n<p>Con il suo design ben studiato, il qmd\u00ae trolley Light non offre solo uno spazio ordinato, ma anche un rapido accesso ai vostri dispositivi, cos\u00ec potrete concentrarvi su ci\u00f2 che \u00e8 importante: i vostri pazienti.<\/p>\n<\/div>\n<\/div>\n\n\n\n<div class=\"wp-block-group alignfull has-accent-2-background-color has-background has-global-padding is-layout-constrained wp-block-group-is-layout-constrained\" style=\"padding-top:var(--wp--preset--spacing--50);padding-bottom:var(--wp--preset--spacing--50)\">\n<h2 class=\"wp-block-heading has-text-align-center has-base-2-color has-text-color has-link-color wp-elements-c2db03c1b4daec209c44ee7c52ec4b97\">trolley light<\/h2>\n\n\n\n<h3 class=\"wp-block-heading has-text-align-center\">Scopri come qmd\u00ae Trolley Light porta il tuo studio a un nuovo livello &#8211; per una combinazione armoniosa di estetica e funzionalit\u00e0 pratica.<\/h3>\n<\/div>\n","protected":false},"excerpt":{"rendered":"<p>Trolley light elegante e funzionale Scopri il carrello qmd\u00ae Light: il tuo partner elegante e funzionale per un&#8217;organizzazione efficiente dello studio. Questo elegante carrello terapeutico \u00e8 stato sviluppato appositamente per il qmd\u00ae ultrasuono criotermico e il criotermico PT. Design accurato Con il suo design ben studiato, il qmd\u00ae trolley Light non offre solo uno spazio [&hellip;]<\/p>\n","protected":false},"author":1,"featured_media":0,"parent":0,"menu_order":0,"comment_status":"closed","ping_status":"closed","template":"","meta":{"footnotes":""},"class_list":["post-2849","page","type-page","status-publish","hentry"],"_links":{"self":[{"href":"https:\/\/www.qmd-medicaldevice.com\/it\/wp-json\/wp\/v2\/pages\/2849"}],"collection":[{"href":"https:\/\/www.qmd-medicaldevice.com\/it\/wp-json\/wp\/v2\/pages"}],"about":[{"href":"https:\/\/www.qmd-medicaldevice.com\/it\/wp-json\/wp\/v2\/types\/page"}],"author":[{"embeddable":true,"href":"https:\/\/www.qmd-medicaldevice.com\/it\/wp-json\/wp\/v2\/users\/1"}],"replies":[{"embeddable":true,"href":"https:\/\/www.qmd-medicaldevice.com\/it\/wp-json\/wp\/v2\/comments?post=2849"}],"version-history":[{"count":2,"href":"https:\/\/www.qmd-medicaldevice.com\/it\/wp-json\/wp\/v2\/pages\/2849\/revisions"}],"predecessor-version":[{"id":2965,"href":"https:\/\/www.qmd-medicaldevice.com\/it\/wp-json\/wp\/v2\/pages\/2849\/revisions\/2965"}],"wp:attachment":[{"href":"https:\/\/www.qmd-medicaldevice.com\/it\/wp-json\/wp\/v2\/media?parent=2849"}],"curies":[{"name":"wp","href":"https:\/\/api.w.org\/{rel}","templated":true}]}}