{"id":2921,"date":"2024-10-04T08:04:41","date_gmt":"2024-10-04T06:04:41","guid":{"rendered":"https:\/\/www.qmd-medicaldevice.com\/?page_id=2921"},"modified":"2024-11-07T12:46:44","modified_gmt":"2024-11-07T11:46:44","slug":"fixed-arm-laser","status":"publish","type":"page","link":"https:\/\/www.qmd-medicaldevice.com\/en\/fixed-arm-laser\/","title":{"rendered":"Fixed arm laser"},"content":{"rendered":"\n<h1 class=\"wp-block-heading has-text-align-center\">Fixed arm laser<\/h1>\n\n\n\n<h2 class=\"wp-block-heading has-text-align-center\">Flexibility and precision<\/h2>\n\n\n\n<p class=\"has-text-align-center\">Optimise your laser therapies for a comfortable and precise application that will delight your patients and your practice.<\/p>\n\n\n\n<div class=\"wp-block-columns is-layout-flex wp-container-core-columns-is-layout-1 wp-block-columns-is-layout-flex\">\n<div class=\"wp-block-column is-vertically-aligned-center is-layout-flow wp-block-column-is-layout-flow\">\n<figure data-wp-context=\"{&quot;uploadedSrc&quot;:&quot;https:\\\/\\\/www.qmd-medicaldevice.com\\\/wp-content\\\/uploads\\\/2024\\\/10\\\/20230714135405-accessories-uebersicht.png&quot;,&quot;figureClassNames&quot;:&quot;wp-block-image aligncenter size-large is-resized&quot;,&quot;figureStyles&quot;:null,&quot;imgClassNames&quot;:&quot;wp-image-2401&quot;,&quot;imgStyles&quot;:&quot;width:624px;height:auto&quot;,&quot;targetWidth&quot;:1365,&quot;targetHeight&quot;:2048,&quot;scaleAttr&quot;:false,&quot;ariaLabel&quot;:&quot;Enlarge image&quot;,&quot;alt&quot;:&quot;&quot;}\" data-wp-interactive=\"core\/image\" class=\"wp-block-image aligncenter size-large is-resized wp-lightbox-container\"><img loading=\"lazy\" decoding=\"async\" width=\"933\" height=\"1400\" data-wp-init=\"callbacks.setButtonStyles\" data-wp-on-async--click=\"actions.showLightbox\" data-wp-on-async--load=\"callbacks.setButtonStyles\" data-wp-on-async-window--resize=\"callbacks.setButtonStyles\" src=\"https:\/\/www.qmd-medicaldevice.com\/wp-content\/uploads\/2024\/10\/20230714135405-accessories-uebersicht-933x1400.png\" alt=\"\" class=\"wp-image-2401\" style=\"width:624px;height:auto\" srcset=\"https:\/\/www.qmd-medicaldevice.com\/wp-content\/uploads\/2024\/10\/20230714135405-accessories-uebersicht-933x1400.png 933w, https:\/\/www.qmd-medicaldevice.com\/wp-content\/uploads\/2024\/10\/20230714135405-accessories-uebersicht.png 1365w, https:\/\/www.qmd-medicaldevice.com\/wp-content\/uploads\/2024\/10\/20230714135405-accessories-uebersicht-467x700.png 467w, https:\/\/www.qmd-medicaldevice.com\/wp-content\/uploads\/2024\/10\/20230714135405-accessories-uebersicht-768x1152.png 768w, https:\/\/www.qmd-medicaldevice.com\/wp-content\/uploads\/2024\/10\/20230714135405-accessories-uebersicht-1024x1536.png 1024w\" sizes=\"(max-width: 933px) 100vw, 933px\" \/><button\n\t\t\tclass=\"lightbox-trigger\"\n\t\t\ttype=\"button\"\n\t\t\taria-haspopup=\"dialog\"\n\t\t\taria-label=\"Enlarge image\"\n\t\t\tdata-wp-init=\"callbacks.initTriggerButton\"\n\t\t\tdata-wp-on-async--click=\"actions.showLightbox\"\n\t\t\tdata-wp-style--right=\"context.imageButtonRight\"\n\t\t\tdata-wp-style--top=\"context.imageButtonTop\"\n\t\t>\n\t\t\t<svg xmlns=\"http:\/\/www.w3.org\/2000\/svg\" width=\"12\" height=\"12\" fill=\"none\" viewBox=\"0 0 12 12\">\n\t\t\t\t<path fill=\"#fff\" d=\"M2 0a2 2 0 0 0-2 2v2h1.5V2a.5.5 0 0 1 .5-.5h2V0H2Zm2 10.5H2a.5.5 0 0 1-.5-.5V8H0v2a2 2 0 0 0 2 2h2v-1.5ZM8 12v-1.5h2a.5.5 0 0 0 .5-.5V8H12v2a2 2 0 0 1-2 2H8Zm2-12a2 2 0 0 1 2 2v2h-1.5V2a.5.5 0 0 0-.5-.5H8V0h2Z\" \/>\n\t\t\t<\/svg>\n\t\t<\/button><\/figure>\n<\/div>\n\n\n\n<div class=\"wp-block-column is-vertically-aligned-center is-layout-flow wp-block-column-is-layout-flow\">\n<h2 class=\"wp-block-heading alignwide\" style=\"letter-spacing:-0.02em\">Security and control<\/h2>\n\n\n\n<p>Dieser fixe Arm, der sicher am qmd\u00ae Therapiewagen befestigt wird, ist ideal f\u00fcr statische Behandlungen.<\/p>\n\n\n\n<p>Er umfasst einen Abstandshalter L sowie ein Handst\u00fcck mit manueller Sicherheitstaste, um h\u00f6chste Sicherheit und Kontrolle zu gew\u00e4hrleisten.<\/p>\n<\/div>\n<\/div>\n\n\n\n<div class=\"wp-block-group alignfull has-accent-2-background-color has-background has-global-padding is-layout-constrained wp-block-group-is-layout-constrained\" style=\"padding-top:var(--wp--preset--spacing--50);padding-bottom:var(--wp--preset--spacing--50)\">\n<h2 class=\"wp-block-heading has-text-align-center has-base-2-color has-text-color has-link-color wp-elements-6f1ab98bc73e5ac240168774c9a48043\">Fixed arm laser<\/h2>\n\n\n\n<h3 class=\"wp-block-heading has-text-align-center\">Experience more flexibility and precision in laser therapy with the qmd\u00ae fixed arm laser.<\/h3>\n<\/div>\n","protected":false},"excerpt":{"rendered":"<p>Fixed arm laser Flexibility and precision Optimise your laser therapies for a comfortable and precise application that will delight your patients and your practice. Security and control Dieser fixe Arm, der sicher am qmd\u00ae Therapiewagen befestigt wird, ist ideal f\u00fcr statische Behandlungen. Er umfasst einen Abstandshalter L sowie ein Handst\u00fcck mit manueller Sicherheitstaste, um h\u00f6chste [&hellip;]<\/p>\n","protected":false},"author":1,"featured_media":0,"parent":0,"menu_order":0,"comment_status":"closed","ping_status":"closed","template":"","meta":{"footnotes":""},"class_list":["post-2921","page","type-page","status-publish","hentry"],"_links":{"self":[{"href":"https:\/\/www.qmd-medicaldevice.com\/en\/wp-json\/wp\/v2\/pages\/2921"}],"collection":[{"href":"https:\/\/www.qmd-medicaldevice.com\/en\/wp-json\/wp\/v2\/pages"}],"about":[{"href":"https:\/\/www.qmd-medicaldevice.com\/en\/wp-json\/wp\/v2\/types\/page"}],"author":[{"embeddable":true,"href":"https:\/\/www.qmd-medicaldevice.com\/en\/wp-json\/wp\/v2\/users\/1"}],"replies":[{"embeddable":true,"href":"https:\/\/www.qmd-medicaldevice.com\/en\/wp-json\/wp\/v2\/comments?post=2921"}],"version-history":[{"count":2,"href":"https:\/\/www.qmd-medicaldevice.com\/en\/wp-json\/wp\/v2\/pages\/2921\/revisions"}],"predecessor-version":[{"id":3007,"href":"https:\/\/www.qmd-medicaldevice.com\/en\/wp-json\/wp\/v2\/pages\/2921\/revisions\/3007"}],"wp:attachment":[{"href":"https:\/\/www.qmd-medicaldevice.com\/en\/wp-json\/wp\/v2\/media?parent=2921"}],"curies":[{"name":"wp","href":"https:\/\/api.w.org\/{rel}","templated":true}]}}