{"id":2917,"date":"2024-10-03T14:49:00","date_gmt":"2024-10-03T12:49:00","guid":{"rendered":"https:\/\/www.qmd-medicaldevice.com\/?page_id=2917"},"modified":"2024-11-07T12:43:37","modified_gmt":"2024-11-07T11:43:37","slug":"eos-plus","status":"publish","type":"page","link":"https:\/\/www.qmd-medicaldevice.com\/en\/eos-plus\/","title":{"rendered":"eos plus"},"content":{"rendered":"\n<div class=\"wp-block-cover alignfull is-light ohneAbstandOben\" style=\"min-height:660px;aspect-ratio:unset;\"><span aria-hidden=\"true\" class=\"wp-block-cover__background has-background-dim-0 has-background-dim\" style=\"background-color:#978580\"><\/span><img loading=\"lazy\" decoding=\"async\" width=\"2048\" height=\"1365\" class=\"wp-block-cover__image-background wp-image-2246\" alt=\"\" src=\"https:\/\/www.qmd-medicaldevice.com\/wp-content\/uploads\/2024\/10\/p1255742.jpg\" data-object-fit=\"cover\" srcset=\"https:\/\/www.qmd-medicaldevice.com\/wp-content\/uploads\/2024\/10\/p1255742.jpg 2048w, https:\/\/www.qmd-medicaldevice.com\/wp-content\/uploads\/2024\/10\/p1255742-700x467.jpg 700w, https:\/\/www.qmd-medicaldevice.com\/wp-content\/uploads\/2024\/10\/p1255742-768x512.jpg 768w, https:\/\/www.qmd-medicaldevice.com\/wp-content\/uploads\/2024\/10\/p1255742-1400x933.jpg 1400w, https:\/\/www.qmd-medicaldevice.com\/wp-content\/uploads\/2024\/10\/p1255742-1536x1024.jpg 1536w\" sizes=\"(max-width: 2048px) 100vw, 2048px\" \/><div class=\"wp-block-cover__inner-container has-global-padding is-layout-constrained wp-block-cover-is-layout-constrained\">\n<p class=\"has-text-align-center has-large-font-size\"><\/p>\n<\/div><\/div>\n\n\n\n<h1 class=\"wp-block-heading has-text-align-center\">eos plus<\/h1>\n\n\n\n<h2 class=\"wp-block-heading has-text-align-center\">Compact power for targeted therapy<\/h2>\n\n\n\n<p class=\"has-text-align-center\">Der qmd\u00ae Eos Plus ist ein leistungsstarkes therapeutisches Laserger\u00e4t mit einer Wellenl\u00e4nge von 1064 nm und einer Leistung von 15 W. Diese Kombination erm\u00f6glicht schnellere und tiefere Behandlungen, ideal f\u00fcr gezielte therapeutische Anwendungen.<\/p>\n\n\n\n<div class=\"wp-block-columns is-layout-flex wp-container-core-columns-is-layout-1 wp-block-columns-is-layout-flex\">\n<div class=\"wp-block-column is-vertically-aligned-center is-layout-flow wp-block-column-is-layout-flow\">\n<h3 class=\"wp-block-heading\">Treatments<\/h3>\n\n\n\n<p>Among other things for the treatment of:<\/p>\n\n\n\n<ul class=\"wp-block-list\">\n<li>Rheumatoid arthritis<\/li>\n\n\n\n<li>Neck pain<\/li>\n\n\n\n<li>Joint pain<\/li>\n\n\n\n<li>Carpal tunnel syndrome<\/li>\n\n\n\n<li>Lumbalgia<\/li>\n\n\n\n<li>Osteoarthritis<\/li>\n<\/ul>\n\n\n\n<h3 class=\"wp-block-heading\">More about the<\/h3>\n\n\n\n<div class=\"wp-block-buttons is-layout-flex wp-block-buttons-is-layout-flex\">\n<div class=\"wp-block-button\"><a class=\"wp-block-button__link has-accent-3-background-color has-background wp-element-button\" href=\"https:\/\/www.qmd-medicaldevice.com\/en\/laser-therapy\/\">Laser therapy<\/a><\/div>\n<\/div>\n<\/div>\n\n\n\n<div class=\"wp-block-column is-vertically-aligned-center is-layout-flow wp-block-column-is-layout-flow\">\n<figure data-wp-context=\"{&quot;uploadedSrc&quot;:&quot;https:\\\/\\\/www.qmd-medicaldevice.com\\\/wp-content\\\/uploads\\\/2024\\\/10\\\/20230714115148-eos-plus-d3-0203.png&quot;,&quot;figureClassNames&quot;:&quot;wp-block-image aligncenter size-large is-resized&quot;,&quot;figureStyles&quot;:null,&quot;imgClassNames&quot;:&quot;wp-image-2244&quot;,&quot;imgStyles&quot;:&quot;width:624px;height:auto&quot;,&quot;targetWidth&quot;:1365,&quot;targetHeight&quot;:2048,&quot;scaleAttr&quot;:false,&quot;ariaLabel&quot;:&quot;Enlarge image&quot;,&quot;alt&quot;:&quot;&quot;}\" data-wp-interactive=\"core\/image\" class=\"wp-block-image aligncenter size-large is-resized wp-lightbox-container\"><img loading=\"lazy\" decoding=\"async\" width=\"933\" height=\"1400\" data-wp-init=\"callbacks.setButtonStyles\" data-wp-on-async--click=\"actions.showLightbox\" data-wp-on-async--load=\"callbacks.setButtonStyles\" data-wp-on-async-window--resize=\"callbacks.setButtonStyles\" src=\"https:\/\/www.qmd-medicaldevice.com\/wp-content\/uploads\/2024\/10\/20230714115148-eos-plus-d3-0203-933x1400.png\" alt=\"\" class=\"wp-image-2244\" style=\"width:624px;height:auto\" srcset=\"https:\/\/www.qmd-medicaldevice.com\/wp-content\/uploads\/2024\/10\/20230714115148-eos-plus-d3-0203-933x1400.png 933w, https:\/\/www.qmd-medicaldevice.com\/wp-content\/uploads\/2024\/10\/20230714115148-eos-plus-d3-0203-467x700.png 467w, https:\/\/www.qmd-medicaldevice.com\/wp-content\/uploads\/2024\/10\/20230714115148-eos-plus-d3-0203-768x1152.png 768w, https:\/\/www.qmd-medicaldevice.com\/wp-content\/uploads\/2024\/10\/20230714115148-eos-plus-d3-0203-1024x1536.png 1024w, https:\/\/www.qmd-medicaldevice.com\/wp-content\/uploads\/2024\/10\/20230714115148-eos-plus-d3-0203.png 1365w\" sizes=\"(max-width: 933px) 100vw, 933px\" \/><button\n\t\t\tclass=\"lightbox-trigger\"\n\t\t\ttype=\"button\"\n\t\t\taria-haspopup=\"dialog\"\n\t\t\taria-label=\"Enlarge image\"\n\t\t\tdata-wp-init=\"callbacks.initTriggerButton\"\n\t\t\tdata-wp-on-async--click=\"actions.showLightbox\"\n\t\t\tdata-wp-style--right=\"context.imageButtonRight\"\n\t\t\tdata-wp-style--top=\"context.imageButtonTop\"\n\t\t>\n\t\t\t<svg xmlns=\"http:\/\/www.w3.org\/2000\/svg\" width=\"12\" height=\"12\" fill=\"none\" viewBox=\"0 0 12 12\">\n\t\t\t\t<path fill=\"#fff\" d=\"M2 0a2 2 0 0 0-2 2v2h1.5V2a.5.5 0 0 1 .5-.5h2V0H2Zm2 10.5H2a.5.5 0 0 1-.5-.5V8H0v2a2 2 0 0 0 2 2h2v-1.5ZM8 12v-1.5h2a.5.5 0 0 0 .5-.5V8H12v2a2 2 0 0 1-2 2H8Zm2-12a2 2 0 0 1 2 2v2h-1.5V2a.5.5 0 0 0-.5-.5H8V0h2Z\" \/>\n\t\t\t<\/svg>\n\t\t<\/button><\/figure>\n<\/div>\n<\/div>\n\n\n\n<div style=\"height:60px\" aria-hidden=\"true\" class=\"wp-block-spacer\"><\/div>\n\n\n\n<figure class=\"wp-block-gallery has-nested-images columns-default is-cropped wp-block-gallery-2 is-layout-flex wp-block-gallery-is-layout-flex\">\n<figure data-wp-context=\"{&quot;uploadedSrc&quot;:&quot;https:\\\/\\\/www.qmd-medicaldevice.com\\\/wp-content\\\/uploads\\\/2024\\\/10\\\/20230714172357-eos-plus-d3-0274.png&quot;,&quot;figureClassNames&quot;:&quot;wp-block-image size-large has-custom-border is-style-rounded wp-duotone-unset-1 is-style-rounded--38a64fdb68c60f9b7f19bf2011ec6c39&quot;,&quot;figureStyles&quot;:null,&quot;imgClassNames&quot;:&quot;has-border-color has-contrast-3-border-color wp-image-2265&quot;,&quot;imgStyles&quot;:&quot;border-width:1px&quot;,&quot;targetWidth&quot;:2048,&quot;targetHeight&quot;:1376,&quot;scaleAttr&quot;:false,&quot;ariaLabel&quot;:&quot;Enlarge image&quot;,&quot;alt&quot;:&quot;&quot;}\" data-wp-interactive=\"core\/image\" class=\"wp-block-image size-large has-custom-border is-style-rounded wp-duotone-unset-1 is-style-rounded--38a64fdb68c60f9b7f19bf2011ec6c39 wp-lightbox-container\"><img loading=\"lazy\" decoding=\"async\" width=\"1400\" height=\"941\" data-wp-init=\"callbacks.setButtonStyles\" data-wp-on-async--click=\"actions.showLightbox\" data-wp-on-async--load=\"callbacks.setButtonStyles\" data-wp-on-async-window--resize=\"callbacks.setButtonStyles\" data-id=\"2265\" src=\"https:\/\/www.qmd-medicaldevice.com\/wp-content\/uploads\/2024\/10\/20230714172357-eos-plus-d3-0274-1400x941.png\" alt=\"\" class=\"has-border-color has-contrast-3-border-color wp-image-2265\" style=\"border-width:1px\" srcset=\"https:\/\/www.qmd-medicaldevice.com\/wp-content\/uploads\/2024\/10\/20230714172357-eos-plus-d3-0274-1400x941.png 1400w, https:\/\/www.qmd-medicaldevice.com\/wp-content\/uploads\/2024\/10\/20230714172357-eos-plus-d3-0274-700x470.png 700w, https:\/\/www.qmd-medicaldevice.com\/wp-content\/uploads\/2024\/10\/20230714172357-eos-plus-d3-0274-768x516.png 768w, https:\/\/www.qmd-medicaldevice.com\/wp-content\/uploads\/2024\/10\/20230714172357-eos-plus-d3-0274-1536x1032.png 1536w, https:\/\/www.qmd-medicaldevice.com\/wp-content\/uploads\/2024\/10\/20230714172357-eos-plus-d3-0274.png 2048w\" sizes=\"(max-width: 1400px) 100vw, 1400px\" \/><button\n\t\t\tclass=\"lightbox-trigger\"\n\t\t\ttype=\"button\"\n\t\t\taria-haspopup=\"dialog\"\n\t\t\taria-label=\"Enlarge image\"\n\t\t\tdata-wp-init=\"callbacks.initTriggerButton\"\n\t\t\tdata-wp-on-async--click=\"actions.showLightbox\"\n\t\t\tdata-wp-style--right=\"context.imageButtonRight\"\n\t\t\tdata-wp-style--top=\"context.imageButtonTop\"\n\t\t>\n\t\t\t<svg xmlns=\"http:\/\/www.w3.org\/2000\/svg\" width=\"12\" height=\"12\" fill=\"none\" viewBox=\"0 0 12 12\">\n\t\t\t\t<path fill=\"#fff\" d=\"M2 0a2 2 0 0 0-2 2v2h1.5V2a.5.5 0 0 1 .5-.5h2V0H2Zm2 10.5H2a.5.5 0 0 1-.5-.5V8H0v2a2 2 0 0 0 2 2h2v-1.5ZM8 12v-1.5h2a.5.5 0 0 0 .5-.5V8H12v2a2 2 0 0 1-2 2H8Zm2-12a2 2 0 0 1 2 2v2h-1.5V2a.5.5 0 0 0-.5-.5H8V0h2Z\" \/>\n\t\t\t<\/svg>\n\t\t<\/button><\/figure>\n\n\n\n<figure data-wp-context=\"{&quot;uploadedSrc&quot;:&quot;https:\\\/\\\/www.qmd-medicaldevice.com\\\/wp-content\\\/uploads\\\/2024\\\/10\\\/p1255728.jpg&quot;,&quot;figureClassNames&quot;:&quot;wp-block-image size-large is-style-rounded is-style-rounded--642d7f4c0e5167e383d88bfba9111586&quot;,&quot;figureStyles&quot;:null,&quot;imgClassNames&quot;:&quot;wp-image-2234&quot;,&quot;imgStyles&quot;:null,&quot;targetWidth&quot;:2048,&quot;targetHeight&quot;:1365,&quot;scaleAttr&quot;:false,&quot;ariaLabel&quot;:&quot;Enlarge image&quot;,&quot;alt&quot;:&quot;&quot;}\" data-wp-interactive=\"core\/image\" class=\"wp-block-image size-large is-style-rounded is-style-rounded--642d7f4c0e5167e383d88bfba9111586 wp-lightbox-container\"><img loading=\"lazy\" decoding=\"async\" width=\"1400\" height=\"933\" data-wp-init=\"callbacks.setButtonStyles\" data-wp-on-async--click=\"actions.showLightbox\" data-wp-on-async--load=\"callbacks.setButtonStyles\" data-wp-on-async-window--resize=\"callbacks.setButtonStyles\" data-id=\"2234\" src=\"https:\/\/www.qmd-medicaldevice.com\/wp-content\/uploads\/2024\/10\/p1255728-1400x933.jpg\" alt=\"\" class=\"wp-image-2234\" srcset=\"https:\/\/www.qmd-medicaldevice.com\/wp-content\/uploads\/2024\/10\/p1255728-1400x933.jpg 1400w, https:\/\/www.qmd-medicaldevice.com\/wp-content\/uploads\/2024\/10\/p1255728.jpg 2048w, https:\/\/www.qmd-medicaldevice.com\/wp-content\/uploads\/2024\/10\/p1255728-700x467.jpg 700w, https:\/\/www.qmd-medicaldevice.com\/wp-content\/uploads\/2024\/10\/p1255728-768x512.jpg 768w, https:\/\/www.qmd-medicaldevice.com\/wp-content\/uploads\/2024\/10\/p1255728-1536x1024.jpg 1536w\" sizes=\"(max-width: 1400px) 100vw, 1400px\" \/><button\n\t\t\tclass=\"lightbox-trigger\"\n\t\t\ttype=\"button\"\n\t\t\taria-haspopup=\"dialog\"\n\t\t\taria-label=\"Enlarge image\"\n\t\t\tdata-wp-init=\"callbacks.initTriggerButton\"\n\t\t\tdata-wp-on-async--click=\"actions.showLightbox\"\n\t\t\tdata-wp-style--right=\"context.imageButtonRight\"\n\t\t\tdata-wp-style--top=\"context.imageButtonTop\"\n\t\t>\n\t\t\t<svg xmlns=\"http:\/\/www.w3.org\/2000\/svg\" width=\"12\" height=\"12\" fill=\"none\" viewBox=\"0 0 12 12\">\n\t\t\t\t<path fill=\"#fff\" d=\"M2 0a2 2 0 0 0-2 2v2h1.5V2a.5.5 0 0 1 .5-.5h2V0H2Zm2 10.5H2a.5.5 0 0 1-.5-.5V8H0v2a2 2 0 0 0 2 2h2v-1.5ZM8 12v-1.5h2a.5.5 0 0 0 .5-.5V8H12v2a2 2 0 0 1-2 2H8Zm2-12a2 2 0 0 1 2 2v2h-1.5V2a.5.5 0 0 0-.5-.5H8V0h2Z\" \/>\n\t\t\t<\/svg>\n\t\t<\/button><\/figure>\n<\/figure>\n\n\n\n<div class=\"wp-block-group alignfull has-accent-2-background-color has-background has-global-padding is-layout-constrained wp-block-group-is-layout-constrained\" style=\"padding-top:var(--wp--preset--spacing--50);padding-bottom:var(--wp--preset--spacing--50)\">\n<h2 class=\"wp-block-heading has-text-align-center has-base-2-color has-text-color has-link-color wp-elements-a4882da95bad1aa52049c3651de3cdde\">eos plus<\/h2>\n\n\n\n<h3 class=\"wp-block-heading has-text-align-center\">The qmd\u00ae eos plus combines compact size, high power and easy handling &#8211; perfect for effective and flexible laser therapy.<\/h3>\n<\/div>\n\n\n\n<div class=\"wp-block-group alignfull has-global-padding is-layout-constrained wp-block-group-is-layout-constrained\" style=\"margin-top:0;margin-bottom:0\">\n<div class=\"wp-block-group alignfull is-layout-flow wp-block-group-is-layout-flow\" style=\"margin-top:0;padding-top:0;padding-right:0;padding-bottom:0;padding-left:0\">\n<div class=\"wp-block-columns mobileSpaltenInvertieren is-layout-flex wp-container-core-columns-is-layout-2 wp-block-columns-is-layout-flex\" style=\"margin-top:0;margin-bottom:0;padding-top:0;padding-right:0;padding-bottom:0;padding-left:0\">\n<div class=\"wp-block-column is-layout-flow wp-block-column-is-layout-flow\">\n<div class=\"wp-block-group has-global-padding is-layout-constrained wp-container-core-group-is-layout-2 wp-block-group-is-layout-constrained\" style=\"padding-top:var(--wp--preset--spacing--50);padding-right:var(--wp--preset--spacing--50);padding-bottom:var(--wp--preset--spacing--50);padding-left:var(--wp--preset--spacing--50)\">\n<h2 class=\"wp-block-heading\">Flexible and user-friendly<\/h2>\n\n\n\n<p>The device is supplied with a practical therapy trolley that offers flexible application options in your practice. The 10.1\u2019 colour touchscreen has a user-friendly design and makes it easy to operate the intuitive software. You can choose between different therapy programmes, depending on the desired effect, treatment zone or your individual requirements.<\/p>\n<\/div>\n<\/div>\n\n\n\n<div class=\"wp-block-column is-layout-flow wp-block-column-is-layout-flow\">\n<div class=\"wp-block-cover\" style=\"min-height:100%;aspect-ratio:unset;\"><span aria-hidden=\"true\" class=\"wp-block-cover__background has-accent-3-background-color has-background-dim-100 has-background-dim\"><\/span><div class=\"wp-block-cover__inner-container is-layout-flow wp-block-cover-is-layout-flow\">\n<p class=\"has-text-align-center has-xx-large-font-size\">intuitive<\/p>\n<\/div><\/div>\n<\/div>\n<\/div>\n<\/div>\n\n\n\n<div class=\"wp-block-group alignfull is-layout-flow wp-block-group-is-layout-flow\" style=\"margin-top:0;padding-top:0;padding-right:0;padding-bottom:0;padding-left:0\">\n<div class=\"wp-block-columns is-layout-flex wp-container-core-columns-is-layout-3 wp-block-columns-is-layout-flex\" style=\"padding-top:0;padding-right:0;padding-bottom:0;padding-left:0\">\n<div class=\"wp-block-column is-layout-flow wp-block-column-is-layout-flow\">\n<div class=\"wp-block-cover\" style=\"min-height:100%;aspect-ratio:unset;\"><span aria-hidden=\"true\" class=\"wp-block-cover__background has-accent-3-background-color has-background-dim-100 has-background-dim\"><\/span><div class=\"wp-block-cover__inner-container is-layout-flow wp-block-cover-is-layout-flow\">\n<p class=\"has-text-align-center has-xx-large-font-size\">flexible<\/p>\n<\/div><\/div>\n<\/div>\n\n\n\n<div class=\"wp-block-column is-layout-flow wp-block-column-is-layout-flow\">\n<div class=\"wp-block-group has-global-padding is-layout-constrained wp-container-core-group-is-layout-4 wp-block-group-is-layout-constrained\" style=\"padding-top:var(--wp--preset--spacing--50);padding-right:var(--wp--preset--spacing--50);padding-bottom:var(--wp--preset--spacing--50);padding-left:var(--wp--preset--spacing--50)\">\n<h2 class=\"wp-block-heading\">Operating modes<\/h2>\n\n\n\n<p>Various modulation modes are available depending on requirements: continuous, pulsed or super-pulsed. In addition, the exclusive qmd\u00ae harmonic pulsation offers even more precise customisation options for treatment.<\/p>\n<\/div>\n<\/div>\n<\/div>\n<\/div>\n\n\n\n<div class=\"wp-block-group alignfull is-layout-flow wp-block-group-is-layout-flow\" style=\"margin-top:0;padding-top:0;padding-right:0;padding-bottom:0;padding-left:0\">\n<div class=\"wp-block-columns is-layout-flex wp-container-core-columns-is-layout-4 wp-block-columns-is-layout-flex\" style=\"margin-top:0;margin-bottom:0;padding-top:0;padding-right:0;padding-bottom:0;padding-left:0\">\n<div class=\"wp-block-column mobileSpaltenInvertieren is-layout-flow wp-block-column-is-layout-flow\">\n<div class=\"wp-block-group has-global-padding is-layout-constrained wp-container-core-group-is-layout-6 wp-block-group-is-layout-constrained\" style=\"padding-top:var(--wp--preset--spacing--50);padding-right:var(--wp--preset--spacing--50);padding-bottom:var(--wp--preset--spacing--50);padding-left:var(--wp--preset--spacing--50)\">\n<h2 class=\"wp-block-heading\">Connections<\/h2>\n\n\n\n<p>Thanks to the USB ports, remote support and software updates can be carried out easily without having to remove the device from the practice.<\/p>\n<\/div>\n<\/div>\n\n\n\n<div class=\"wp-block-column is-layout-flow wp-block-column-is-layout-flow\">\n<div class=\"wp-block-cover\" style=\"min-height:100%;aspect-ratio:unset;\"><span aria-hidden=\"true\" class=\"wp-block-cover__background has-accent-3-background-color has-background-dim-100 has-background-dim\"><\/span><div class=\"wp-block-cover__inner-container is-layout-flow wp-block-cover-is-layout-flow\">\n<p class=\"has-text-align-center has-xx-large-font-size\">connective<\/p>\n<\/div><\/div>\n<\/div>\n<\/div>\n<\/div>\n<\/div>\n\n\n\n<div class=\"wp-block-group alignfull has-accent-2-background-color has-background has-global-padding is-layout-constrained wp-block-group-is-layout-constrained\" style=\"margin-top:0;margin-bottom:0;padding-top:var(--wp--preset--spacing--50);padding-bottom:var(--wp--preset--spacing--50)\"><\/div>\n","protected":false},"excerpt":{"rendered":"<p>eos plus Compact power for targeted therapy Der qmd\u00ae Eos Plus ist ein leistungsstarkes therapeutisches Laserger\u00e4t mit einer Wellenl\u00e4nge von 1064 nm und einer Leistung von 15 W. Diese Kombination erm\u00f6glicht schnellere und tiefere Behandlungen, ideal f\u00fcr gezielte therapeutische Anwendungen. Treatments Among other things for the treatment of: More about the eos plus The qmd\u00ae [&hellip;]<\/p>\n","protected":false},"author":1,"featured_media":0,"parent":0,"menu_order":0,"comment_status":"closed","ping_status":"closed","template":"","meta":{"footnotes":""},"class_list":["post-2917","page","type-page","status-publish","hentry"],"_links":{"self":[{"href":"https:\/\/www.qmd-medicaldevice.com\/en\/wp-json\/wp\/v2\/pages\/2917"}],"collection":[{"href":"https:\/\/www.qmd-medicaldevice.com\/en\/wp-json\/wp\/v2\/pages"}],"about":[{"href":"https:\/\/www.qmd-medicaldevice.com\/en\/wp-json\/wp\/v2\/types\/page"}],"author":[{"embeddable":true,"href":"https:\/\/www.qmd-medicaldevice.com\/en\/wp-json\/wp\/v2\/users\/1"}],"replies":[{"embeddable":true,"href":"https:\/\/www.qmd-medicaldevice.com\/en\/wp-json\/wp\/v2\/comments?post=2917"}],"version-history":[{"count":3,"href":"https:\/\/www.qmd-medicaldevice.com\/en\/wp-json\/wp\/v2\/pages\/2917\/revisions"}],"predecessor-version":[{"id":3004,"href":"https:\/\/www.qmd-medicaldevice.com\/en\/wp-json\/wp\/v2\/pages\/2917\/revisions\/3004"}],"wp:attachment":[{"href":"https:\/\/www.qmd-medicaldevice.com\/en\/wp-json\/wp\/v2\/media?parent=2917"}],"curies":[{"name":"wp","href":"https:\/\/api.w.org\/{rel}","templated":true}]}}