{"id":2626,"date":"2024-11-06T08:21:52","date_gmt":"2024-11-06T07:21:52","guid":{"rendered":"https:\/\/www.qmd-medicaldevice.com\/?page_id=2626"},"modified":"2024-11-06T08:26:03","modified_gmt":"2024-11-06T07:26:03","slug":"geraete","status":"publish","type":"page","link":"https:\/\/www.qmd-medicaldevice.com\/de\/geraete\/","title":{"rendered":"Ger\u00e4te"},"content":{"rendered":"\n<div class=\"wp-block-cover alignfull is-light ohneAbstandOben wp-duotone-a4a4a4-ffffff-1\"><span aria-hidden=\"true\" class=\"wp-block-cover__background has-background-dim-20 has-background-dim\" style=\"background-color:#FFF\"><\/span><img loading=\"lazy\" decoding=\"async\" width=\"2048\" height=\"1365\" class=\"wp-block-cover__image-background wp-image-2234\" alt=\"\" src=\"https:\/\/www.qmd-medicaldevice.com\/wp-content\/uploads\/2024\/10\/p1255728.jpg\" data-object-fit=\"cover\" srcset=\"https:\/\/www.qmd-medicaldevice.com\/wp-content\/uploads\/2024\/10\/p1255728.jpg 2048w, https:\/\/www.qmd-medicaldevice.com\/wp-content\/uploads\/2024\/10\/p1255728-700x467.jpg 700w, https:\/\/www.qmd-medicaldevice.com\/wp-content\/uploads\/2024\/10\/p1255728-768x512.jpg 768w, https:\/\/www.qmd-medicaldevice.com\/wp-content\/uploads\/2024\/10\/p1255728-1400x933.jpg 1400w, https:\/\/www.qmd-medicaldevice.com\/wp-content\/uploads\/2024\/10\/p1255728-1536x1024.jpg 1536w\" sizes=\"(max-width: 2048px) 100vw, 2048px\" \/><div class=\"wp-block-cover__inner-container has-global-padding is-layout-constrained wp-block-cover-is-layout-constrained\">\n<p class=\"has-text-align-center has-large-font-size\"><\/p>\n<\/div><\/div>\n\n\n\n<h1 class=\"wp-block-heading has-text-align-center\" id=\"start\">Ger\u00e4te<\/h1>\n\n\n\n<h2 class=\"wp-block-heading has-text-align-center\" id=\"product\">Qualifiziertes Know-how<br>f\u00fcr professionelle Ger\u00e4te<\/h2>\n\n\n\n<p class=\"has-text-align-center\">Modernste Technik, hochwertige Materialien und anspruchsvolles Design auf h\u00f6chstem Niveau zeichnen unsere Produkte aus. Zudem \u00fcberzeugen sie durch hohe Anwenderfreundlichkeit.<\/p>\n\n\n\n<div class=\"wp-block-columns is-layout-flex wp-container-core-columns-is-layout-1 wp-block-columns-is-layout-flex\">\n<div class=\"wp-block-column is-layout-flow wp-block-column-is-layout-flow\"><a href=\"https:\/\/www.qmd-medicaldevice.com\/helios\/\"    class=\"effect-2 wp-block-tiptip-hyperlink-group-block\" >\n<div class=\"wp-block-cover\"><span aria-hidden=\"true\" class=\"wp-block-cover__background has-background-dim\"><\/span><img loading=\"lazy\" decoding=\"async\" width=\"1365\" height=\"2048\" class=\"wp-block-cover__image-background wp-image-2141\" alt=\"\" src=\"https:\/\/www.qmd-medicaldevice.com\/wp-content\/uploads\/2024\/10\/20230714115148-helios-d3-0203.png\" style=\"object-position:50% 50%\" data-object-fit=\"cover\" data-object-position=\"50% 50%\" srcset=\"https:\/\/www.qmd-medicaldevice.com\/wp-content\/uploads\/2024\/10\/20230714115148-helios-d3-0203.png 1365w, https:\/\/www.qmd-medicaldevice.com\/wp-content\/uploads\/2024\/10\/20230714115148-helios-d3-0203-467x700.png 467w, https:\/\/www.qmd-medicaldevice.com\/wp-content\/uploads\/2024\/10\/20230714115148-helios-d3-0203-933x1400.png 933w, https:\/\/www.qmd-medicaldevice.com\/wp-content\/uploads\/2024\/10\/20230714115148-helios-d3-0203-768x1152.png 768w, https:\/\/www.qmd-medicaldevice.com\/wp-content\/uploads\/2024\/10\/20230714115148-helios-d3-0203-1024x1536.png 1024w\" sizes=\"(max-width: 1365px) 100vw, 1365px\" \/><div class=\"wp-block-cover__inner-container has-global-padding is-layout-constrained wp-block-cover-is-layout-constrained\">\n<p class=\"has-text-align-center has-large-font-size\">helios<\/p>\n\n\n\n<p class=\"has-text-align-center\">Laser-Therapie<\/p>\n\n\n\n<div class=\"wp-block-buttons is-content-justification-center is-layout-flex wp-container-core-buttons-is-layout-2 wp-block-buttons-is-layout-flex\">\n\n<div class=\"wp-block-button\"><span class=\"wp-block-button__link has-text-align-center wp-element-button\">Zum Ger\u00e4t<\/span><\/div>\n\n<\/div>\n<\/div><\/div>\n<\/a><\/div>\n\n\n\n<div class=\"wp-block-column is-layout-flow wp-block-column-is-layout-flow\"><a href=\"https:\/\/www.qmd-medicaldevice.com\/ares\/\"    class=\"effect-2 wp-block-tiptip-hyperlink-group-block\" >\n<div class=\"wp-block-cover\"><span aria-hidden=\"true\" class=\"wp-block-cover__background has-background-dim\"><\/span><img loading=\"lazy\" decoding=\"async\" width=\"1365\" height=\"2048\" class=\"wp-block-cover__image-background wp-image-2233\" alt=\"\" src=\"https:\/\/www.qmd-medicaldevice.com\/wp-content\/uploads\/2024\/10\/20230714115148-ares-d3-0204.png\" data-object-fit=\"cover\" srcset=\"https:\/\/www.qmd-medicaldevice.com\/wp-content\/uploads\/2024\/10\/20230714115148-ares-d3-0204.png 1365w, https:\/\/www.qmd-medicaldevice.com\/wp-content\/uploads\/2024\/10\/20230714115148-ares-d3-0204-467x700.png 467w, https:\/\/www.qmd-medicaldevice.com\/wp-content\/uploads\/2024\/10\/20230714115148-ares-d3-0204-933x1400.png 933w, https:\/\/www.qmd-medicaldevice.com\/wp-content\/uploads\/2024\/10\/20230714115148-ares-d3-0204-768x1152.png 768w, https:\/\/www.qmd-medicaldevice.com\/wp-content\/uploads\/2024\/10\/20230714115148-ares-d3-0204-1024x1536.png 1024w\" sizes=\"(max-width: 1365px) 100vw, 1365px\" \/><div class=\"wp-block-cover__inner-container has-global-padding is-layout-constrained wp-block-cover-is-layout-constrained\">\n<p class=\"has-text-align-center has-large-font-size\">ares<\/p>\n\n\n\n<p class=\"has-text-align-center\">Laser-Therapie<\/p>\n\n\n\n<div class=\"wp-block-buttons is-content-justification-center is-layout-flex wp-container-core-buttons-is-layout-4 wp-block-buttons-is-layout-flex\">\n\n<div class=\"wp-block-button\"><span class=\"wp-block-button__link has-text-align-center wp-element-button\">Zum Ger\u00e4t<\/span><\/div>\n\n<\/div>\n<\/div><\/div>\n<\/a><\/div>\n\n\n\n<div class=\"wp-block-column is-layout-flow wp-block-column-is-layout-flow\"><a href=\"https:\/\/www.qmd-medicaldevice.com\/eos-plus\/\"    class=\"effect-2 wp-block-tiptip-hyperlink-group-block\" >\n<div class=\"wp-block-cover\"><span aria-hidden=\"true\" class=\"wp-block-cover__background has-background-dim\"><\/span><img loading=\"lazy\" decoding=\"async\" width=\"1365\" height=\"2048\" class=\"wp-block-cover__image-background wp-image-2244\" alt=\"\" src=\"https:\/\/www.qmd-medicaldevice.com\/wp-content\/uploads\/2024\/10\/20230714115148-eos-plus-d3-0203.png\" data-object-fit=\"cover\" srcset=\"https:\/\/www.qmd-medicaldevice.com\/wp-content\/uploads\/2024\/10\/20230714115148-eos-plus-d3-0203.png 1365w, https:\/\/www.qmd-medicaldevice.com\/wp-content\/uploads\/2024\/10\/20230714115148-eos-plus-d3-0203-467x700.png 467w, https:\/\/www.qmd-medicaldevice.com\/wp-content\/uploads\/2024\/10\/20230714115148-eos-plus-d3-0203-933x1400.png 933w, https:\/\/www.qmd-medicaldevice.com\/wp-content\/uploads\/2024\/10\/20230714115148-eos-plus-d3-0203-768x1152.png 768w, https:\/\/www.qmd-medicaldevice.com\/wp-content\/uploads\/2024\/10\/20230714115148-eos-plus-d3-0203-1024x1536.png 1024w\" sizes=\"(max-width: 1365px) 100vw, 1365px\" \/><div class=\"wp-block-cover__inner-container has-global-padding is-layout-constrained wp-block-cover-is-layout-constrained\">\n<p class=\"has-text-align-center has-large-font-size\">eos plus<\/p>\n\n\n\n<p class=\"has-text-align-center\">Laser-Therapie<\/p>\n\n\n\n<div class=\"wp-block-buttons is-content-justification-center is-layout-flex wp-container-core-buttons-is-layout-6 wp-block-buttons-is-layout-flex\">\n\n<div class=\"wp-block-button\"><span class=\"wp-block-button__link has-text-align-center wp-element-button\">Zum Ger\u00e4t<\/span><\/div>\n\n<\/div>\n<\/div><\/div>\n<\/a><\/div>\n<\/div>\n\n\n\n<div class=\"wp-block-columns is-layout-flex wp-container-core-columns-is-layout-2 wp-block-columns-is-layout-flex\">\n<div class=\"wp-block-column is-layout-flow wp-block-column-is-layout-flow\"><a href=\"https:\/\/www.qmd-medicaldevice.com\/eos\/\"    class=\"effect-2 wp-block-tiptip-hyperlink-group-block\" >\n<div class=\"wp-block-cover\"><span aria-hidden=\"true\" class=\"wp-block-cover__background has-background-dim\"><\/span><img loading=\"lazy\" decoding=\"async\" width=\"1365\" height=\"2048\" class=\"wp-block-cover__image-background wp-image-2260\" alt=\"\" src=\"https:\/\/www.qmd-medicaldevice.com\/wp-content\/uploads\/2024\/10\/20230714115148-eos-d3-0204.png\" data-object-fit=\"cover\" srcset=\"https:\/\/www.qmd-medicaldevice.com\/wp-content\/uploads\/2024\/10\/20230714115148-eos-d3-0204.png 1365w, https:\/\/www.qmd-medicaldevice.com\/wp-content\/uploads\/2024\/10\/20230714115148-eos-d3-0204-467x700.png 467w, https:\/\/www.qmd-medicaldevice.com\/wp-content\/uploads\/2024\/10\/20230714115148-eos-d3-0204-933x1400.png 933w, https:\/\/www.qmd-medicaldevice.com\/wp-content\/uploads\/2024\/10\/20230714115148-eos-d3-0204-768x1152.png 768w, https:\/\/www.qmd-medicaldevice.com\/wp-content\/uploads\/2024\/10\/20230714115148-eos-d3-0204-1024x1536.png 1024w\" sizes=\"(max-width: 1365px) 100vw, 1365px\" \/><div class=\"wp-block-cover__inner-container has-global-padding is-layout-constrained wp-block-cover-is-layout-constrained\">\n<p class=\"has-text-align-center has-large-font-size\">eos<\/p>\n\n\n\n<p class=\"has-text-align-center\">Laser-Therapie<\/p>\n\n\n\n<div class=\"wp-block-buttons is-content-justification-center is-layout-flex wp-container-core-buttons-is-layout-8 wp-block-buttons-is-layout-flex\">\n\n<div class=\"wp-block-button\"><span class=\"wp-block-button__link has-text-align-center wp-element-button\">Zum Ger\u00e4t<\/span><\/div>\n\n<\/div>\n<\/div><\/div>\n<\/a><\/div>\n\n\n\n<div class=\"wp-block-column is-layout-flow wp-block-column-is-layout-flow\"><a href=\"https:\/\/www.qmd-medicaldevice.com\/cryo-thermal\/\"    class=\"effect-2 wp-block-tiptip-hyperlink-group-block\" >\n<div class=\"wp-block-cover\"><span aria-hidden=\"true\" class=\"wp-block-cover__background has-background-dim\"><\/span><img decoding=\"async\" class=\"wp-block-cover__image-background wp-image-2133\" alt=\"\" src=\"https:\/\/www.qmd-medicaldevice.com\/wp-content\/uploads\/2024\/11\/platzhalter.jpg\" data-object-fit=\"cover\"\/><div class=\"wp-block-cover__inner-container has-global-padding is-layout-constrained wp-block-cover-is-layout-constrained\">\n<p class=\"has-text-align-center has-large-font-size\">cryo-thermal<\/p>\n\n\n\n<p class=\"has-text-align-center\">Kryo-Thermo-Therapie<\/p>\n\n\n\n<div class=\"wp-block-buttons is-content-justification-center is-layout-flex wp-container-core-buttons-is-layout-10 wp-block-buttons-is-layout-flex\">\n\n<div class=\"wp-block-button\"><span class=\"wp-block-button__link has-text-align-center wp-element-button\">Zum Ger\u00e4t<\/span><\/div>\n\n<\/div>\n<\/div><\/div>\n<\/a><\/div>\n\n\n\n<div class=\"wp-block-column is-layout-flow wp-block-column-is-layout-flow\"><a href=\"https:\/\/www.qmd-medicaldevice.com\/cryo-thermal-pt\/\"    class=\"effect-2 wp-block-tiptip-hyperlink-group-block\" >\n<div class=\"wp-block-cover wp-duotone-duotone-2\"><span aria-hidden=\"true\" class=\"wp-block-cover__background has-background-dim\"><\/span><img decoding=\"async\" class=\"wp-block-cover__image-background wp-image-2133\" alt=\"\" src=\"https:\/\/www.qmd-medicaldevice.com\/wp-content\/uploads\/2024\/11\/platzhalter.jpg\" data-object-fit=\"cover\"\/><div class=\"wp-block-cover__inner-container has-global-padding is-layout-constrained wp-block-cover-is-layout-constrained\">\n<p class=\"has-text-align-center has-large-font-size\">cryo-thermal PT<\/p>\n\n\n\n<p class=\"has-text-align-center\">Kryo-Thermo-Therapie<\/p>\n\n\n\n<div class=\"wp-block-buttons is-content-justification-center is-layout-flex wp-container-core-buttons-is-layout-12 wp-block-buttons-is-layout-flex\">\n\n<div class=\"wp-block-button\"><span class=\"wp-block-button__link has-text-align-center wp-element-button\">Zum Ger\u00e4t<\/span><\/div>\n\n<\/div>\n<\/div><\/div>\n<\/a><\/div>\n<\/div>\n\n\n\n<div class=\"wp-block-columns is-layout-flex wp-container-core-columns-is-layout-3 wp-block-columns-is-layout-flex\">\n<div class=\"wp-block-column is-layout-flow wp-block-column-is-layout-flow\"><a href=\"https:\/\/www.qmd-medicaldevice.com\/cryo-thermal-nur-modul\/\"    class=\"effect-2 wp-block-tiptip-hyperlink-group-block\" >\n<div class=\"wp-block-cover\"><span aria-hidden=\"true\" class=\"wp-block-cover__background has-background-dim\"><\/span><img decoding=\"async\" class=\"wp-block-cover__image-background wp-image-2133\" alt=\"\" src=\"https:\/\/www.qmd-medicaldevice.com\/wp-content\/uploads\/2024\/11\/platzhalter.jpg\" data-object-fit=\"cover\"\/><div class=\"wp-block-cover__inner-container has-global-padding is-layout-constrained wp-block-cover-is-layout-constrained\">\n<p class=\"has-text-align-center has-large-font-size\">cryo-thermal nur Modul<\/p>\n\n\n\n<p class=\"has-text-align-center\">Kryo-Thermo-Therapie<\/p>\n\n\n\n<div class=\"wp-block-buttons is-content-justification-center is-layout-flex wp-container-core-buttons-is-layout-14 wp-block-buttons-is-layout-flex\">\n\n<div class=\"wp-block-button\"><span class=\"wp-block-button__link has-text-align-center wp-element-button\">Zum Ger\u00e4t<\/span><\/div>\n\n<\/div>\n<\/div><\/div>\n<\/a><\/div>\n\n\n\n<div class=\"wp-block-column is-layout-flow wp-block-column-is-layout-flow\"><a href=\"https:\/\/www.qmd-medicaldevice.com\/cryo-thermal-aesthetics\/\"    class=\"effect-2 wp-block-tiptip-hyperlink-group-block\" >\n<div class=\"wp-block-cover\"><span aria-hidden=\"true\" class=\"wp-block-cover__background has-background-dim\"><\/span><img decoding=\"async\" class=\"wp-block-cover__image-background wp-image-2133\" alt=\"\" src=\"https:\/\/www.qmd-medicaldevice.com\/wp-content\/uploads\/2024\/11\/platzhalter.jpg\" data-object-fit=\"cover\"\/><div class=\"wp-block-cover__inner-container has-global-padding is-layout-constrained wp-block-cover-is-layout-constrained\">\n<p class=\"has-text-align-center has-large-font-size\">cryo-thermal aesthetics<\/p>\n\n\n\n<p class=\"has-text-align-center\">Kryo-Thermo-Therapie<\/p>\n\n\n\n<div class=\"wp-block-buttons is-content-justification-center is-layout-flex wp-container-core-buttons-is-layout-16 wp-block-buttons-is-layout-flex\">\n\n<div class=\"wp-block-button\"><span class=\"wp-block-button__link has-text-align-center wp-element-button\">Zum Ger\u00e4t<\/span><\/div>\n\n<\/div>\n<\/div><\/div>\n<\/a><\/div>\n\n\n\n<div class=\"wp-block-column is-layout-flow wp-block-column-is-layout-flow\"><a href=\"https:\/\/www.qmd-medicaldevice.com\/helios-cryo-thermal\/\"    class=\"effect-2 wp-block-tiptip-hyperlink-group-block\" >\n<div class=\"wp-block-cover\"><span aria-hidden=\"true\" class=\"wp-block-cover__background has-background-dim\"><\/span><img decoding=\"async\" class=\"wp-block-cover__image-background wp-image-2133\" alt=\"\" src=\"https:\/\/www.qmd-medicaldevice.com\/wp-content\/uploads\/2024\/11\/platzhalter.jpg\" data-object-fit=\"cover\"\/><div class=\"wp-block-cover__inner-container has-global-padding is-layout-constrained wp-block-cover-is-layout-constrained\">\n<p class=\"has-text-align-center has-large-font-size\">helios cryo-thermal<\/p>\n\n\n\n<p class=\"has-text-align-center\">Laser Kryo-Thermo-Therapie<\/p>\n\n\n\n<div class=\"wp-block-buttons is-content-justification-center is-layout-flex wp-container-core-buttons-is-layout-18 wp-block-buttons-is-layout-flex\">\n\n<div class=\"wp-block-button\"><span class=\"wp-block-button__link has-text-align-center wp-element-button\">Zum Ger\u00e4t<\/span><\/div>\n\n<\/div>\n<\/div><\/div>\n<\/a><\/div>\n<\/div>\n\n\n\n<div class=\"wp-block-columns is-layout-flex wp-container-core-columns-is-layout-4 wp-block-columns-is-layout-flex\">\n<div class=\"wp-block-column is-layout-flow wp-block-column-is-layout-flow\"><a href=\"https:\/\/www.qmd-medicaldevice.com\/ares-cryo-thermal\/\"    class=\"effect-2 wp-block-tiptip-hyperlink-group-block\" >\n<div class=\"wp-block-cover\"><span aria-hidden=\"true\" class=\"wp-block-cover__background has-background-dim\"><\/span><img decoding=\"async\" class=\"wp-block-cover__image-background wp-image-2133\" alt=\"\" src=\"https:\/\/www.qmd-medicaldevice.com\/wp-content\/uploads\/2024\/11\/platzhalter.jpg\" data-object-fit=\"cover\"\/><div class=\"wp-block-cover__inner-container has-global-padding is-layout-constrained wp-block-cover-is-layout-constrained\">\n<p class=\"has-text-align-center has-large-font-size\">ares cryo-thermal<\/p>\n\n\n\n<p class=\"has-text-align-center\">Laser Kryo-Thermo-Therapie<\/p>\n\n\n\n<div class=\"wp-block-buttons is-content-justification-center is-layout-flex wp-container-core-buttons-is-layout-20 wp-block-buttons-is-layout-flex\">\n\n<div class=\"wp-block-button\"><span class=\"wp-block-button__link has-text-align-center wp-element-button\">Zum Ger\u00e4t<\/span><\/div>\n\n<\/div>\n<\/div><\/div>\n<\/a><\/div>\n\n\n\n<div class=\"wp-block-column is-layout-flow wp-block-column-is-layout-flow\"><a href=\"https:\/\/www.qmd-medicaldevice.com\/eos-plus-cryo-thermal\/\"    class=\"effect-2 wp-block-tiptip-hyperlink-group-block\" >\n<div class=\"wp-block-cover\"><span aria-hidden=\"true\" class=\"wp-block-cover__background has-background-dim\"><\/span><img decoding=\"async\" class=\"wp-block-cover__image-background wp-image-2133\" alt=\"\" src=\"https:\/\/www.qmd-medicaldevice.com\/wp-content\/uploads\/2024\/11\/platzhalter.jpg\" data-object-fit=\"cover\"\/><div class=\"wp-block-cover__inner-container has-global-padding is-layout-constrained wp-block-cover-is-layout-constrained\">\n<p class=\"has-text-align-center has-large-font-size\">eos plus cryo-thermal<\/p>\n\n\n\n<p class=\"has-text-align-center\">Laser Kryo-Thermo-Therapie<\/p>\n\n\n\n<div class=\"wp-block-buttons is-content-justification-center is-layout-flex wp-container-core-buttons-is-layout-22 wp-block-buttons-is-layout-flex\">\n\n<div class=\"wp-block-button\"><span class=\"wp-block-button__link has-text-align-center wp-element-button\">Zum Ger\u00e4t<\/span><\/div>\n\n<\/div>\n<\/div><\/div>\n<\/a><\/div>\n\n\n\n<div class=\"wp-block-column is-layout-flow wp-block-column-is-layout-flow\"><a href=\"https:\/\/www.qmd-medicaldevice.com\/eos-cryo-thermal\/\"    class=\"effect-2 wp-block-tiptip-hyperlink-group-block\" >\n<div class=\"wp-block-cover\"><span aria-hidden=\"true\" class=\"wp-block-cover__background has-background-dim\"><\/span><img decoding=\"async\" class=\"wp-block-cover__image-background wp-image-2133\" alt=\"\" src=\"https:\/\/www.qmd-medicaldevice.com\/wp-content\/uploads\/2024\/11\/platzhalter.jpg\" data-object-fit=\"cover\"\/><div class=\"wp-block-cover__inner-container has-global-padding is-layout-constrained wp-block-cover-is-layout-constrained\">\n<p class=\"has-text-align-center has-large-font-size\">eos cryo-thermal<\/p>\n\n\n\n<p class=\"has-text-align-center\">Laser Kryo-Thermo-Therapie<\/p>\n\n\n\n<div class=\"wp-block-buttons is-content-justification-center is-layout-flex wp-container-core-buttons-is-layout-24 wp-block-buttons-is-layout-flex\">\n\n<div class=\"wp-block-button\"><span class=\"wp-block-button__link has-text-align-center wp-element-button\">Zum Ger\u00e4t<\/span><\/div>\n\n<\/div>\n<\/div><\/div>\n<\/a><\/div>\n<\/div>\n\n\n\n<div class=\"wp-block-columns is-layout-flex wp-container-core-columns-is-layout-5 wp-block-columns-is-layout-flex\">\n<div class=\"wp-block-column is-layout-flow wp-block-column-is-layout-flow\"><a href=\"https:\/\/www.qmd-medicaldevice.com\/ultrasound-cryo-thermal\/\"    class=\"effect-2 wp-block-tiptip-hyperlink-group-block\" >\n<div class=\"wp-block-cover\"><span aria-hidden=\"true\" class=\"wp-block-cover__background has-background-dim\"><\/span><img loading=\"lazy\" decoding=\"async\" width=\"1365\" height=\"2048\" class=\"wp-block-cover__image-background wp-image-2425\" alt=\"\" src=\"https:\/\/www.qmd-medicaldevice.com\/wp-content\/uploads\/2024\/10\/20230714142246-ultrasound-cryo-thermal-d3-0251.png\" data-object-fit=\"cover\" srcset=\"https:\/\/www.qmd-medicaldevice.com\/wp-content\/uploads\/2024\/10\/20230714142246-ultrasound-cryo-thermal-d3-0251.png 1365w, https:\/\/www.qmd-medicaldevice.com\/wp-content\/uploads\/2024\/10\/20230714142246-ultrasound-cryo-thermal-d3-0251-467x700.png 467w, https:\/\/www.qmd-medicaldevice.com\/wp-content\/uploads\/2024\/10\/20230714142246-ultrasound-cryo-thermal-d3-0251-768x1152.png 768w, https:\/\/www.qmd-medicaldevice.com\/wp-content\/uploads\/2024\/10\/20230714142246-ultrasound-cryo-thermal-d3-0251-933x1400.png 933w, https:\/\/www.qmd-medicaldevice.com\/wp-content\/uploads\/2024\/10\/20230714142246-ultrasound-cryo-thermal-d3-0251-1024x1536.png 1024w\" sizes=\"(max-width: 1365px) 100vw, 1365px\" \/><div class=\"wp-block-cover__inner-container has-global-padding is-layout-constrained wp-block-cover-is-layout-constrained\">\n<p class=\"has-text-align-center has-large-font-size\">ultrasound cryo-thermal<\/p>\n\n\n\n<p class=\"has-text-align-center\">Ultraschall-Kryo-Thermo-Therapie<\/p>\n\n\n\n<div class=\"wp-block-buttons is-content-justification-center is-layout-flex wp-container-core-buttons-is-layout-26 wp-block-buttons-is-layout-flex\">\n\n<div class=\"wp-block-button\"><span class=\"wp-block-button__link has-text-align-center wp-element-button\">Zum Ger\u00e4t<\/span><\/div>\n\n<\/div>\n<\/div><\/div>\n<\/a><\/div>\n\n\n\n<div class=\"wp-block-column is-layout-flow wp-block-column-is-layout-flow\"><a href=\"https:\/\/www.qmd-medicaldevice.com\/zubehoer\/\"    class=\"effect-2 wp-block-tiptip-hyperlink-group-block\" >\n<div class=\"wp-block-cover\"><span aria-hidden=\"true\" class=\"wp-block-cover__background has-background-dim\"><\/span><img loading=\"lazy\" decoding=\"async\" width=\"1365\" height=\"2048\" class=\"wp-block-cover__image-background wp-image-2401\" alt=\"\" src=\"https:\/\/www.qmd-medicaldevice.com\/wp-content\/uploads\/2024\/10\/20230714135405-accessories-uebersicht.png\" data-object-fit=\"cover\" srcset=\"https:\/\/www.qmd-medicaldevice.com\/wp-content\/uploads\/2024\/10\/20230714135405-accessories-uebersicht.png 1365w, https:\/\/www.qmd-medicaldevice.com\/wp-content\/uploads\/2024\/10\/20230714135405-accessories-uebersicht-467x700.png 467w, https:\/\/www.qmd-medicaldevice.com\/wp-content\/uploads\/2024\/10\/20230714135405-accessories-uebersicht-768x1152.png 768w, https:\/\/www.qmd-medicaldevice.com\/wp-content\/uploads\/2024\/10\/20230714135405-accessories-uebersicht-933x1400.png 933w, https:\/\/www.qmd-medicaldevice.com\/wp-content\/uploads\/2024\/10\/20230714135405-accessories-uebersicht-1024x1536.png 1024w\" sizes=\"(max-width: 1365px) 100vw, 1365px\" \/><div class=\"wp-block-cover__inner-container has-global-padding is-layout-constrained wp-block-cover-is-layout-constrained\">\n<p class=\"has-text-align-center has-large-font-size\">Zubeh\u00f6r<\/p>\n\n\n\n<p class=\"has-text-align-center\">Optionals<\/p>\n\n\n\n<div class=\"wp-block-buttons is-content-justification-center is-layout-flex wp-container-core-buttons-is-layout-28 wp-block-buttons-is-layout-flex\">\n\n<div class=\"wp-block-button\"><span class=\"wp-block-button__link has-text-align-center wp-element-button\">Zum Zubeh\u00f6r<\/span><\/div>\n\n<\/div>\n<\/div><\/div>\n<\/a><\/div>\n\n\n\n<div class=\"wp-block-column is-layout-flow wp-block-column-is-layout-flow\"><\/div>\n<\/div>\n\n\n\n<div style=\"height:100px\" aria-hidden=\"true\" class=\"wp-block-spacer\"><\/div>\n","protected":false},"excerpt":{"rendered":"<p>Ger\u00e4te Qualifiziertes Know-howf\u00fcr professionelle Ger\u00e4te Modernste Technik, hochwertige Materialien und anspruchsvolles Design auf h\u00f6chstem Niveau zeichnen unsere Produkte aus. Zudem \u00fcberzeugen sie durch hohe Anwenderfreundlichkeit.<\/p>\n","protected":false},"author":1,"featured_media":0,"parent":0,"menu_order":0,"comment_status":"closed","ping_status":"closed","template":"","meta":{"footnotes":""},"class_list":["post-2626","page","type-page","status-publish","hentry"],"_links":{"self":[{"href":"https:\/\/www.qmd-medicaldevice.com\/de\/wp-json\/wp\/v2\/pages\/2626"}],"collection":[{"href":"https:\/\/www.qmd-medicaldevice.com\/de\/wp-json\/wp\/v2\/pages"}],"about":[{"href":"https:\/\/www.qmd-medicaldevice.com\/de\/wp-json\/wp\/v2\/types\/page"}],"author":[{"embeddable":true,"href":"https:\/\/www.qmd-medicaldevice.com\/de\/wp-json\/wp\/v2\/users\/1"}],"replies":[{"embeddable":true,"href":"https:\/\/www.qmd-medicaldevice.com\/de\/wp-json\/wp\/v2\/comments?post=2626"}],"version-history":[{"count":6,"href":"https:\/\/www.qmd-medicaldevice.com\/de\/wp-json\/wp\/v2\/pages\/2626\/revisions"}],"predecessor-version":[{"id":2633,"href":"https:\/\/www.qmd-medicaldevice.com\/de\/wp-json\/wp\/v2\/pages\/2626\/revisions\/2633"}],"wp:attachment":[{"href":"https:\/\/www.qmd-medicaldevice.com\/de\/wp-json\/wp\/v2\/media?parent=2626"}],"curies":[{"name":"wp","href":"https:\/\/api.w.org\/{rel}","templated":true}]}}