{"id":25,"date":"2024-09-10T10:41:51","date_gmt":"2024-09-10T08:41:51","guid":{"rendered":"https:\/\/www.qmd-medicaldevice.com\/?page_id=25"},"modified":"2024-10-15T18:35:13","modified_gmt":"2024-10-15T16:35:13","slug":"ueber-uns","status":"publish","type":"page","link":"https:\/\/www.qmd-medicaldevice.com\/de\/ueber-uns\/","title":{"rendered":"\u00dcber uns"},"content":{"rendered":"\n<div class=\"wp-block-cover alignfull is-light ohneAbstandOben wp-duotone-duotone-2\" style=\"min-height:660px;aspect-ratio:unset;\"><span aria-hidden=\"true\" class=\"wp-block-cover__background has-background-dim-0 has-background-dim\" style=\"background-color:#9e8881\"><\/span><img loading=\"lazy\" decoding=\"async\" width=\"2048\" height=\"1365\" class=\"wp-block-cover__image-background wp-image-2576\" alt=\"\" src=\"https:\/\/www.qmd-medicaldevice.com\/wp-content\/uploads\/2024\/10\/p1255658.jpg\" data-object-fit=\"cover\" srcset=\"https:\/\/www.qmd-medicaldevice.com\/wp-content\/uploads\/2024\/10\/p1255658.jpg 2048w, https:\/\/www.qmd-medicaldevice.com\/wp-content\/uploads\/2024\/10\/p1255658-700x467.jpg 700w, https:\/\/www.qmd-medicaldevice.com\/wp-content\/uploads\/2024\/10\/p1255658-768x512.jpg 768w, https:\/\/www.qmd-medicaldevice.com\/wp-content\/uploads\/2024\/10\/p1255658-1400x933.jpg 1400w, https:\/\/www.qmd-medicaldevice.com\/wp-content\/uploads\/2024\/10\/p1255658-1536x1024.jpg 1536w\" sizes=\"(max-width: 2048px) 100vw, 2048px\" \/><div class=\"wp-block-cover__inner-container is-layout-flow wp-block-cover-is-layout-flow\">\n<p class=\"has-text-align-center has-large-font-size\"><\/p>\n<\/div><\/div>\n\n\n\n<h1 class=\"wp-block-heading has-text-align-center\">\u00dcber uns<\/h1>\n\n\n\n<h2 class=\"wp-block-heading has-text-align-center\">qmd\u00ae eine Marke der Firma Hakomed<\/h2>\n\n\n\n<div class=\"wp-block-group alignfull has-base-background-color has-background has-global-padding is-layout-constrained wp-container-core-group-is-layout-1 wp-block-group-is-layout-constrained\" style=\"margin-top:0;margin-bottom:0;padding-top:var(--wp--preset--spacing--50);padding-right:var(--wp--preset--spacing--50);padding-bottom:var(--wp--preset--spacing--50);padding-left:var(--wp--preset--spacing--50)\">\n<div class=\"wp-block-columns alignwide is-layout-flex wp-container-core-columns-is-layout-2 wp-block-columns-is-layout-flex\">\n<div class=\"wp-block-column has-global-padding is-content-justification-left is-layout-constrained wp-container-core-column-is-layout-1 wp-block-column-is-layout-constrained\" style=\"flex-basis:40%\">\n<figure class=\"wp-block-image size-full has-custom-border\"><img decoding=\"async\" src=\"https:\/\/www.qmd-aesthetics.com\/wp-content\/uploads\/2024\/04\/logo-black.svg\" alt=\"\" class=\"wp-image-1554\" style=\"border-radius:10px;aspect-ratio:4\/3;object-fit:contain\"\/><\/figure>\n<\/div>\n\n\n\n<div class=\"wp-block-column is-layout-flow wp-container-core-column-is-layout-4 wp-block-column-is-layout-flow\" style=\"flex-basis:60%\">\n<p class=\"has-heading-font-family has-x-large-font-size\" style=\"line-height:1.2\">Die Marke qmd\u00ae wurde 2014 von der Firma Hakomed Italia ins Leben gerufen, <\/p>\n\n\n\n<p class=\"has-heading-font-family has-large-font-size\" style=\"line-height:1.2\">Sie steht f\u00fcr eine exklusive Produktlinie von medizinischen und \u00e4sthetischen Ger\u00e4ten.<\/p>\n\n\n\n<div class=\"wp-block-columns is-layout-flex wp-container-core-columns-is-layout-1 wp-block-columns-is-layout-flex\">\n<div class=\"wp-block-column is-layout-flow wp-block-column-is-layout-flow\">\n<p class=\"wp-container-content-1\">Die Ger\u00e4te zeichnen sich durch eine einfache Bedienung, fortschrittliche Technologie, hochwertige Materialien und ein edles Design aus.<\/p>\n<\/div>\n\n\n\n<div class=\"wp-block-column is-layout-flow wp-block-column-is-layout-flow\">\n<p>Mit einem klaren Fokus auf kontinuierliche Entwicklung und Innovation stellen wir sicher, dass unsere Technologien den wachsenden Anforderungen und Erwartungen unserer Kunden stets gerecht werden.<\/p>\n<\/div>\n<\/div>\n<\/div>\n<\/div>\n<\/div>\n\n\n\n<div class=\"wp-block-group alignfull has-accent-background-color has-background has-global-padding is-layout-constrained wp-container-core-group-is-layout-2 wp-block-group-is-layout-constrained\" style=\"margin-top:0;margin-bottom:0;padding-top:var(--wp--preset--spacing--50);padding-right:var(--wp--preset--spacing--50);padding-bottom:var(--wp--preset--spacing--50);padding-left:var(--wp--preset--spacing--50)\">\n<div class=\"wp-block-columns alignwide is-layout-flex wp-container-core-columns-is-layout-3 wp-block-columns-is-layout-flex\">\n<div class=\"wp-block-column is-vertically-aligned-center is-layout-flow wp-block-column-is-layout-flow\" style=\"flex-basis:60%\">\n<figure class=\"wp-block-image size-full is-style-rounded wp-duotone-duotone-1 is-style-rounded--27aa83692f95bb3346bbabb20d842c4d\"><img decoding=\"async\" src=\"https:\/\/www.qmd-aesthetics.com\/wp-content\/uploads\/2024\/04\/foto_wir-begleiten-sie.jpg\" alt=\"\" class=\"wp-image-1482\" style=\"aspect-ratio:3\/2;object-fit:cover\"\/><\/figure>\n<\/div>\n\n\n\n<div class=\"wp-block-column is-layout-flow wp-block-column-is-layout-flow\" style=\"flex-basis:40%\">\n<h2 class=\"wp-block-heading\">Unsere Mission<\/h2>\n\n\n\n<p>Wir unterst\u00fctzen Sie bei der Auswahl medizinischer und \u00e4sthetischer Ger\u00e4te, die Ihre Dienstleistungen auf ein neues Niveau heben, damit Sie zufriedene und begeisterte Kunden gewinnen.<\/p>\n\n\n\n<div class=\"wp-block-buttons is-layout-flex wp-block-buttons-is-layout-flex\">\n<div class=\"wp-block-button\"><a class=\"wp-block-button__link wp-element-button\" href=\"https:\/\/www.qmd-medicaldevice.com\/kontakt\/\">Kontaktieren Sie uns<\/a><\/div>\n<\/div>\n<\/div>\n<\/div>\n<\/div>\n\n\n\n<div class=\"wp-block-group alignfull has-base-color has-accent-3-background-color has-text-color has-background has-link-color wp-elements-be8f582e3b50cb1627ace7ae036ecfc0 has-global-padding is-layout-constrained wp-container-core-group-is-layout-4 wp-block-group-is-layout-constrained\" style=\"margin-bottom:0;padding-top:var(--wp--preset--spacing--10);padding-right:var(--wp--preset--spacing--10);padding-bottom:var(--wp--preset--spacing--10);padding-left:var(--wp--preset--spacing--10)\">\n<h2 class=\"wp-block-heading alignwide has-base-color has-text-color has-link-color wp-elements-c9b5699bdecff18878afa112249018b5\" style=\"font-size:clamp(4.509rem, 4.509rem + ((1vw - 0.2rem) * 6.864), 10rem);letter-spacing:-0.02em\">FAQs<\/h2>\n\n\n\n<div class=\"wp-block-group alignwide is-layout-flow wp-block-group-is-layout-flow\">\n<hr class=\"wp-block-separator has-text-color has-base-color has-alpha-channel-opacity has-base-background-color has-background is-style-wide\"\/>\n\n\n\n<details class=\"wp-block-details is-style-arrow-icon-details has-medium-font-size is-layout-flow wp-block-details-is-layout-flow\" style=\"border-top-style:none;border-top-width:0px;border-right-style:none;border-right-width:0px;border-bottom-color:var(--wp--preset--color--base);border-bottom-style:solid;border-bottom-width:1px;border-left-style:none;border-left-width:0px;margin-top:0\"><summary>Was k\u00f6nnen wir f\u00fcr Sie tun?<\/summary>\n<p class=\"has-contrast-1-color has-text-color has-link-color wp-elements-031b18fa173788b3d2f99b3815d85372\">Das Team von qmd\u00ae ist darauf fokussiert, Sie bei der Realisierung Ihrer medizinischen Ziele zu unterst\u00fctzen. Unser Angebot umfasst die Suche nach hochmodernen Medizin- und \u00c4sthetik-Ger\u00e4ten, die Bereitstellung individueller Beratung sowie die Beantwortung von Fragen zu unseren Produkten.<\/p>\n<\/details>\n\n\n\n<details class=\"wp-block-details is-style-arrow-icon-details has-medium-font-size is-layout-flow wp-block-details-is-layout-flow\" style=\"border-top-style:none;border-top-width:0px;border-right-style:none;border-right-width:0px;border-bottom-color:var(--wp--preset--color--base);border-bottom-style:solid;border-bottom-width:1px;border-left-style:none;border-left-width:0px;margin-top:0\"><summary>Warum Sie auf uns setzen sollten.<\/summary>\n<p class=\"has-contrast-1-color has-text-color has-link-color wp-elements-23b97a148897b9a341574bbd8b945346\">Das engagierte Team steht Ihnen zur Verf\u00fcgung, um Ihre Fragen zu beantworten, Ihnen ma\u00dfgeschneiderte L\u00f6sungen anzubieten und sicherzustellen, dass Sie die bestm\u00f6gliche Unterst\u00fctzung erhalten. Dies umfasst die Auswahl des richtigen Ger\u00e4ts sowie die Anpassung an Ihre spezifischen Bed\u00fcrfnisse. Das Team unterst\u00fctzt Sie umfassend bei der Ausstattung der Ger\u00e4te Ihrer Arztpraxis.<\/p>\n<\/details>\n\n\n\n<details class=\"wp-block-details is-style-arrow-icon-details has-medium-font-size is-layout-flow wp-block-details-is-layout-flow\" style=\"border-top-style:none;border-top-width:0px;border-right-style:none;border-right-width:0px;border-bottom-color:var(--wp--preset--color--base);border-bottom-style:solid;border-bottom-width:1px;border-left-style:none;border-left-width:0px;margin-top:0\"><summary>Wie kann ich sie kontaktieren<\/summary>\n<p class=\"has-contrast-1-color has-text-color has-link-color wp-elements-f148bea5c37c0b92936cdde7def0aaa0\">Es bestehen diverse M\u00f6glichkeiten, um mit uns in Kontakt zu treten. Dazu z\u00e4hlt das Ausf\u00fcllen des <a href=\"https:\/\/www.qmd-medicaldevice.com\/kontakt\/\" data-type=\"page\" data-id=\"22\"><em><strong>Kontaktformulars<\/strong><\/em><\/a> auf der Website, die Kontaktaufnahme per Telefon unter der Nummer <em><strong>+39 0471 820 583<\/strong><\/em> oder die \u00dcbermittlung einer E-Mail an <strong><em>info@qmd-medicaldevice.com<\/em><\/strong>. Wir freuen uns, von Ihnen zu h\u00f6ren, und stehen Ihnen jederzeit zur Verf\u00fcgung.<\/p>\n<\/details>\n\n\n\n<div style=\"margin-top:var(--wp--preset--spacing--10);margin-bottom:0;height:var(--wp--preset--spacing--10)\" aria-hidden=\"true\" class=\"wp-block-spacer\"><\/div>\n<\/div>\n<\/div>\n","protected":false},"excerpt":{"rendered":"<p>\u00dcber uns qmd\u00ae eine Marke der Firma Hakomed Die Marke qmd\u00ae wurde 2014 von der Firma Hakomed Italia ins Leben gerufen, Sie steht f\u00fcr eine exklusive Produktlinie von medizinischen und \u00e4sthetischen Ger\u00e4ten. Die Ger\u00e4te zeichnen sich durch eine einfache Bedienung, fortschrittliche Technologie, hochwertige Materialien und ein edles Design aus. Mit einem klaren Fokus auf kontinuierliche [&hellip;]<\/p>\n","protected":false},"author":1,"featured_media":0,"parent":0,"menu_order":0,"comment_status":"closed","ping_status":"closed","template":"","meta":{"footnotes":""},"class_list":["post-25","page","type-page","status-publish","hentry"],"_links":{"self":[{"href":"https:\/\/www.qmd-medicaldevice.com\/de\/wp-json\/wp\/v2\/pages\/25"}],"collection":[{"href":"https:\/\/www.qmd-medicaldevice.com\/de\/wp-json\/wp\/v2\/pages"}],"about":[{"href":"https:\/\/www.qmd-medicaldevice.com\/de\/wp-json\/wp\/v2\/types\/page"}],"author":[{"embeddable":true,"href":"https:\/\/www.qmd-medicaldevice.com\/de\/wp-json\/wp\/v2\/users\/1"}],"replies":[{"embeddable":true,"href":"https:\/\/www.qmd-medicaldevice.com\/de\/wp-json\/wp\/v2\/comments?post=25"}],"version-history":[{"count":8,"href":"https:\/\/www.qmd-medicaldevice.com\/de\/wp-json\/wp\/v2\/pages\/25\/revisions"}],"predecessor-version":[{"id":2620,"href":"https:\/\/www.qmd-medicaldevice.com\/de\/wp-json\/wp\/v2\/pages\/25\/revisions\/2620"}],"wp:attachment":[{"href":"https:\/\/www.qmd-medicaldevice.com\/de\/wp-json\/wp\/v2\/media?parent=25"}],"curies":[{"name":"wp","href":"https:\/\/api.w.org\/{rel}","templated":true}]}}