{"id":2410,"date":"2024-10-04T09:29:35","date_gmt":"2024-10-04T07:29:35","guid":{"rendered":"https:\/\/www.qmd-medicaldevice.com\/?page_id=2410"},"modified":"2024-10-15T18:13:38","modified_gmt":"2024-10-15T16:13:38","slug":"zubehoer","status":"publish","type":"page","link":"https:\/\/www.qmd-medicaldevice.com\/de\/zubehoer\/","title":{"rendered":"Zubeh\u00f6r"},"content":{"rendered":"\n<h1 class=\"wp-block-heading has-text-align-center\">Zubeh\u00f6r<\/h1>\n\n\n\n<h2 class=\"wp-block-heading has-text-align-center\">qmd\u00ae Zubeh\u00f6r \u2013 Fortschritt in jedem Aspekt<\/h2>\n\n\n\n<p class=\"has-text-align-center\">Unser qmd\u00ae Zubeh\u00f6rsortiment erweitert nicht nur Ihre \u00e4sthetischen Behandlungsoptionen, sondern verbindet dabei h\u00f6chste Qualit\u00e4t mit herausragender Funktionalit\u00e4t.<\/p>\n\n\n\n<div style=\"height:100px\" aria-hidden=\"true\" class=\"wp-block-spacer\"><\/div>\n\n\n\n<div class=\"wp-block-group design-1 has-global-padding is-layout-constrained wp-container-core-group-is-layout-2 wp-block-group-is-layout-constrained\" style=\"margin-bottom:0;padding-top:var(--wp--preset--spacing--10);padding-right:var(--wp--preset--spacing--10);padding-bottom:var(--wp--preset--spacing--10);padding-left:var(--wp--preset--spacing--10)\">\n<h2 class=\"wp-block-heading alignwide\" style=\"letter-spacing:-0.02em\">Ihre Vorteile auf einen Blick:<\/h2>\n\n\n\n<div class=\"wp-block-group alignwide is-layout-flow wp-block-group-is-layout-flow\">\n<hr class=\"wp-block-separator has-text-color has-base-color has-alpha-channel-opacity has-base-background-color has-background is-style-wide\"\/>\n\n\n\n<details class=\"wp-block-details is-style-arrow-icon-details has-medium-font-size is-layout-flow wp-block-details-is-layout-flow\" style=\"border-top-style:none;border-top-width:0px;border-right-style:none;border-right-width:0px;border-bottom-color:var(--wp--preset--color--base);border-bottom-style:solid;border-bottom-width:1px;border-left-style:none;border-left-width:0px;margin-top:0\"><summary>Perfekte Genauigkeit<\/summary>\n<p class=\"has-contrast-1-color has-text-color has-link-color wp-elements-38f04953118f1a6b2ef484ad9972bad7\">Jedes Zubeh\u00f6rteil wurde mit gr\u00f6\u00dfter Sorgfalt entworfen, um eine nahtlose Integration mit Ihren qmd\u00ae Ger\u00e4ten zu erm\u00f6glichen und maximale Effizienz zu garantieren.<\/p>\n<\/details>\n\n\n\n<details class=\"wp-block-details is-style-arrow-icon-details has-medium-font-size is-layout-flow wp-block-details-is-layout-flow\" style=\"border-top-style:none;border-top-width:0px;border-right-style:none;border-right-width:0px;border-bottom-color:var(--wp--preset--color--base);border-bottom-style:solid;border-bottom-width:1px;border-left-style:none;border-left-width:0px;margin-top:0\"><summary>Elegantes Design<\/summary>\n<p class=\"has-contrast-1-color has-text-color has-link-color wp-elements-34ef4b45e04125dcd7d324dbe7da21b7\">Das qmd\u00ae Zubeh\u00f6r vereint modernste Technologie mit einem stilvollen, ansprechenden Design, das Ihre Praxis optisch aufwertet.<\/p>\n<\/details>\n\n\n\n<details class=\"wp-block-details is-style-arrow-icon-details has-medium-font-size is-layout-flow wp-block-details-is-layout-flow\" style=\"border-top-style:none;border-top-width:0px;border-right-style:none;border-right-width:0px;border-bottom-color:var(--wp--preset--color--base);border-bottom-style:solid;border-bottom-width:1px;border-left-style:none;border-left-width:0px;margin-top:0\"><summary>Flexibilit\u00e4t<\/summary>\n<p class=\"has-contrast-1-color has-text-color has-link-color wp-elements-4edacc191a2503cee02704373e114ade\">Flexibilit\u00e4t f\u00fcr individuelle Anforderungen Ganz gleich, ob Sie Ihre \u00e4sthetischen Behandlungen erweitern oder spezifisch anpassen m\u00f6chten \u2013 unser Zubeh\u00f6r bietet Ihnen vielseitige Optionen, die auf verschiedene Bed\u00fcrfnisse zugeschnitten sind.<\/p>\n<\/details>\n\n\n\n<details class=\"wp-block-details is-style-arrow-icon-details has-medium-font-size is-layout-flow wp-block-details-is-layout-flow\" style=\"border-top-style:none;border-top-width:0px;border-right-style:none;border-right-width:0px;border-bottom-color:var(--wp--preset--color--base);border-bottom-style:solid;border-bottom-width:1px;border-left-style:none;border-left-width:0px;margin-top:0\"><summary>Hervorragende Qualit\u00e4t<\/summary>\n<p class=\"has-contrast-1-color has-text-color has-link-color wp-elements-4affbafd55dc8e7a2604ff295d8a0b85\">Hergestellt aus erstklassigen Materialien und nach strengen Qualit\u00e4tsvorgaben produziert, zeichnet sich das qmd\u00ae Zubeh\u00f6r durch Langlebigkeit, Zuverl\u00e4ssigkeit und Robustheit aus.<\/p>\n<\/details>\n<\/div>\n<\/div>\n\n\n\n<div style=\"height:100px\" aria-hidden=\"true\" class=\"wp-block-spacer\"><\/div>\n\n\n\n<h2 class=\"wp-block-heading\">Zubeh\u00f6r Produkte<\/h2>\n\n\n\n<p>Entdecken Sie, wie unser Zubeh\u00f6r Ihre Behandlungsergebnisse auf die n\u00e4chste Stufe bringen kann.<\/p>\n\n\n\n<div class=\"wp-block-columns alignfull is-layout-flex wp-container-core-columns-is-layout-1 wp-block-columns-is-layout-flex\">\n<div class=\"wp-block-column is-layout-flow wp-block-column-is-layout-flow\"><a href=\"https:\/\/www.qmd-medicaldevice.com\/therapiewagen\/\"    class=\"effect-2 wp-block-tiptip-hyperlink-group-block\" >\n<div class=\"wp-block-cover\"><span aria-hidden=\"true\" class=\"wp-block-cover__background has-background-dim\"><\/span><img loading=\"lazy\" decoding=\"async\" width=\"1365\" height=\"2048\" class=\"wp-block-cover__image-background wp-image-2401\" alt=\"\" src=\"https:\/\/www.qmd-medicaldevice.com\/wp-content\/uploads\/2024\/10\/20230714135405-accessories-uebersicht.png\" style=\"object-position:50% 50%\" data-object-fit=\"cover\" data-object-position=\"50% 50%\" srcset=\"https:\/\/www.qmd-medicaldevice.com\/wp-content\/uploads\/2024\/10\/20230714135405-accessories-uebersicht.png 1365w, https:\/\/www.qmd-medicaldevice.com\/wp-content\/uploads\/2024\/10\/20230714135405-accessories-uebersicht-467x700.png 467w, https:\/\/www.qmd-medicaldevice.com\/wp-content\/uploads\/2024\/10\/20230714135405-accessories-uebersicht-768x1152.png 768w, https:\/\/www.qmd-medicaldevice.com\/wp-content\/uploads\/2024\/10\/20230714135405-accessories-uebersicht-933x1400.png 933w, https:\/\/www.qmd-medicaldevice.com\/wp-content\/uploads\/2024\/10\/20230714135405-accessories-uebersicht-1024x1536.png 1024w\" sizes=\"(max-width: 1365px) 100vw, 1365px\" \/><div class=\"wp-block-cover__inner-container has-global-padding is-layout-constrained wp-block-cover-is-layout-constrained\">\n<p class=\"has-text-align-center has-large-font-size\">Therapiewagen<\/p>\n\n\n\n<p class=\"has-text-align-center\">Eleganter Begleiter<\/p>\n\n\n\n<div class=\"wp-block-buttons is-content-justification-center is-layout-flex wp-container-core-buttons-is-layout-2 wp-block-buttons-is-layout-flex\">\n\n<div class=\"wp-block-button\"><span class=\"wp-block-button__link has-text-align-center wp-element-button\">zum Produkt<\/span><\/div>\n\n<\/div>\n<\/div><\/div>\n<\/a><\/div>\n\n\n\n<div class=\"wp-block-column is-layout-flow wp-block-column-is-layout-flow\"><a href=\"https:\/\/www.qmd-medicaldevice.com\/trolley-light\/\"    class=\"effect-2 wp-block-tiptip-hyperlink-group-block\" >\n<div class=\"wp-block-cover\"><span aria-hidden=\"true\" class=\"wp-block-cover__background has-background-dim\"><\/span><img loading=\"lazy\" decoding=\"async\" width=\"860\" height=\"1136\" class=\"wp-block-cover__image-background wp-image-2403\" alt=\"\" src=\"https:\/\/www.qmd-medicaldevice.com\/wp-content\/uploads\/2024\/10\/20240927090921-trolley-light.png\" data-object-fit=\"cover\" srcset=\"https:\/\/www.qmd-medicaldevice.com\/wp-content\/uploads\/2024\/10\/20240927090921-trolley-light.png 860w, https:\/\/www.qmd-medicaldevice.com\/wp-content\/uploads\/2024\/10\/20240927090921-trolley-light-530x700.png 530w, https:\/\/www.qmd-medicaldevice.com\/wp-content\/uploads\/2024\/10\/20240927090921-trolley-light-768x1014.png 768w\" sizes=\"(max-width: 860px) 100vw, 860px\" \/><div class=\"wp-block-cover__inner-container has-global-padding is-layout-constrained wp-block-cover-is-layout-constrained\">\n<p class=\"has-text-align-center has-large-font-size\">Trolly light<\/p>\n\n\n\n<p class=\"has-text-align-center\">f\u00fcr \u00e4sthetische Ger\u00e4te<\/p>\n\n\n\n<div class=\"wp-block-buttons is-content-justification-center is-layout-flex wp-container-core-buttons-is-layout-4 wp-block-buttons-is-layout-flex\">\n\n<div class=\"wp-block-button\"><span class=\"wp-block-button__link has-text-align-center wp-element-button\">zum Produkt<\/span><\/div>\n\n<\/div>\n<\/div><\/div>\n<\/a><\/div>\n\n\n\n<div class=\"wp-block-column is-layout-flow wp-block-column-is-layout-flow\"><a href=\"https:\/\/www.qmd-medicaldevice.com\/fixer-arm-laser\/\"    class=\"effect-2 wp-block-tiptip-hyperlink-group-block\" >\n<div class=\"wp-block-cover\"><span aria-hidden=\"true\" class=\"wp-block-cover__background has-background-dim\"><\/span><img decoding=\"async\" class=\"wp-block-cover__image-background wp-image-2133\" alt=\"\" src=\"https:\/\/www.qmd-medicaldevice.com\/wp-content\/uploads\/2024\/11\/platzhalter.jpg\" data-object-fit=\"cover\"\/><div class=\"wp-block-cover__inner-container has-global-padding is-layout-constrained wp-block-cover-is-layout-constrained\">\n<p class=\"has-text-align-center has-large-font-size\">fixer Arm Laser<\/p>\n\n\n\n<p class=\"has-text-align-center\">Schutz &amp; Pflege<\/p>\n\n\n\n<div class=\"wp-block-buttons is-content-justification-center is-layout-flex wp-container-core-buttons-is-layout-6 wp-block-buttons-is-layout-flex\">\n\n<div class=\"wp-block-button\"><span class=\"wp-block-button__link has-text-align-center wp-element-button\">zum Produkt<\/span><\/div>\n\n<\/div>\n<\/div><\/div>\n<\/a><\/div>\n<\/div>\n\n\n\n<div class=\"wp-block-columns alignfull is-layout-flex wp-container-core-columns-is-layout-2 wp-block-columns-is-layout-flex\">\n<div class=\"wp-block-column is-layout-flow wp-block-column-is-layout-flow\"><a href=\"https:\/\/www.qmd-medicaldevice.com\/us-arm\/\"    class=\"effect-2 wp-block-tiptip-hyperlink-group-block\" >\n<div class=\"wp-block-cover\"><span aria-hidden=\"true\" class=\"wp-block-cover__background has-background-dim\"><\/span><img loading=\"lazy\" decoding=\"async\" width=\"557\" height=\"545\" class=\"wp-block-cover__image-background wp-image-2393\" alt=\"\" src=\"https:\/\/www.qmd-medicaldevice.com\/wp-content\/uploads\/2024\/10\/2024-05-28-nuovo-braccio-fisso-1-us-arm.png\" data-object-fit=\"cover\"\/><div class=\"wp-block-cover__inner-container has-global-padding is-layout-constrained wp-block-cover-is-layout-constrained\">\n<p class=\"has-text-align-center has-large-font-size\">US Arm<\/p>\n\n\n\n<p class=\"has-text-align-center\">f\u00fcr \u00e4sthetische Ger\u00e4te<\/p>\n\n\n\n<div class=\"wp-block-buttons is-content-justification-center is-layout-flex wp-container-core-buttons-is-layout-8 wp-block-buttons-is-layout-flex\">\n\n<div class=\"wp-block-button\"><span class=\"wp-block-button__link has-text-align-center wp-element-button\">zum Produkt<\/span><\/div>\n\n<\/div>\n<\/div><\/div>\n<\/a><\/div>\n\n\n\n<div class=\"wp-block-column is-layout-flow wp-block-column-is-layout-flow\"><a href=\"https:\/\/www.qmd-medicaldevice.com\/transport-tasche\/\"    class=\"effect-2 wp-block-tiptip-hyperlink-group-block\" >\n<div class=\"wp-block-cover\"><span aria-hidden=\"true\" class=\"wp-block-cover__background has-background-dim\"><\/span><img loading=\"lazy\" decoding=\"async\" width=\"2048\" height=\"1365\" class=\"wp-block-cover__image-background wp-image-2399\" alt=\"\" src=\"https:\/\/www.qmd-medicaldevice.com\/wp-content\/uploads\/2024\/10\/borsa-qmd.png\" data-object-fit=\"cover\" srcset=\"https:\/\/www.qmd-medicaldevice.com\/wp-content\/uploads\/2024\/10\/borsa-qmd.png 2048w, https:\/\/www.qmd-medicaldevice.com\/wp-content\/uploads\/2024\/10\/borsa-qmd-700x467.png 700w, https:\/\/www.qmd-medicaldevice.com\/wp-content\/uploads\/2024\/10\/borsa-qmd-768x512.png 768w, https:\/\/www.qmd-medicaldevice.com\/wp-content\/uploads\/2024\/10\/borsa-qmd-1400x933.png 1400w, https:\/\/www.qmd-medicaldevice.com\/wp-content\/uploads\/2024\/10\/borsa-qmd-1536x1024.png 1536w\" sizes=\"(max-width: 2048px) 100vw, 2048px\" \/><div class=\"wp-block-cover__inner-container has-global-padding is-layout-constrained wp-block-cover-is-layout-constrained\">\n<p class=\"has-text-align-center has-large-font-size\">Transport-Tasche<\/p>\n\n\n\n<p class=\"has-text-align-center\">Stilvoll, praktisch und sicher<\/p>\n\n\n\n<div class=\"wp-block-buttons is-content-justification-center is-layout-flex wp-container-core-buttons-is-layout-10 wp-block-buttons-is-layout-flex\">\n\n<div class=\"wp-block-button\"><span class=\"wp-block-button__link has-text-align-center wp-element-button\">zum Produkt<\/span><\/div>\n\n<\/div>\n<\/div><\/div>\n<\/a><\/div>\n\n\n\n<div class=\"wp-block-column is-layout-flow wp-block-column-is-layout-flow\"><a href=\"https:\/\/www.qmd-medicaldevice.com\/ultrasound-gel\/\"    class=\"effect-2 wp-block-tiptip-hyperlink-group-block\" >\n<div class=\"wp-block-cover\"><span aria-hidden=\"true\" class=\"wp-block-cover__background has-background-dim\"><\/span><img loading=\"lazy\" decoding=\"async\" width=\"1346\" height=\"2048\" class=\"wp-block-cover__image-background wp-image-2397\" alt=\"\" src=\"https:\/\/www.qmd-medicaldevice.com\/wp-content\/uploads\/2024\/10\/ultrasound-gel-tr.png\" style=\"object-position:49% 20%\" data-object-fit=\"cover\" data-object-position=\"49% 20%\" srcset=\"https:\/\/www.qmd-medicaldevice.com\/wp-content\/uploads\/2024\/10\/ultrasound-gel-tr.png 1346w, https:\/\/www.qmd-medicaldevice.com\/wp-content\/uploads\/2024\/10\/ultrasound-gel-tr-460x700.png 460w, https:\/\/www.qmd-medicaldevice.com\/wp-content\/uploads\/2024\/10\/ultrasound-gel-tr-768x1169.png 768w, https:\/\/www.qmd-medicaldevice.com\/wp-content\/uploads\/2024\/10\/ultrasound-gel-tr-920x1400.png 920w, https:\/\/www.qmd-medicaldevice.com\/wp-content\/uploads\/2024\/10\/ultrasound-gel-tr-1010x1536.png 1010w\" sizes=\"(max-width: 1346px) 100vw, 1346px\" \/><div class=\"wp-block-cover__inner-container has-global-padding is-layout-constrained wp-block-cover-is-layout-constrained\">\n<p class=\"has-text-align-center has-large-font-size\">Ultrasound Gel<\/p>\n\n\n\n<p class=\"has-text-align-center\">F\u00fcr optimale Behandlungsergebnisse<\/p>\n\n\n\n<div class=\"wp-block-buttons is-content-justification-center is-layout-flex wp-container-core-buttons-is-layout-12 wp-block-buttons-is-layout-flex\">\n\n<div class=\"wp-block-button\"><span class=\"wp-block-button__link has-text-align-center wp-element-button\">zum Produkt<\/span><\/div>\n\n<\/div>\n<\/div><\/div>\n<\/a><\/div>\n<\/div>\n\n\n\n<div style=\"height:100px\" aria-hidden=\"true\" class=\"wp-block-spacer\"><\/div>\n","protected":false},"excerpt":{"rendered":"<p>Zubeh\u00f6r qmd\u00ae Zubeh\u00f6r \u2013 Fortschritt in jedem Aspekt Unser qmd\u00ae Zubeh\u00f6rsortiment erweitert nicht nur Ihre \u00e4sthetischen Behandlungsoptionen, sondern verbindet dabei h\u00f6chste Qualit\u00e4t mit herausragender Funktionalit\u00e4t. Ihre Vorteile auf einen Blick: Zubeh\u00f6r Produkte Entdecken Sie, wie unser Zubeh\u00f6r Ihre Behandlungsergebnisse auf die n\u00e4chste Stufe bringen kann.<\/p>\n","protected":false},"author":1,"featured_media":0,"parent":0,"menu_order":0,"comment_status":"closed","ping_status":"closed","template":"","meta":{"footnotes":""},"class_list":["post-2410","page","type-page","status-publish","hentry"],"_links":{"self":[{"href":"https:\/\/www.qmd-medicaldevice.com\/de\/wp-json\/wp\/v2\/pages\/2410"}],"collection":[{"href":"https:\/\/www.qmd-medicaldevice.com\/de\/wp-json\/wp\/v2\/pages"}],"about":[{"href":"https:\/\/www.qmd-medicaldevice.com\/de\/wp-json\/wp\/v2\/types\/page"}],"author":[{"embeddable":true,"href":"https:\/\/www.qmd-medicaldevice.com\/de\/wp-json\/wp\/v2\/users\/1"}],"replies":[{"embeddable":true,"href":"https:\/\/www.qmd-medicaldevice.com\/de\/wp-json\/wp\/v2\/comments?post=2410"}],"version-history":[{"count":9,"href":"https:\/\/www.qmd-medicaldevice.com\/de\/wp-json\/wp\/v2\/pages\/2410\/revisions"}],"predecessor-version":[{"id":2595,"href":"https:\/\/www.qmd-medicaldevice.com\/de\/wp-json\/wp\/v2\/pages\/2410\/revisions\/2595"}],"wp:attachment":[{"href":"https:\/\/www.qmd-medicaldevice.com\/de\/wp-json\/wp\/v2\/media?parent=2410"}],"curies":[{"name":"wp","href":"https:\/\/api.w.org\/{rel}","templated":true}]}}