{"id":2395,"date":"2024-10-04T08:31:31","date_gmt":"2024-10-04T06:31:31","guid":{"rendered":"https:\/\/www.qmd-medicaldevice.com\/?page_id=2395"},"modified":"2024-10-15T18:14:50","modified_gmt":"2024-10-15T16:14:50","slug":"ultrasound-gel","status":"publish","type":"page","link":"https:\/\/www.qmd-medicaldevice.com\/de\/ultrasound-gel\/","title":{"rendered":"Ultrasound Gel"},"content":{"rendered":"\n<h1 class=\"wp-block-heading has-text-align-center\">Ultrasound Gel<\/h1>\n\n\n\n<h2 class=\"wp-block-heading has-text-align-center\">F\u00fcr optimale Behandlungsergebnisse<\/h2>\n\n\n\n<p class=\"has-text-align-center\">Unser hochwertiges Ultraschall-Kontaktgel wurde speziell entwickelt, um eine optimale \u00dcbertragung von Ultraschallwellen auf die Haut sicherzustellen. Es sorgt f\u00fcr eine gleichm\u00e4\u00dfige Schallausbreitung, indem es Luftblasen zwischen der Sonde und der Haut eliminiert, und erm\u00f6glicht so eine reibungslose und effektive Behandlung.<\/p>\n\n\n\n<div class=\"wp-block-columns is-layout-flex wp-container-core-columns-is-layout-1 wp-block-columns-is-layout-flex\">\n<div class=\"wp-block-column is-vertically-aligned-center is-layout-flow wp-block-column-is-layout-flow\">\n<figure data-wp-context=\"{&quot;uploadedSrc&quot;:&quot;https:\\\/\\\/www.qmd-medicaldevice.com\\\/wp-content\\\/uploads\\\/2024\\\/10\\\/ultrasound-gel-tr.png&quot;,&quot;figureClassNames&quot;:&quot;wp-block-image aligncenter size-large is-resized&quot;,&quot;figureStyles&quot;:null,&quot;imgClassNames&quot;:&quot;wp-image-2397&quot;,&quot;imgStyles&quot;:&quot;width:624px;height:auto&quot;,&quot;targetWidth&quot;:1346,&quot;targetHeight&quot;:2048,&quot;scaleAttr&quot;:false,&quot;ariaLabel&quot;:&quot;Bild vergr\\u00f6\\u00dfern&quot;,&quot;alt&quot;:&quot;&quot;}\" data-wp-interactive=\"core\/image\" class=\"wp-block-image aligncenter size-large is-resized wp-lightbox-container\"><img loading=\"lazy\" decoding=\"async\" width=\"920\" height=\"1400\" data-wp-init=\"callbacks.setButtonStyles\" data-wp-on-async--click=\"actions.showLightbox\" data-wp-on-async--load=\"callbacks.setButtonStyles\" data-wp-on-async-window--resize=\"callbacks.setButtonStyles\" src=\"https:\/\/www.qmd-medicaldevice.com\/wp-content\/uploads\/2024\/10\/ultrasound-gel-tr-920x1400.png\" alt=\"\" class=\"wp-image-2397\" style=\"width:624px;height:auto\" srcset=\"https:\/\/www.qmd-medicaldevice.com\/wp-content\/uploads\/2024\/10\/ultrasound-gel-tr-920x1400.png 920w, https:\/\/www.qmd-medicaldevice.com\/wp-content\/uploads\/2024\/10\/ultrasound-gel-tr.png 1346w, https:\/\/www.qmd-medicaldevice.com\/wp-content\/uploads\/2024\/10\/ultrasound-gel-tr-460x700.png 460w, https:\/\/www.qmd-medicaldevice.com\/wp-content\/uploads\/2024\/10\/ultrasound-gel-tr-768x1169.png 768w, https:\/\/www.qmd-medicaldevice.com\/wp-content\/uploads\/2024\/10\/ultrasound-gel-tr-1010x1536.png 1010w\" sizes=\"(max-width: 920px) 100vw, 920px\" \/><button\n\t\t\tclass=\"lightbox-trigger\"\n\t\t\ttype=\"button\"\n\t\t\taria-haspopup=\"dialog\"\n\t\t\taria-label=\"Bild vergr\u00f6\u00dfern\"\n\t\t\tdata-wp-init=\"callbacks.initTriggerButton\"\n\t\t\tdata-wp-on-async--click=\"actions.showLightbox\"\n\t\t\tdata-wp-style--right=\"context.imageButtonRight\"\n\t\t\tdata-wp-style--top=\"context.imageButtonTop\"\n\t\t>\n\t\t\t<svg xmlns=\"http:\/\/www.w3.org\/2000\/svg\" width=\"12\" height=\"12\" fill=\"none\" viewBox=\"0 0 12 12\">\n\t\t\t\t<path fill=\"#fff\" d=\"M2 0a2 2 0 0 0-2 2v2h1.5V2a.5.5 0 0 1 .5-.5h2V0H2Zm2 10.5H2a.5.5 0 0 1-.5-.5V8H0v2a2 2 0 0 0 2 2h2v-1.5ZM8 12v-1.5h2a.5.5 0 0 0 .5-.5V8H12v2a2 2 0 0 1-2 2H8Zm2-12a2 2 0 0 1 2 2v2h-1.5V2a.5.5 0 0 0-.5-.5H8V0h2Z\" \/>\n\t\t\t<\/svg>\n\t\t<\/button><\/figure>\n<\/div>\n\n\n\n<div class=\"wp-block-column is-vertically-aligned-center is-layout-flow wp-block-column-is-layout-flow\">\n<h2 class=\"wp-block-heading alignwide\" style=\"letter-spacing:-0.02em\">Eigenschaften<\/h2>\n\n\n\n<p>Dank seiner exzellenten Gleiteigenschaften bleibt die Sonde auch \u00fcber einen langen Zeitraum leicht beweglich. Das Gel ist angenehm in der Anwendung, nicht oxidierend, fettet nicht und hinterl\u00e4sst keine dauerhaften R\u00fcckst\u00e4nde. <\/p>\n\n\n\n<p>Es l\u00e4sst sich leicht entfernen und enth\u00e4lt kein Formaldehyd, was sowohl den Ultraschallkopf als auch die Haut schont.<\/p>\n\n\n\n<p>Verf\u00fcgbar:<strong> <\/strong>in <strong>1 Lt <\/strong>oder <strong>5 Lt<\/strong><\/p>\n<\/div>\n<\/div>\n\n\n\n<div class=\"wp-block-group alignfull has-accent-2-background-color has-background has-global-padding is-layout-constrained wp-block-group-is-layout-constrained\" style=\"padding-top:var(--wp--preset--spacing--50);padding-bottom:var(--wp--preset--spacing--50)\">\n<h2 class=\"wp-block-heading has-text-align-center has-base-2-color has-text-color has-link-color wp-elements-4e828aa6ae8dfd37c86cc936837b7cd8\">Ultrasound Gel<\/h2>\n\n\n\n<h3 class=\"wp-block-heading has-text-align-center\">Sie auf Qualit\u00e4t und optimieren Sie Ihre Behandlungen mit unserem Kontaktgel.<\/h3>\n<\/div>\n","protected":false},"excerpt":{"rendered":"<p>Ultrasound Gel F\u00fcr optimale Behandlungsergebnisse Unser hochwertiges Ultraschall-Kontaktgel wurde speziell entwickelt, um eine optimale \u00dcbertragung von Ultraschallwellen auf die Haut sicherzustellen. Es sorgt f\u00fcr eine gleichm\u00e4\u00dfige Schallausbreitung, indem es Luftblasen zwischen der Sonde und der Haut eliminiert, und erm\u00f6glicht so eine reibungslose und effektive Behandlung. Eigenschaften Dank seiner exzellenten Gleiteigenschaften bleibt die Sonde auch \u00fcber [&hellip;]<\/p>\n","protected":false},"author":1,"featured_media":0,"parent":0,"menu_order":0,"comment_status":"closed","ping_status":"closed","template":"","meta":{"footnotes":""},"class_list":["post-2395","page","type-page","status-publish","hentry"],"_links":{"self":[{"href":"https:\/\/www.qmd-medicaldevice.com\/de\/wp-json\/wp\/v2\/pages\/2395"}],"collection":[{"href":"https:\/\/www.qmd-medicaldevice.com\/de\/wp-json\/wp\/v2\/pages"}],"about":[{"href":"https:\/\/www.qmd-medicaldevice.com\/de\/wp-json\/wp\/v2\/types\/page"}],"author":[{"embeddable":true,"href":"https:\/\/www.qmd-medicaldevice.com\/de\/wp-json\/wp\/v2\/users\/1"}],"replies":[{"embeddable":true,"href":"https:\/\/www.qmd-medicaldevice.com\/de\/wp-json\/wp\/v2\/comments?post=2395"}],"version-history":[{"count":9,"href":"https:\/\/www.qmd-medicaldevice.com\/de\/wp-json\/wp\/v2\/pages\/2395\/revisions"}],"predecessor-version":[{"id":2600,"href":"https:\/\/www.qmd-medicaldevice.com\/de\/wp-json\/wp\/v2\/pages\/2395\/revisions\/2600"}],"wp:attachment":[{"href":"https:\/\/www.qmd-medicaldevice.com\/de\/wp-json\/wp\/v2\/media?parent=2395"}],"curies":[{"name":"wp","href":"https:\/\/api.w.org\/{rel}","templated":true}]}}