{"id":2389,"date":"2024-10-04T08:22:31","date_gmt":"2024-10-04T06:22:31","guid":{"rendered":"https:\/\/www.qmd-medicaldevice.com\/?page_id=2389"},"modified":"2024-11-07T13:03:48","modified_gmt":"2024-11-07T12:03:48","slug":"transport-tasche","status":"publish","type":"page","link":"https:\/\/www.qmd-medicaldevice.com\/de\/transport-tasche\/","title":{"rendered":"Transport-Tasche"},"content":{"rendered":"\n<h1 class=\"wp-block-heading has-text-align-center\">Transport-Tasche<\/h1>\n\n\n\n<h2 class=\"wp-block-heading has-text-align-center\">elegant und mit praktisch<\/h2>\n\n\n\n<p class=\"has-text-align-center\">Die qmd\u00ae Transport-Tasche kombiniert elegantes Design mit praktischer Funktionalit\u00e4t.<\/p>\n\n\n\n<div class=\"wp-block-columns is-layout-flex wp-container-core-columns-is-layout-1 wp-block-columns-is-layout-flex\">\n<div class=\"wp-block-column is-vertically-aligned-center is-layout-flow wp-block-column-is-layout-flow\">\n<figure data-wp-context=\"{&quot;uploadedSrc&quot;:&quot;https:\\\/\\\/www.qmd-medicaldevice.com\\\/wp-content\\\/uploads\\\/2024\\\/10\\\/borsa-qmd.png&quot;,&quot;figureClassNames&quot;:&quot;wp-block-image aligncenter size-large is-resized&quot;,&quot;figureStyles&quot;:null,&quot;imgClassNames&quot;:&quot;wp-image-2399&quot;,&quot;imgStyles&quot;:&quot;width:624px;height:auto&quot;,&quot;targetWidth&quot;:2048,&quot;targetHeight&quot;:1365,&quot;scaleAttr&quot;:false,&quot;ariaLabel&quot;:&quot;Bild vergr\\u00f6\\u00dfern&quot;,&quot;alt&quot;:&quot;&quot;}\" data-wp-interactive=\"core\/image\" class=\"wp-block-image aligncenter size-large is-resized wp-lightbox-container\"><img loading=\"lazy\" decoding=\"async\" width=\"1400\" height=\"933\" data-wp-init=\"callbacks.setButtonStyles\" data-wp-on-async--click=\"actions.showLightbox\" data-wp-on-async--load=\"callbacks.setButtonStyles\" data-wp-on-async-window--resize=\"callbacks.setButtonStyles\" src=\"https:\/\/www.qmd-medicaldevice.com\/wp-content\/uploads\/2024\/10\/borsa-qmd-1400x933.png\" alt=\"\" class=\"wp-image-2399\" style=\"width:624px;height:auto\" srcset=\"https:\/\/www.qmd-medicaldevice.com\/wp-content\/uploads\/2024\/10\/borsa-qmd-1400x933.png 1400w, https:\/\/www.qmd-medicaldevice.com\/wp-content\/uploads\/2024\/10\/borsa-qmd.png 2048w, https:\/\/www.qmd-medicaldevice.com\/wp-content\/uploads\/2024\/10\/borsa-qmd-700x467.png 700w, https:\/\/www.qmd-medicaldevice.com\/wp-content\/uploads\/2024\/10\/borsa-qmd-768x512.png 768w, https:\/\/www.qmd-medicaldevice.com\/wp-content\/uploads\/2024\/10\/borsa-qmd-1536x1024.png 1536w\" sizes=\"(max-width: 1400px) 100vw, 1400px\" \/><button\n\t\t\tclass=\"lightbox-trigger\"\n\t\t\ttype=\"button\"\n\t\t\taria-haspopup=\"dialog\"\n\t\t\taria-label=\"Bild vergr\u00f6\u00dfern\"\n\t\t\tdata-wp-init=\"callbacks.initTriggerButton\"\n\t\t\tdata-wp-on-async--click=\"actions.showLightbox\"\n\t\t\tdata-wp-style--right=\"context.imageButtonRight\"\n\t\t\tdata-wp-style--top=\"context.imageButtonTop\"\n\t\t>\n\t\t\t<svg xmlns=\"http:\/\/www.w3.org\/2000\/svg\" width=\"12\" height=\"12\" fill=\"none\" viewBox=\"0 0 12 12\">\n\t\t\t\t<path fill=\"#fff\" d=\"M2 0a2 2 0 0 0-2 2v2h1.5V2a.5.5 0 0 1 .5-.5h2V0H2Zm2 10.5H2a.5.5 0 0 1-.5-.5V8H0v2a2 2 0 0 0 2 2h2v-1.5ZM8 12v-1.5h2a.5.5 0 0 0 .5-.5V8H12v2a2 2 0 0 1-2 2H8Zm2-12a2 2 0 0 1 2 2v2h-1.5V2a.5.5 0 0 0-.5-.5H8V0h2Z\" \/>\n\t\t\t<\/svg>\n\t\t<\/button><\/figure>\n<\/div>\n\n\n\n<div class=\"wp-block-column is-vertically-aligned-center is-layout-flow wp-block-column-is-layout-flow\">\n<h2 class=\"wp-block-heading alignwide\" style=\"letter-spacing:-0.02em\">Schutz &amp; Mobilit\u00e4t<\/h2>\n\n\n\n<p>Die Transport-Tasche ist ideal f\u00fcr den mobilen Einsatz und den Schutz Ihrer wertvollen Ausr\u00fcstung.<\/p>\n\n\n\n<p>Genie\u00dfen Sie Komfort und Sicherheit auf jedem Schritt Ihrer Wege.<\/p>\n<\/div>\n<\/div>\n\n\n\n<div class=\"wp-block-group alignfull has-accent-2-background-color has-background has-global-padding is-layout-constrained wp-block-group-is-layout-constrained\" style=\"padding-top:var(--wp--preset--spacing--50);padding-bottom:var(--wp--preset--spacing--50)\">\n<h2 class=\"wp-block-heading has-text-align-center has-base-2-color has-text-color has-link-color wp-elements-675e0a796d3cb7bf3cc5efabdead46f6\">Transport-Tasche<\/h2>\n\n\n\n<h3 class=\"wp-block-heading has-text-align-center\">Sie erm\u00f6glicht den einfachen, sicheren und stilvollen Transport der qmd\u00ae PC-Einheit.<\/h3>\n<\/div>\n","protected":false},"excerpt":{"rendered":"<p>Transport-Tasche elegant und mit praktisch Die qmd\u00ae Transport-Tasche kombiniert elegantes Design mit praktischer Funktionalit\u00e4t. Schutz &amp; Mobilit\u00e4t Die Transport-Tasche ist ideal f\u00fcr den mobilen Einsatz und den Schutz Ihrer wertvollen Ausr\u00fcstung. Genie\u00dfen Sie Komfort und Sicherheit auf jedem Schritt Ihrer Wege. Transport-Tasche Sie erm\u00f6glicht den einfachen, sicheren und stilvollen Transport der qmd\u00ae PC-Einheit.<\/p>\n","protected":false},"author":1,"featured_media":0,"parent":0,"menu_order":0,"comment_status":"closed","ping_status":"closed","template":"","meta":{"footnotes":""},"class_list":["post-2389","page","type-page","status-publish","hentry"],"_links":{"self":[{"href":"https:\/\/www.qmd-medicaldevice.com\/de\/wp-json\/wp\/v2\/pages\/2389"}],"collection":[{"href":"https:\/\/www.qmd-medicaldevice.com\/de\/wp-json\/wp\/v2\/pages"}],"about":[{"href":"https:\/\/www.qmd-medicaldevice.com\/de\/wp-json\/wp\/v2\/types\/page"}],"author":[{"embeddable":true,"href":"https:\/\/www.qmd-medicaldevice.com\/de\/wp-json\/wp\/v2\/users\/1"}],"replies":[{"embeddable":true,"href":"https:\/\/www.qmd-medicaldevice.com\/de\/wp-json\/wp\/v2\/comments?post=2389"}],"version-history":[{"count":5,"href":"https:\/\/www.qmd-medicaldevice.com\/de\/wp-json\/wp\/v2\/pages\/2389\/revisions"}],"predecessor-version":[{"id":3025,"href":"https:\/\/www.qmd-medicaldevice.com\/de\/wp-json\/wp\/v2\/pages\/2389\/revisions\/3025"}],"wp:attachment":[{"href":"https:\/\/www.qmd-medicaldevice.com\/de\/wp-json\/wp\/v2\/media?parent=2389"}],"curies":[{"name":"wp","href":"https:\/\/api.w.org\/{rel}","templated":true}]}}