{"id":2384,"date":"2024-10-04T08:13:33","date_gmt":"2024-10-04T06:13:33","guid":{"rendered":"https:\/\/www.qmd-medicaldevice.com\/?page_id=2384"},"modified":"2024-11-07T13:31:30","modified_gmt":"2024-11-07T12:31:30","slug":"us-arm","status":"publish","type":"page","link":"https:\/\/www.qmd-medicaldevice.com\/de\/us-arm\/","title":{"rendered":"US Arm"},"content":{"rendered":"\n<h1 class=\"wp-block-heading has-text-align-center\">US Arm<\/h1>\n\n\n\n<h2 class=\"wp-block-heading has-text-align-center\">f\u00fcr statische Ultraschallbehandlungen<\/h2>\n\n\n\n<p class=\"has-text-align-center\">Der qmd\u00ae US Arm ist der ideale verstellbare Arm f\u00fcr statische Ultraschallbehandlungen mit unserem qmd\u00ae ultrasound cryo thermal.<\/p>\n\n\n\n<div class=\"wp-block-columns is-layout-flex wp-container-core-columns-is-layout-1 wp-block-columns-is-layout-flex\">\n<div class=\"wp-block-column is-vertically-aligned-center is-layout-flow wp-block-column-is-layout-flow\">\n<figure data-wp-context=\"{&quot;uploadedSrc&quot;:&quot;https:\\\/\\\/www.qmd-medicaldevice.com\\\/wp-content\\\/uploads\\\/2024\\\/10\\\/2024-05-28-nuovo-braccio-fisso-1-us-arm.png&quot;,&quot;figureClassNames&quot;:&quot;wp-block-image aligncenter size-large is-resized&quot;,&quot;figureStyles&quot;:null,&quot;imgClassNames&quot;:&quot;wp-image-2393&quot;,&quot;imgStyles&quot;:&quot;width:624px;height:auto&quot;,&quot;targetWidth&quot;:557,&quot;targetHeight&quot;:545,&quot;scaleAttr&quot;:false,&quot;ariaLabel&quot;:&quot;Bild vergr\\u00f6\\u00dfern&quot;,&quot;alt&quot;:&quot;&quot;}\" data-wp-interactive=\"core\/image\" class=\"wp-block-image aligncenter size-large is-resized wp-lightbox-container\"><img loading=\"lazy\" decoding=\"async\" width=\"557\" height=\"545\" data-wp-init=\"callbacks.setButtonStyles\" data-wp-on-async--click=\"actions.showLightbox\" data-wp-on-async--load=\"callbacks.setButtonStyles\" data-wp-on-async-window--resize=\"callbacks.setButtonStyles\" src=\"https:\/\/www.qmd-medicaldevice.com\/wp-content\/uploads\/2024\/10\/2024-05-28-nuovo-braccio-fisso-1-us-arm.png\" alt=\"\" class=\"wp-image-2393\" style=\"width:624px;height:auto\"\/><button\n\t\t\tclass=\"lightbox-trigger\"\n\t\t\ttype=\"button\"\n\t\t\taria-haspopup=\"dialog\"\n\t\t\taria-label=\"Bild vergr\u00f6\u00dfern\"\n\t\t\tdata-wp-init=\"callbacks.initTriggerButton\"\n\t\t\tdata-wp-on-async--click=\"actions.showLightbox\"\n\t\t\tdata-wp-style--right=\"context.imageButtonRight\"\n\t\t\tdata-wp-style--top=\"context.imageButtonTop\"\n\t\t>\n\t\t\t<svg xmlns=\"http:\/\/www.w3.org\/2000\/svg\" width=\"12\" height=\"12\" fill=\"none\" viewBox=\"0 0 12 12\">\n\t\t\t\t<path fill=\"#fff\" d=\"M2 0a2 2 0 0 0-2 2v2h1.5V2a.5.5 0 0 1 .5-.5h2V0H2Zm2 10.5H2a.5.5 0 0 1-.5-.5V8H0v2a2 2 0 0 0 2 2h2v-1.5ZM8 12v-1.5h2a.5.5 0 0 0 .5-.5V8H12v2a2 2 0 0 1-2 2H8Zm2-12a2 2 0 0 1 2 2v2h-1.5V2a.5.5 0 0 0-.5-.5H8V0h2Z\" \/>\n\t\t\t<\/svg>\n\t\t<\/button><\/figure>\n<\/div>\n\n\n\n<div class=\"wp-block-column is-vertically-aligned-center is-layout-flow wp-block-column-is-layout-flow\">\n<h2 class=\"wp-block-heading alignwide\" style=\"letter-spacing:-0.02em\">Komfortable und anpassungsf\u00e4hig <\/h2>\n\n\n\n<p>Der US Arm bietet Ihnen die Flexibilit\u00e4t, die Sie f\u00fcr pr\u00e4zise und komfortable Anwendungen ben\u00f6tigen. <\/p>\n\n\n\n<p>Optimieren Sie Ihre Behandlungsabl\u00e4ufe und genie\u00dfen Sie die einfache Handhabung und Anpassungsf\u00e4higkeit des qmd\u00ae US Arms.<\/p>\n<\/div>\n<\/div>\n\n\n\n<div class=\"wp-block-group alignfull has-accent-2-background-color has-background has-global-padding is-layout-constrained wp-block-group-is-layout-constrained\" style=\"padding-top:var(--wp--preset--spacing--50);padding-bottom:var(--wp--preset--spacing--50)\">\n<h2 class=\"wp-block-heading has-text-align-center has-base-2-color has-text-color has-link-color wp-elements-b2d2074126e73d2d7b1bc8297e89332a\">US Arm<\/h2>\n\n\n\n<h3 class=\"wp-block-heading has-text-align-center\">Erleben Sie mehr Flexibilit\u00e4t und Pr\u00e4zision bei der UltraschallTherapie mit dem qmd\u00ae US Arm.<\/h3>\n<\/div>\n","protected":false},"excerpt":{"rendered":"<p>US Arm f\u00fcr statische Ultraschallbehandlungen Der qmd\u00ae US Arm ist der ideale verstellbare Arm f\u00fcr statische Ultraschallbehandlungen mit unserem qmd\u00ae ultrasound cryo thermal. Komfortable und anpassungsf\u00e4hig Der US Arm bietet Ihnen die Flexibilit\u00e4t, die Sie f\u00fcr pr\u00e4zise und komfortable Anwendungen ben\u00f6tigen. Optimieren Sie Ihre Behandlungsabl\u00e4ufe und genie\u00dfen Sie die einfache Handhabung und Anpassungsf\u00e4higkeit des qmd\u00ae [&hellip;]<\/p>\n","protected":false},"author":1,"featured_media":0,"parent":0,"menu_order":0,"comment_status":"closed","ping_status":"closed","template":"","meta":{"footnotes":""},"class_list":["post-2384","page","type-page","status-publish","hentry"],"_links":{"self":[{"href":"https:\/\/www.qmd-medicaldevice.com\/de\/wp-json\/wp\/v2\/pages\/2384"}],"collection":[{"href":"https:\/\/www.qmd-medicaldevice.com\/de\/wp-json\/wp\/v2\/pages"}],"about":[{"href":"https:\/\/www.qmd-medicaldevice.com\/de\/wp-json\/wp\/v2\/types\/page"}],"author":[{"embeddable":true,"href":"https:\/\/www.qmd-medicaldevice.com\/de\/wp-json\/wp\/v2\/users\/1"}],"replies":[{"embeddable":true,"href":"https:\/\/www.qmd-medicaldevice.com\/de\/wp-json\/wp\/v2\/comments?post=2384"}],"version-history":[{"count":5,"href":"https:\/\/www.qmd-medicaldevice.com\/de\/wp-json\/wp\/v2\/pages\/2384\/revisions"}],"predecessor-version":[{"id":3037,"href":"https:\/\/www.qmd-medicaldevice.com\/de\/wp-json\/wp\/v2\/pages\/2384\/revisions\/3037"}],"wp:attachment":[{"href":"https:\/\/www.qmd-medicaldevice.com\/de\/wp-json\/wp\/v2\/media?parent=2384"}],"curies":[{"name":"wp","href":"https:\/\/api.w.org\/{rel}","templated":true}]}}