{"id":2374,"date":"2024-10-04T07:59:40","date_gmt":"2024-10-04T05:59:40","guid":{"rendered":"https:\/\/www.qmd-medicaldevice.com\/?page_id=2374"},"modified":"2024-11-07T12:02:59","modified_gmt":"2024-11-07T11:02:59","slug":"trolley-light","status":"publish","type":"page","link":"https:\/\/www.qmd-medicaldevice.com\/de\/trolley-light\/","title":{"rendered":"Trolley light"},"content":{"rendered":"\n<h1 class=\"wp-block-heading has-text-align-center\">Trolley light<\/h1>\n\n\n\n<h2 class=\"wp-block-heading has-text-align-center\">stilvoll und funktional<\/h2>\n\n\n\n<p class=\"has-text-align-center\">Entdecken Sie den qmd\u00ae trolley Light \u2013 Ihr stilvoller und funktionaler Partner f\u00fcr eine effiziente Praxisorganisation.<\/p>\n\n\n\n<blockquote class=\"wp-block-quote is-layout-flow wp-block-quote-is-layout-flow\">\n<p class=\"has-text-align-center\">Dieser elegante Therapiewagen wurde speziell f\u00fcr den qmd\u00ae ultrasound cryo thermal und das cryo thermal PT entwickelt.<\/p>\n<\/blockquote>\n\n\n\n<div class=\"wp-block-columns is-layout-flex wp-container-core-columns-is-layout-1 wp-block-columns-is-layout-flex\">\n<div class=\"wp-block-column is-vertically-aligned-center is-layout-flow wp-block-column-is-layout-flow\">\n<figure data-wp-context=\"{&quot;uploadedSrc&quot;:&quot;https:\\\/\\\/www.qmd-medicaldevice.com\\\/wp-content\\\/uploads\\\/2024\\\/10\\\/20240927090921-trolley-light.png&quot;,&quot;figureClassNames&quot;:&quot;wp-block-image aligncenter size-large is-resized&quot;,&quot;figureStyles&quot;:null,&quot;imgClassNames&quot;:&quot;wp-image-2403&quot;,&quot;imgStyles&quot;:&quot;width:624px;height:auto&quot;,&quot;targetWidth&quot;:860,&quot;targetHeight&quot;:1136,&quot;scaleAttr&quot;:false,&quot;ariaLabel&quot;:&quot;Bild vergr\\u00f6\\u00dfern&quot;,&quot;alt&quot;:&quot;&quot;}\" data-wp-interactive=\"core\/image\" class=\"wp-block-image aligncenter size-large is-resized wp-lightbox-container\"><img loading=\"lazy\" decoding=\"async\" width=\"860\" height=\"1136\" data-wp-init=\"callbacks.setButtonStyles\" data-wp-on-async--click=\"actions.showLightbox\" data-wp-on-async--load=\"callbacks.setButtonStyles\" data-wp-on-async-window--resize=\"callbacks.setButtonStyles\" src=\"https:\/\/www.qmd-medicaldevice.com\/wp-content\/uploads\/2024\/10\/20240927090921-trolley-light.png\" alt=\"\" class=\"wp-image-2403\" style=\"width:624px;height:auto\" srcset=\"https:\/\/www.qmd-medicaldevice.com\/wp-content\/uploads\/2024\/10\/20240927090921-trolley-light.png 860w, https:\/\/www.qmd-medicaldevice.com\/wp-content\/uploads\/2024\/10\/20240927090921-trolley-light-530x700.png 530w, https:\/\/www.qmd-medicaldevice.com\/wp-content\/uploads\/2024\/10\/20240927090921-trolley-light-768x1014.png 768w\" sizes=\"(max-width: 860px) 100vw, 860px\" \/><button\n\t\t\tclass=\"lightbox-trigger\"\n\t\t\ttype=\"button\"\n\t\t\taria-haspopup=\"dialog\"\n\t\t\taria-label=\"Bild vergr\u00f6\u00dfern\"\n\t\t\tdata-wp-init=\"callbacks.initTriggerButton\"\n\t\t\tdata-wp-on-async--click=\"actions.showLightbox\"\n\t\t\tdata-wp-style--right=\"context.imageButtonRight\"\n\t\t\tdata-wp-style--top=\"context.imageButtonTop\"\n\t\t>\n\t\t\t<svg xmlns=\"http:\/\/www.w3.org\/2000\/svg\" width=\"12\" height=\"12\" fill=\"none\" viewBox=\"0 0 12 12\">\n\t\t\t\t<path fill=\"#fff\" d=\"M2 0a2 2 0 0 0-2 2v2h1.5V2a.5.5 0 0 1 .5-.5h2V0H2Zm2 10.5H2a.5.5 0 0 1-.5-.5V8H0v2a2 2 0 0 0 2 2h2v-1.5ZM8 12v-1.5h2a.5.5 0 0 0 .5-.5V8H12v2a2 2 0 0 1-2 2H8Zm2-12a2 2 0 0 1 2 2v2h-1.5V2a.5.5 0 0 0-.5-.5H8V0h2Z\" \/>\n\t\t\t<\/svg>\n\t\t<\/button><\/figure>\n<\/div>\n\n\n\n<div class=\"wp-block-column is-vertically-aligned-center is-layout-flow wp-block-column-is-layout-flow\">\n<h2 class=\"wp-block-heading alignwide\" style=\"letter-spacing:-0.02em\">Durchdachten Design<\/h2>\n\n\n\n<p>Mit seinem durchdachten Design bietet der qmd\u00ae trolley Light nicht nur eine ordentliche Aufbewahrung, sondern auch schnellen Zugriff auf Ihre Ger\u00e4te, damit Sie sich auf das Wesentliche konzentrieren k\u00f6nnen: Ihre Patienten.<\/p>\n<\/div>\n<\/div>\n\n\n\n<div class=\"wp-block-group alignfull has-accent-2-background-color has-background has-global-padding is-layout-constrained wp-block-group-is-layout-constrained\" style=\"padding-top:var(--wp--preset--spacing--50);padding-bottom:var(--wp--preset--spacing--50)\">\n<h2 class=\"wp-block-heading has-text-align-center has-base-2-color has-text-color has-link-color wp-elements-c2db03c1b4daec209c44ee7c52ec4b97\">trolley light<\/h2>\n\n\n\n<h3 class=\"wp-block-heading has-text-align-center\">Erleben Sie, wie der qmd\u00ae Trolley Light Ihre Praxis auf ein neues Level hebt \u2013 f\u00fcr eine harmonische Kombination aus \u00c4sthetik und praktischer Funktionalit\u00e4t.<\/h3>\n<\/div>\n","protected":false},"excerpt":{"rendered":"<p>Trolley light stilvoll und funktional Entdecken Sie den qmd\u00ae trolley Light \u2013 Ihr stilvoller und funktionaler Partner f\u00fcr eine effiziente Praxisorganisation. Dieser elegante Therapiewagen wurde speziell f\u00fcr den qmd\u00ae ultrasound cryo thermal und das cryo thermal PT entwickelt. Durchdachten Design Mit seinem durchdachten Design bietet der qmd\u00ae trolley Light nicht nur eine ordentliche Aufbewahrung, sondern [&hellip;]<\/p>\n","protected":false},"author":1,"featured_media":0,"parent":0,"menu_order":0,"comment_status":"closed","ping_status":"closed","template":"","meta":{"footnotes":""},"class_list":["post-2374","page","type-page","status-publish","hentry"],"_links":{"self":[{"href":"https:\/\/www.qmd-medicaldevice.com\/de\/wp-json\/wp\/v2\/pages\/2374"}],"collection":[{"href":"https:\/\/www.qmd-medicaldevice.com\/de\/wp-json\/wp\/v2\/pages"}],"about":[{"href":"https:\/\/www.qmd-medicaldevice.com\/de\/wp-json\/wp\/v2\/types\/page"}],"author":[{"embeddable":true,"href":"https:\/\/www.qmd-medicaldevice.com\/de\/wp-json\/wp\/v2\/users\/1"}],"replies":[{"embeddable":true,"href":"https:\/\/www.qmd-medicaldevice.com\/de\/wp-json\/wp\/v2\/comments?post=2374"}],"version-history":[{"count":5,"href":"https:\/\/www.qmd-medicaldevice.com\/de\/wp-json\/wp\/v2\/pages\/2374\/revisions"}],"predecessor-version":[{"id":2966,"href":"https:\/\/www.qmd-medicaldevice.com\/de\/wp-json\/wp\/v2\/pages\/2374\/revisions\/2966"}],"wp:attachment":[{"href":"https:\/\/www.qmd-medicaldevice.com\/de\/wp-json\/wp\/v2\/media?parent=2374"}],"curies":[{"name":"wp","href":"https:\/\/api.w.org\/{rel}","templated":true}]}}