{"id":2364,"date":"2024-10-04T07:44:28","date_gmt":"2024-10-04T05:44:28","guid":{"rendered":"https:\/\/www.qmd-medicaldevice.com\/?page_id=2364"},"modified":"2024-10-15T18:13:01","modified_gmt":"2024-10-15T16:13:01","slug":"therapiewagen","status":"publish","type":"page","link":"https:\/\/www.qmd-medicaldevice.com\/de\/therapiewagen\/","title":{"rendered":"Therapiewagen"},"content":{"rendered":"\n<h1 class=\"wp-block-heading has-text-align-center\">Therapiewagen<\/h1>\n\n\n\n<h2 class=\"wp-block-heading has-text-align-center\">Mobilit\u00e4t und Sicherheit f\u00fcr Ihr Ger\u00e4t<\/h2>\n\n\n\n<p class=\"has-text-align-center\">Der ergonomische qmd\u00ae Therapiewagen bietet optimale Mobilit\u00e4t und Sicherheit f\u00fcr Ihr qmd\u00ae-Ger\u00e4t.<\/p>\n\n\n\n<div class=\"wp-block-columns is-layout-flex wp-container-core-columns-is-layout-1 wp-block-columns-is-layout-flex\">\n<div class=\"wp-block-column is-vertically-aligned-center is-layout-flow wp-block-column-is-layout-flow\">\n<figure data-wp-context=\"{&quot;uploadedSrc&quot;:&quot;https:\\\/\\\/www.qmd-medicaldevice.com\\\/wp-content\\\/uploads\\\/2024\\\/10\\\/20230714135405-accessories-uebersicht.png&quot;,&quot;figureClassNames&quot;:&quot;wp-block-image aligncenter size-large is-resized&quot;,&quot;figureStyles&quot;:null,&quot;imgClassNames&quot;:&quot;wp-image-2401&quot;,&quot;imgStyles&quot;:&quot;width:624px;height:auto&quot;,&quot;targetWidth&quot;:1365,&quot;targetHeight&quot;:2048,&quot;scaleAttr&quot;:false,&quot;ariaLabel&quot;:&quot;Bild vergr\\u00f6\\u00dfern&quot;,&quot;alt&quot;:&quot;&quot;}\" data-wp-interactive=\"core\/image\" class=\"wp-block-image aligncenter size-large is-resized wp-lightbox-container\"><img loading=\"lazy\" decoding=\"async\" width=\"933\" height=\"1400\" data-wp-init=\"callbacks.setButtonStyles\" data-wp-on-async--click=\"actions.showLightbox\" data-wp-on-async--load=\"callbacks.setButtonStyles\" data-wp-on-async-window--resize=\"callbacks.setButtonStyles\" src=\"https:\/\/www.qmd-medicaldevice.com\/wp-content\/uploads\/2024\/10\/20230714135405-accessories-uebersicht-933x1400.png\" alt=\"\" class=\"wp-image-2401\" style=\"width:624px;height:auto\" srcset=\"https:\/\/www.qmd-medicaldevice.com\/wp-content\/uploads\/2024\/10\/20230714135405-accessories-uebersicht-933x1400.png 933w, https:\/\/www.qmd-medicaldevice.com\/wp-content\/uploads\/2024\/10\/20230714135405-accessories-uebersicht.png 1365w, https:\/\/www.qmd-medicaldevice.com\/wp-content\/uploads\/2024\/10\/20230714135405-accessories-uebersicht-467x700.png 467w, https:\/\/www.qmd-medicaldevice.com\/wp-content\/uploads\/2024\/10\/20230714135405-accessories-uebersicht-768x1152.png 768w, https:\/\/www.qmd-medicaldevice.com\/wp-content\/uploads\/2024\/10\/20230714135405-accessories-uebersicht-1024x1536.png 1024w\" sizes=\"(max-width: 933px) 100vw, 933px\" \/><button\n\t\t\tclass=\"lightbox-trigger\"\n\t\t\ttype=\"button\"\n\t\t\taria-haspopup=\"dialog\"\n\t\t\taria-label=\"Bild vergr\u00f6\u00dfern\"\n\t\t\tdata-wp-init=\"callbacks.initTriggerButton\"\n\t\t\tdata-wp-on-async--click=\"actions.showLightbox\"\n\t\t\tdata-wp-style--right=\"context.imageButtonRight\"\n\t\t\tdata-wp-style--top=\"context.imageButtonTop\"\n\t\t>\n\t\t\t<svg xmlns=\"http:\/\/www.w3.org\/2000\/svg\" width=\"12\" height=\"12\" fill=\"none\" viewBox=\"0 0 12 12\">\n\t\t\t\t<path fill=\"#fff\" d=\"M2 0a2 2 0 0 0-2 2v2h1.5V2a.5.5 0 0 1 .5-.5h2V0H2Zm2 10.5H2a.5.5 0 0 1-.5-.5V8H0v2a2 2 0 0 0 2 2h2v-1.5ZM8 12v-1.5h2a.5.5 0 0 0 .5-.5V8H12v2a2 2 0 0 1-2 2H8Zm2-12a2 2 0 0 1 2 2v2h-1.5V2a.5.5 0 0 0-.5-.5H8V0h2Z\" \/>\n\t\t\t<\/svg>\n\t\t<\/button><\/figure>\n<\/div>\n\n\n\n<div class=\"wp-block-column is-vertically-aligned-center is-layout-flow wp-block-column-is-layout-flow\">\n<div class=\"wp-block-group design-1 has-global-padding is-layout-constrained wp-container-core-group-is-layout-2 wp-block-group-is-layout-constrained\" style=\"margin-bottom:0;padding-top:var(--wp--preset--spacing--10);padding-right:var(--wp--preset--spacing--10);padding-bottom:var(--wp--preset--spacing--10);padding-left:var(--wp--preset--spacing--10)\">\n<h2 class=\"wp-block-heading alignwide\" style=\"letter-spacing:-0.02em\">Vorteile<\/h2>\n\n\n\n<div class=\"wp-block-group alignwide is-layout-flow wp-block-group-is-layout-flow\">\n<hr class=\"wp-block-separator has-text-color has-base-color has-alpha-channel-opacity has-base-background-color has-background is-style-wide\"\/>\n\n\n\n<details class=\"wp-block-details is-style-arrow-icon-details has-medium-font-size is-layout-flow wp-block-details-is-layout-flow\" style=\"border-top-style:none;border-top-width:0px;border-right-style:none;border-right-width:0px;border-bottom-color:var(--wp--preset--color--base);border-bottom-style:solid;border-bottom-width:1px;border-left-style:none;border-left-width:0px;margin-top:0\"><summary>Praktisches Design<\/summary>\n<p class=\"has-contrast-1-color has-text-color has-link-color wp-elements-3c09f9cc6eef6bba99ae0f486d72d77e\">Zus\u00e4tzlich verf\u00fcgt der Wagen \u00fcber zwei praktische Halterungen \u2013 eine f\u00fcr den Laser und eine f\u00fcr das Kryo-Thermal-Handst\u00fcck \u2013 sodass Ihr Equipment stets griffbereit und sicher verstaut ist.<\/p>\n<\/details>\n\n\n\n<details class=\"wp-block-details is-style-arrow-icon-details has-medium-font-size is-layout-flow wp-block-details-is-layout-flow\" style=\"border-top-style:none;border-top-width:0px;border-right-style:none;border-right-width:0px;border-bottom-color:var(--wp--preset--color--base);border-bottom-style:solid;border-bottom-width:1px;border-left-style:none;border-left-width:0px;margin-top:0\"><summary>Flexible Mobilit\u00e4t<\/summary>\n<p class=\"has-contrast-1-color has-text-color has-link-color wp-elements-19b69a90970533890951521bd72405f9\">Dank der gro\u00dfen R\u00e4der l\u00e4sst sich der Wagen m\u00fchelos bewegen, selbst in beengten Praxisr\u00e4umen.<\/p>\n<\/details>\n\n\n\n<details class=\"wp-block-details is-style-arrow-icon-details has-medium-font-size is-layout-flow wp-block-details-is-layout-flow\" style=\"border-top-style:none;border-top-width:0px;border-right-style:none;border-right-width:0px;border-bottom-color:var(--wp--preset--color--base);border-bottom-style:solid;border-bottom-width:1px;border-left-style:none;border-left-width:0px;margin-top:0\"><summary>Robuste Qualit\u00e4t<\/summary>\n<p class=\"has-contrast-1-color has-text-color has-link-color wp-elements-af632bd570d49e278e129984d2adf373\">Die stabile Auflagefl\u00e4che ist mit einer speziellen \u00d6ffnung versehen, die eine sichere Befestigung Ihres Ger\u00e4ts gew\u00e4hrleistet.<\/p>\n<\/details>\n<\/div>\n<\/div>\n<\/div>\n<\/div>\n\n\n\n<div class=\"wp-block-group alignfull has-accent-2-background-color has-background has-global-padding is-layout-constrained wp-block-group-is-layout-constrained\" style=\"padding-top:var(--wp--preset--spacing--50);padding-bottom:var(--wp--preset--spacing--50)\">\n<h2 class=\"wp-block-heading has-text-align-center has-base-2-color has-text-color has-link-color wp-elements-929951d25c51bd4ec9fad96639a4b205\">Therapiewagen<\/h2>\n\n\n\n<h3 class=\"wp-block-heading has-text-align-center\">Effizienz und Ordnung in Ihrer Praxis \u2013 der funktionale Wagen f\u00fcr Ihr Equipment!<\/h3>\n<\/div>\n","protected":false},"excerpt":{"rendered":"<p>Therapiewagen Mobilit\u00e4t und Sicherheit f\u00fcr Ihr Ger\u00e4t Der ergonomische qmd\u00ae Therapiewagen bietet optimale Mobilit\u00e4t und Sicherheit f\u00fcr Ihr qmd\u00ae-Ger\u00e4t. Vorteile Therapiewagen Effizienz und Ordnung in Ihrer Praxis \u2013 der funktionale Wagen f\u00fcr Ihr Equipment!<\/p>\n","protected":false},"author":1,"featured_media":0,"parent":0,"menu_order":0,"comment_status":"closed","ping_status":"closed","template":"","meta":{"footnotes":""},"class_list":["post-2364","page","type-page","status-publish","hentry"],"_links":{"self":[{"href":"https:\/\/www.qmd-medicaldevice.com\/de\/wp-json\/wp\/v2\/pages\/2364"}],"collection":[{"href":"https:\/\/www.qmd-medicaldevice.com\/de\/wp-json\/wp\/v2\/pages"}],"about":[{"href":"https:\/\/www.qmd-medicaldevice.com\/de\/wp-json\/wp\/v2\/types\/page"}],"author":[{"embeddable":true,"href":"https:\/\/www.qmd-medicaldevice.com\/de\/wp-json\/wp\/v2\/users\/1"}],"replies":[{"embeddable":true,"href":"https:\/\/www.qmd-medicaldevice.com\/de\/wp-json\/wp\/v2\/comments?post=2364"}],"version-history":[{"count":10,"href":"https:\/\/www.qmd-medicaldevice.com\/de\/wp-json\/wp\/v2\/pages\/2364\/revisions"}],"predecessor-version":[{"id":2594,"href":"https:\/\/www.qmd-medicaldevice.com\/de\/wp-json\/wp\/v2\/pages\/2364\/revisions\/2594"}],"wp:attachment":[{"href":"https:\/\/www.qmd-medicaldevice.com\/de\/wp-json\/wp\/v2\/media?parent=2364"}],"curies":[{"name":"wp","href":"https:\/\/api.w.org\/{rel}","templated":true}]}}