{"id":2326,"date":"2024-10-03T17:39:30","date_gmt":"2024-10-03T15:39:30","guid":{"rendered":"https:\/\/www.qmd-medicaldevice.com\/?page_id=2326"},"modified":"2024-11-06T17:27:30","modified_gmt":"2024-11-06T16:27:30","slug":"ares-cryo-thermal","status":"publish","type":"page","link":"https:\/\/www.qmd-medicaldevice.com\/de\/ares-cryo-thermal\/","title":{"rendered":"ares cryo-thermal"},"content":{"rendered":"\n<div class=\"wp-block-cover alignfull is-light ohneAbstandOben\" style=\"min-height:660px;aspect-ratio:unset;\"><span aria-hidden=\"true\" class=\"wp-block-cover__background has-background-dim-0 has-background-dim\" style=\"background-color:#978580\"><\/span><img loading=\"lazy\" decoding=\"async\" width=\"2048\" height=\"1366\" class=\"wp-block-cover__image-background wp-image-2580\" alt=\"\" src=\"https:\/\/www.qmd-medicaldevice.com\/wp-content\/uploads\/2024\/10\/ultrasound-behandlung-1.jpg\" data-object-fit=\"cover\" srcset=\"https:\/\/www.qmd-medicaldevice.com\/wp-content\/uploads\/2024\/10\/ultrasound-behandlung-1.jpg 2048w, https:\/\/www.qmd-medicaldevice.com\/wp-content\/uploads\/2024\/10\/ultrasound-behandlung-1-700x467.jpg 700w, https:\/\/www.qmd-medicaldevice.com\/wp-content\/uploads\/2024\/10\/ultrasound-behandlung-1-768x512.jpg 768w, https:\/\/www.qmd-medicaldevice.com\/wp-content\/uploads\/2024\/10\/ultrasound-behandlung-1-1400x934.jpg 1400w, https:\/\/www.qmd-medicaldevice.com\/wp-content\/uploads\/2024\/10\/ultrasound-behandlung-1-1536x1025.jpg 1536w\" sizes=\"(max-width: 2048px) 100vw, 2048px\" \/><div class=\"wp-block-cover__inner-container has-global-padding is-layout-constrained wp-block-cover-is-layout-constrained\">\n<p class=\"has-text-align-center has-large-font-size\"><\/p>\n<\/div><\/div>\n\n\n\n<h1 class=\"wp-block-heading has-text-align-center\">ares cryo-thermal<\/h1>\n\n\n\n<h2 class=\"wp-block-heading has-text-align-center\">Das leistungsstarke All-in-One Therapiesystem<\/h2>\n\n\n\n<p class=\"has-text-align-center\">Das qmd\u00ae ares cryo-Thermal System kombiniert den leistungsstarken qmd\u00ae ares Laser mit dem innovativen qmd\u00ae cryo-thermal Modul und bietet damit ein vollst\u00e4ndiges Therapiekonzept f\u00fcr Ihre Praxis.<\/p>\n\n\n\n<div class=\"wp-block-columns is-layout-flex wp-container-core-columns-is-layout-1 wp-block-columns-is-layout-flex\">\n<div class=\"wp-block-column is-vertically-aligned-center is-layout-flow wp-block-column-is-layout-flow\">\n<h3 class=\"wp-block-heading\">Behandlungen<\/h3>\n\n\n\n<p>Folgende Effekte werden erzielt<\/p>\n\n\n\n<ul class=\"wp-block-list\">\n<li>entz\u00fcndungshemmende<\/li>\n\n\n\n<li>muskelentspannende<\/li>\n\n\n\n<li>\u00f6dem reduzierende<\/li>\n\n\n\n<li>schmerzlinderndernde<\/li>\n<\/ul>\n\n\n\n<h3 class=\"wp-block-heading\">Mehr zur<\/h3>\n\n\n\n<div class=\"wp-block-buttons is-layout-flex wp-block-buttons-is-layout-flex\">\n<div class=\"wp-block-button\"><a class=\"wp-block-button__link has-accent-3-background-color has-background wp-element-button\" href=\"https:\/\/www.qmd-medicaldevice.com\/laser-kryo-thermo-therapie\/\">Laser-Kryo-Thermo-Therapie<\/a><\/div>\n<\/div>\n<\/div>\n\n\n\n<div class=\"wp-block-column is-vertically-aligned-center is-layout-flow wp-block-column-is-layout-flow\">\n<figure data-wp-context=\"{&quot;uploadedSrc&quot;:&quot;https:\\\/\\\/www.qmd-medicaldevice.com\\\/wp-content\\\/uploads\\\/2024\\\/10\\\/helios-2.jpg&quot;,&quot;figureClassNames&quot;:&quot;wp-block-image aligncenter size-large is-resized&quot;,&quot;figureStyles&quot;:null,&quot;imgClassNames&quot;:&quot;wp-image-2578&quot;,&quot;imgStyles&quot;:&quot;width:624px;height:auto&quot;,&quot;targetWidth&quot;:1365,&quot;targetHeight&quot;:2048,&quot;scaleAttr&quot;:false,&quot;ariaLabel&quot;:&quot;Bild vergr\\u00f6\\u00dfern&quot;,&quot;alt&quot;:&quot;&quot;}\" data-wp-interactive=\"core\/image\" class=\"wp-block-image aligncenter size-large is-resized wp-lightbox-container\"><img loading=\"lazy\" decoding=\"async\" width=\"933\" height=\"1400\" data-wp-init=\"callbacks.setButtonStyles\" data-wp-on-async--click=\"actions.showLightbox\" data-wp-on-async--load=\"callbacks.setButtonStyles\" data-wp-on-async-window--resize=\"callbacks.setButtonStyles\" src=\"https:\/\/www.qmd-medicaldevice.com\/wp-content\/uploads\/2024\/10\/helios-2-933x1400.jpg\" alt=\"\" class=\"wp-image-2578\" style=\"width:624px;height:auto\" srcset=\"https:\/\/www.qmd-medicaldevice.com\/wp-content\/uploads\/2024\/10\/helios-2-933x1400.jpg 933w, https:\/\/www.qmd-medicaldevice.com\/wp-content\/uploads\/2024\/10\/helios-2.jpg 1365w, https:\/\/www.qmd-medicaldevice.com\/wp-content\/uploads\/2024\/10\/helios-2-467x700.jpg 467w, https:\/\/www.qmd-medicaldevice.com\/wp-content\/uploads\/2024\/10\/helios-2-768x1152.jpg 768w, https:\/\/www.qmd-medicaldevice.com\/wp-content\/uploads\/2024\/10\/helios-2-1024x1536.jpg 1024w\" sizes=\"(max-width: 933px) 100vw, 933px\" \/><button\n\t\t\tclass=\"lightbox-trigger\"\n\t\t\ttype=\"button\"\n\t\t\taria-haspopup=\"dialog\"\n\t\t\taria-label=\"Bild vergr\u00f6\u00dfern\"\n\t\t\tdata-wp-init=\"callbacks.initTriggerButton\"\n\t\t\tdata-wp-on-async--click=\"actions.showLightbox\"\n\t\t\tdata-wp-style--right=\"context.imageButtonRight\"\n\t\t\tdata-wp-style--top=\"context.imageButtonTop\"\n\t\t>\n\t\t\t<svg xmlns=\"http:\/\/www.w3.org\/2000\/svg\" width=\"12\" height=\"12\" fill=\"none\" viewBox=\"0 0 12 12\">\n\t\t\t\t<path fill=\"#fff\" d=\"M2 0a2 2 0 0 0-2 2v2h1.5V2a.5.5 0 0 1 .5-.5h2V0H2Zm2 10.5H2a.5.5 0 0 1-.5-.5V8H0v2a2 2 0 0 0 2 2h2v-1.5ZM8 12v-1.5h2a.5.5 0 0 0 .5-.5V8H12v2a2 2 0 0 1-2 2H8Zm2-12a2 2 0 0 1 2 2v2h-1.5V2a.5.5 0 0 0-.5-.5H8V0h2Z\" \/>\n\t\t\t<\/svg>\n\t\t<\/button><\/figure>\n<\/div>\n<\/div>\n\n\n\n<div style=\"height:60px\" aria-hidden=\"true\" class=\"wp-block-spacer\"><\/div>\n\n\n\n<div class=\"wp-block-group alignfull has-accent-2-background-color has-background has-global-padding is-layout-constrained wp-block-group-is-layout-constrained\" style=\"padding-top:var(--wp--preset--spacing--50);padding-bottom:var(--wp--preset--spacing--50)\">\n<h2 class=\"wp-block-heading has-text-align-center has-base-2-color has-text-color has-link-color wp-elements-8561d90ff1233a02054b6141daad03f6\">ares cryo-thermal<\/h2>\n\n\n\n<h3 class=\"wp-block-heading has-text-align-center\">Mit dem qmd\u00ae ares cryo-thermal System haben Sie ein leistungsstarkes, vielseitiges Ger\u00e4t f\u00fcr schneller sichtbare Behandlungserfolge und tiefere therapeutische Wirkung.<\/h3>\n<\/div>\n\n\n\n<div class=\"wp-block-group alignfull has-global-padding is-layout-constrained wp-block-group-is-layout-constrained\" style=\"margin-top:0;margin-bottom:0\">\n<div class=\"wp-block-group alignfull is-layout-flow wp-block-group-is-layout-flow\" style=\"margin-top:0;padding-top:0;padding-right:0;padding-bottom:0;padding-left:0\">\n<div class=\"wp-block-columns mobileSpaltenInvertieren is-layout-flex wp-container-core-columns-is-layout-2 wp-block-columns-is-layout-flex\" style=\"margin-top:0;margin-bottom:0;padding-top:0;padding-right:0;padding-bottom:0;padding-left:0\">\n<div class=\"wp-block-column is-layout-flow wp-block-column-is-layout-flow\">\n<div class=\"wp-block-group has-global-padding is-layout-constrained wp-container-core-group-is-layout-2 wp-block-group-is-layout-constrained\" style=\"padding-top:var(--wp--preset--spacing--50);padding-right:var(--wp--preset--spacing--50);padding-bottom:var(--wp--preset--spacing--50);padding-left:var(--wp--preset--spacing--50)\">\n<h2 class=\"wp-block-heading\">Pr\u00e4zise steuerbare Wellenl\u00e4ngen<\/h2>\n\n\n\n<p>Das Laserger\u00e4t verf\u00fcgt \u00fcber zwei pr\u00e4zise steuerbare Wellenl\u00e4ngen (808 und 1064 nm) mit einer Leistung von 18 W, die Ihnen gezielte und effektive Behandlungen erm\u00f6glichen. Sie k\u00f6nnen zwischen kontinuierlichen, gepulsten und supergepulsten Abgabemodalit\u00e4ten w\u00e4hlen, unterst\u00fctzt von der exklusiven qmd\u00ae harmonic pulsation. Die hohe Leistung sorgt f\u00fcr schnelle und tiefwirkende Anwendungen, ideal f\u00fcr anspruchsvolle therapeutische Anforderungen. Dabei k\u00f6nnen Sie die Behandlung ganz nach Wirkung, Behandlungszone oder individuellen Modalit\u00e4ten anpassen.<\/p>\n<\/div>\n<\/div>\n\n\n\n<div class=\"wp-block-column is-layout-flow wp-block-column-is-layout-flow\">\n<div class=\"wp-block-cover\" style=\"min-height:100%;aspect-ratio:unset;\"><span aria-hidden=\"true\" class=\"wp-block-cover__background has-accent-3-background-color has-background-dim-100 has-background-dim\"><\/span><div class=\"wp-block-cover__inner-container is-layout-flow wp-block-cover-is-layout-flow\">\n<p class=\"has-text-align-center has-xx-large-font-size\">pr\u00e4zise<\/p>\n<\/div><\/div>\n<\/div>\n<\/div>\n<\/div>\n\n\n\n<div class=\"wp-block-group alignfull is-layout-flow wp-block-group-is-layout-flow\" style=\"margin-top:0;padding-top:0;padding-right:0;padding-bottom:0;padding-left:0\">\n<div class=\"wp-block-columns is-layout-flex wp-container-core-columns-is-layout-3 wp-block-columns-is-layout-flex\" style=\"padding-top:0;padding-right:0;padding-bottom:0;padding-left:0\">\n<div class=\"wp-block-column is-layout-flow wp-block-column-is-layout-flow\">\n<div class=\"wp-block-cover\" style=\"min-height:100%;aspect-ratio:unset;\"><span aria-hidden=\"true\" class=\"wp-block-cover__background has-accent-3-background-color has-background-dim-100 has-background-dim\"><\/span><div class=\"wp-block-cover__inner-container is-layout-flow wp-block-cover-is-layout-flow\">\n<p class=\"has-text-align-center has-xx-large-font-size\">erg\u00e4nzend<\/p>\n<\/div><\/div>\n<\/div>\n\n\n\n<div class=\"wp-block-column is-layout-flow wp-block-column-is-layout-flow\">\n<div class=\"wp-block-group has-global-padding is-layout-constrained wp-container-core-group-is-layout-4 wp-block-group-is-layout-constrained\" style=\"padding-top:var(--wp--preset--spacing--50);padding-right:var(--wp--preset--spacing--50);padding-bottom:var(--wp--preset--spacing--50);padding-left:var(--wp--preset--spacing--50)\">\n<h2 class=\"wp-block-heading\">cryo-thermal Modul<\/h2>\n\n\n\n<p>Das cryo-thermal Modul erweitert die Lasertherapie um die kraftvolle Kombination von K\u00e4lte- und W\u00e4rmeanwendungen. Es erm\u00f6glicht die Anwendung von Thermoschocks sowie die exklusive contrast therapy\u00ae, was die entz\u00fcndungshemmenden, muskelentspannenden, schmerzlindernden und \u00f6demreduzierenden Effekte deutlich verst\u00e4rkt.<\/p>\n<\/div>\n<\/div>\n<\/div>\n<\/div>\n\n\n\n<div class=\"wp-block-group alignfull is-layout-flow wp-block-group-is-layout-flow\" style=\"margin-top:0;padding-top:0;padding-right:0;padding-bottom:0;padding-left:0\">\n<div class=\"wp-block-columns is-layout-flex wp-container-core-columns-is-layout-4 wp-block-columns-is-layout-flex\" style=\"margin-top:0;margin-bottom:0;padding-top:0;padding-right:0;padding-bottom:0;padding-left:0\">\n<div class=\"wp-block-column mobileSpaltenInvertieren is-layout-flow wp-block-column-is-layout-flow\">\n<div class=\"wp-block-group has-global-padding is-layout-constrained wp-container-core-group-is-layout-6 wp-block-group-is-layout-constrained\" style=\"padding-top:var(--wp--preset--spacing--50);padding-right:var(--wp--preset--spacing--50);padding-bottom:var(--wp--preset--spacing--50);padding-left:var(--wp--preset--spacing--50)\">\n<h2 class=\"wp-block-heading\">10,1\u201c Farbtouchscreen<\/h2>\n\n\n\n<p>Mit einem 10,1\u201d Farbtouchscreen und intuitiver Software ist die Bedienung besonders einfach und komfortabel.<\/p>\n<\/div>\n<\/div>\n\n\n\n<div class=\"wp-block-column is-layout-flow wp-block-column-is-layout-flow\">\n<div class=\"wp-block-cover\" style=\"min-height:100%;aspect-ratio:unset;\"><span aria-hidden=\"true\" class=\"wp-block-cover__background has-accent-3-background-color has-background-dim-100 has-background-dim\"><\/span><div class=\"wp-block-cover__inner-container is-layout-flow wp-block-cover-is-layout-flow\">\n<p class=\"has-text-align-center has-xx-large-font-size\">intuitiv<\/p>\n<\/div><\/div>\n<\/div>\n<\/div>\n<\/div>\n\n\n\n<div class=\"wp-block-group alignfull is-layout-flow wp-block-group-is-layout-flow\" style=\"margin-top:0;padding-top:0;padding-right:0;padding-bottom:0;padding-left:0\"><\/div>\n<\/div>\n\n\n\n<div class=\"wp-block-group alignfull has-accent-2-background-color has-background has-global-padding is-layout-constrained wp-block-group-is-layout-constrained\" style=\"margin-top:0;margin-bottom:0;padding-top:var(--wp--preset--spacing--50);padding-bottom:var(--wp--preset--spacing--50)\"><\/div>\n","protected":false},"excerpt":{"rendered":"<p>ares cryo-thermal Das leistungsstarke All-in-One Therapiesystem Das qmd\u00ae ares cryo-Thermal System kombiniert den leistungsstarken qmd\u00ae ares Laser mit dem innovativen qmd\u00ae cryo-thermal Modul und bietet damit ein vollst\u00e4ndiges Therapiekonzept f\u00fcr Ihre Praxis. Behandlungen Folgende Effekte werden erzielt Mehr zur ares cryo-thermal Mit dem qmd\u00ae ares cryo-thermal System haben Sie ein leistungsstarkes, vielseitiges Ger\u00e4t f\u00fcr schneller [&hellip;]<\/p>\n","protected":false},"author":1,"featured_media":0,"parent":0,"menu_order":0,"comment_status":"closed","ping_status":"closed","template":"","meta":{"footnotes":""},"class_list":["post-2326","page","type-page","status-publish","hentry"],"_links":{"self":[{"href":"https:\/\/www.qmd-medicaldevice.com\/de\/wp-json\/wp\/v2\/pages\/2326"}],"collection":[{"href":"https:\/\/www.qmd-medicaldevice.com\/de\/wp-json\/wp\/v2\/pages"}],"about":[{"href":"https:\/\/www.qmd-medicaldevice.com\/de\/wp-json\/wp\/v2\/types\/page"}],"author":[{"embeddable":true,"href":"https:\/\/www.qmd-medicaldevice.com\/de\/wp-json\/wp\/v2\/users\/1"}],"replies":[{"embeddable":true,"href":"https:\/\/www.qmd-medicaldevice.com\/de\/wp-json\/wp\/v2\/comments?post=2326"}],"version-history":[{"count":6,"href":"https:\/\/www.qmd-medicaldevice.com\/de\/wp-json\/wp\/v2\/pages\/2326\/revisions"}],"predecessor-version":[{"id":2794,"href":"https:\/\/www.qmd-medicaldevice.com\/de\/wp-json\/wp\/v2\/pages\/2326\/revisions\/2794"}],"wp:attachment":[{"href":"https:\/\/www.qmd-medicaldevice.com\/de\/wp-json\/wp\/v2\/media?parent=2326"}],"curies":[{"name":"wp","href":"https:\/\/api.w.org\/{rel}","templated":true}]}}