{"id":2309,"date":"2024-10-03T16:00:50","date_gmt":"2024-10-03T14:00:50","guid":{"rendered":"https:\/\/www.qmd-medicaldevice.com\/?page_id=2309"},"modified":"2024-10-15T17:47:52","modified_gmt":"2024-10-15T15:47:52","slug":"cryo-thermal-aesthetics","status":"publish","type":"page","link":"https:\/\/www.qmd-medicaldevice.com\/de\/cryo-thermal-aesthetics\/","title":{"rendered":"cryo-thermal aesthetics"},"content":{"rendered":"\n<div class=\"wp-block-cover alignfull is-light ohneAbstandOben\" style=\"min-height:660px;aspect-ratio:unset;\"><span aria-hidden=\"true\" class=\"wp-block-cover__background has-background-dim-0 has-background-dim\" style=\"background-color:#978580\"><\/span><img loading=\"lazy\" decoding=\"async\" width=\"2048\" height=\"1536\" class=\"wp-block-cover__image-background wp-image-2571\" alt=\"\" src=\"https:\/\/www.qmd-medicaldevice.com\/wp-content\/uploads\/2024\/10\/p1344812.jpg\" style=\"object-position:53% 77%\" data-object-fit=\"cover\" data-object-position=\"53% 77%\" srcset=\"https:\/\/www.qmd-medicaldevice.com\/wp-content\/uploads\/2024\/10\/p1344812.jpg 2048w, https:\/\/www.qmd-medicaldevice.com\/wp-content\/uploads\/2024\/10\/p1344812-700x525.jpg 700w, https:\/\/www.qmd-medicaldevice.com\/wp-content\/uploads\/2024\/10\/p1344812-768x576.jpg 768w, https:\/\/www.qmd-medicaldevice.com\/wp-content\/uploads\/2024\/10\/p1344812-1400x1050.jpg 1400w, https:\/\/www.qmd-medicaldevice.com\/wp-content\/uploads\/2024\/10\/p1344812-1536x1152.jpg 1536w\" sizes=\"(max-width: 2048px) 100vw, 2048px\" \/><div class=\"wp-block-cover__inner-container has-global-padding is-layout-constrained wp-block-cover-is-layout-constrained\">\n<p class=\"has-text-align-center has-large-font-size\"><\/p>\n<\/div><\/div>\n\n\n\n<h1 class=\"wp-block-heading has-text-align-center\">cryo-thermal aesthetics<\/h1>\n\n\n\n<h2 class=\"wp-block-heading has-text-align-center\">Vereinen Sie therapeutische Anwendungen mit Sch\u00f6nheitsbehandlungen<\/h2>\n\n\n\n<p class=\"has-text-align-center\">Das cryo-thermal aesthetics System <strong>kombiniert<\/strong> innovative <strong>Therapieoptionen mit \u00e4sthetischen Anwendungen<\/strong> und bietet Ihnen die perfekte Symbiose aus Gesundheit und Sch\u00f6nheit.<\/p>\n\n\n\n<div class=\"wp-block-columns is-layout-flex wp-container-core-columns-is-layout-1 wp-block-columns-is-layout-flex\">\n<div class=\"wp-block-column is-vertically-aligned-center is-layout-flow wp-block-column-is-layout-flow\">\n<figure data-wp-context=\"{&quot;uploadedSrc&quot;:&quot;https:\\\/\\\/www.qmd-medicaldevice.com\\\/wp-content\\\/uploads\\\/2024\\\/10\\\/selene-d3-0215.png&quot;,&quot;figureClassNames&quot;:&quot;wp-block-image aligncenter size-large is-resized&quot;,&quot;figureStyles&quot;:null,&quot;imgClassNames&quot;:&quot;wp-image-2569&quot;,&quot;imgStyles&quot;:&quot;width:624px;height:auto&quot;,&quot;targetWidth&quot;:1365,&quot;targetHeight&quot;:2048,&quot;scaleAttr&quot;:false,&quot;ariaLabel&quot;:&quot;Bild vergr\\u00f6\\u00dfern&quot;,&quot;alt&quot;:&quot;&quot;}\" data-wp-interactive=\"core\/image\" class=\"wp-block-image aligncenter size-large is-resized wp-lightbox-container\"><img loading=\"lazy\" decoding=\"async\" width=\"933\" height=\"1400\" data-wp-init=\"callbacks.setButtonStyles\" data-wp-on-async--click=\"actions.showLightbox\" data-wp-on-async--load=\"callbacks.setButtonStyles\" data-wp-on-async-window--resize=\"callbacks.setButtonStyles\" src=\"https:\/\/www.qmd-medicaldevice.com\/wp-content\/uploads\/2024\/10\/selene-d3-0215-933x1400.png\" alt=\"\" class=\"wp-image-2569\" style=\"width:624px;height:auto\" srcset=\"https:\/\/www.qmd-medicaldevice.com\/wp-content\/uploads\/2024\/10\/selene-d3-0215-933x1400.png 933w, https:\/\/www.qmd-medicaldevice.com\/wp-content\/uploads\/2024\/10\/selene-d3-0215.png 1365w, https:\/\/www.qmd-medicaldevice.com\/wp-content\/uploads\/2024\/10\/selene-d3-0215-467x700.png 467w, https:\/\/www.qmd-medicaldevice.com\/wp-content\/uploads\/2024\/10\/selene-d3-0215-768x1152.png 768w, https:\/\/www.qmd-medicaldevice.com\/wp-content\/uploads\/2024\/10\/selene-d3-0215-1024x1536.png 1024w\" sizes=\"(max-width: 933px) 100vw, 933px\" \/><button\n\t\t\tclass=\"lightbox-trigger\"\n\t\t\ttype=\"button\"\n\t\t\taria-haspopup=\"dialog\"\n\t\t\taria-label=\"Bild vergr\u00f6\u00dfern\"\n\t\t\tdata-wp-init=\"callbacks.initTriggerButton\"\n\t\t\tdata-wp-on-async--click=\"actions.showLightbox\"\n\t\t\tdata-wp-style--right=\"context.imageButtonRight\"\n\t\t\tdata-wp-style--top=\"context.imageButtonTop\"\n\t\t>\n\t\t\t<svg xmlns=\"http:\/\/www.w3.org\/2000\/svg\" width=\"12\" height=\"12\" fill=\"none\" viewBox=\"0 0 12 12\">\n\t\t\t\t<path fill=\"#fff\" d=\"M2 0a2 2 0 0 0-2 2v2h1.5V2a.5.5 0 0 1 .5-.5h2V0H2Zm2 10.5H2a.5.5 0 0 1-.5-.5V8H0v2a2 2 0 0 0 2 2h2v-1.5ZM8 12v-1.5h2a.5.5 0 0 0 .5-.5V8H12v2a2 2 0 0 1-2 2H8Zm2-12a2 2 0 0 1 2 2v2h-1.5V2a.5.5 0 0 0-.5-.5H8V0h2Z\" \/>\n\t\t\t<\/svg>\n\t\t<\/button><\/figure>\n<\/div>\n\n\n\n<div class=\"wp-block-column is-vertically-aligned-center is-layout-flow wp-block-column-is-layout-flow\">\n<h3 class=\"wp-block-heading\">Behandlungen<\/h3>\n\n\n\n<p>Unter anderem f\u00fcr die Behandlung von:<\/p>\n\n\n\n<ul class=\"wp-block-list\">\n<li>Rheumatoide Arthritis und entz\u00fcndliche Erkrankungen im Allgemeinen<\/li>\n\n\n\n<li>R\u00fcckenschmerzen<\/li>\n\n\n\n<li>Arthrose<\/li>\n\n\n\n<li>Muskelprobleme<\/li>\n\n\n\n<li>akute Verletzungen<\/li>\n\n\n\n<li>postoperative Rekonvaleszenz<\/li>\n<\/ul>\n\n\n\n<p>Die Wirkung von W\u00e4rme und K\u00e4lte erm\u00f6glicht die Behandlung einer Vielzahl weiterer Krankheitsbilder.<\/p>\n\n\n\n<h3 class=\"wp-block-heading\">Mehr zur<\/h3>\n\n\n\n<div class=\"wp-block-buttons is-layout-flex wp-block-buttons-is-layout-flex\">\n<div class=\"wp-block-button\"><a class=\"wp-block-button__link has-accent-3-background-color has-background wp-element-button\" href=\"https:\/\/www.qmd-medicaldevice.com\/kryo-thermo-therapie\/\">Kryo-Thermo-therapie<\/a><\/div>\n<\/div>\n<\/div>\n<\/div>\n\n\n\n<div style=\"height:60px\" aria-hidden=\"true\" class=\"wp-block-spacer\"><\/div>\n\n\n\n<h2 class=\"wp-block-heading\">\u00c4sthetischen Programme<\/h2>\n\n\n\n<p>Mit W\u00e4rme, K\u00e4lte, Thermoschock und der exklusiven contrast therapy\u00ae sowie ma\u00dfgeschneiderten Programmen f\u00fcr \u00e4sthetische Behandlungen, k\u00f6nnen Sie gezielt und effektiv vorgehen. W\u00e4hlen Sie aus der offenen Modalit\u00e4t \u2013 mit Thermal (+30\u00b0C bis +42\u00b0C), Kryo (-10\u00b0C bis +15\u00b0C), oder Contrast-Behandlung \u2013 oder nutzen Sie die fortschrittliche qmd\u00ae trilevel\u00ae Technologie. Zudem k\u00f6nnen Sie spezifische Programme f\u00fcr Frauen oder M\u00e4nner ausw\u00e4hlen und verschiedene Behandlungszonen gezielt ansprechen:<\/p>\n\n\n\n<ul class=\"wp-block-list is-style-checkmark-list\">\n<li><strong>Gesicht und Hals<\/strong>: <br>Anti-Aging, Face-Lifting, Akne-Therapie und Faltenreduktion<\/li>\n\n\n\n<li><strong>Dekollet\u00e9:<\/strong> <br>Lifting, Faltenbehandlung und Reduktion des Doppelkinns<\/li>\n\n\n\n<li><strong>H\u00fcften und Oberschenkel:<\/strong> <br>Fettabbau, Straffung, Festigung, Gewichtsreduktion, Drainage und Cellulite-Therapie<\/li>\n\n\n\n<li><strong>Beine:<\/strong> <br>Fettabbau, Straffung, Gewichtsreduktion, Drainage, Cellulite-Therapie und Muskelentspannung<\/li>\n<\/ul>\n\n\n\n<div style=\"height:60px\" aria-hidden=\"true\" class=\"wp-block-spacer\"><\/div>\n\n\n\n<div class=\"wp-block-group alignfull has-accent-2-background-color has-background has-global-padding is-layout-constrained wp-block-group-is-layout-constrained\" style=\"padding-top:var(--wp--preset--spacing--50);padding-bottom:var(--wp--preset--spacing--50)\">\n<h2 class=\"wp-block-heading has-text-align-center has-base-2-color has-text-color has-link-color wp-elements-479aa91b68c78ce48910aea52f3f390b\">cryo-thermal aesthetics<\/h2>\n\n\n\n<h3 class=\"wp-block-heading has-text-align-center\">Kombinieren Sie therapeutische Anwendungen mit Sch\u00f6nheitsbehandlungen f\u00fcr umfassende Ergebnisse \u2013 Gesundheit und \u00c4sthetik in perfekter Harmonie!<\/h3>\n<\/div>\n","protected":false},"excerpt":{"rendered":"<p>cryo-thermal aesthetics Vereinen Sie therapeutische Anwendungen mit Sch\u00f6nheitsbehandlungen Das cryo-thermal aesthetics System kombiniert innovative Therapieoptionen mit \u00e4sthetischen Anwendungen und bietet Ihnen die perfekte Symbiose aus Gesundheit und Sch\u00f6nheit. Behandlungen Unter anderem f\u00fcr die Behandlung von: Die Wirkung von W\u00e4rme und K\u00e4lte erm\u00f6glicht die Behandlung einer Vielzahl weiterer Krankheitsbilder. Mehr zur \u00c4sthetischen Programme Mit W\u00e4rme, K\u00e4lte, [&hellip;]<\/p>\n","protected":false},"author":1,"featured_media":0,"parent":0,"menu_order":0,"comment_status":"closed","ping_status":"closed","template":"","meta":{"footnotes":""},"class_list":["post-2309","page","type-page","status-publish","hentry"],"_links":{"self":[{"href":"https:\/\/www.qmd-medicaldevice.com\/de\/wp-json\/wp\/v2\/pages\/2309"}],"collection":[{"href":"https:\/\/www.qmd-medicaldevice.com\/de\/wp-json\/wp\/v2\/pages"}],"about":[{"href":"https:\/\/www.qmd-medicaldevice.com\/de\/wp-json\/wp\/v2\/types\/page"}],"author":[{"embeddable":true,"href":"https:\/\/www.qmd-medicaldevice.com\/de\/wp-json\/wp\/v2\/users\/1"}],"replies":[{"embeddable":true,"href":"https:\/\/www.qmd-medicaldevice.com\/de\/wp-json\/wp\/v2\/comments?post=2309"}],"version-history":[{"count":9,"href":"https:\/\/www.qmd-medicaldevice.com\/de\/wp-json\/wp\/v2\/pages\/2309\/revisions"}],"predecessor-version":[{"id":2572,"href":"https:\/\/www.qmd-medicaldevice.com\/de\/wp-json\/wp\/v2\/pages\/2309\/revisions\/2572"}],"wp:attachment":[{"href":"https:\/\/www.qmd-medicaldevice.com\/de\/wp-json\/wp\/v2\/media?parent=2309"}],"curies":[{"name":"wp","href":"https:\/\/api.w.org\/{rel}","templated":true}]}}