{"id":2283,"date":"2024-10-03T15:39:18","date_gmt":"2024-10-03T13:39:18","guid":{"rendered":"https:\/\/www.qmd-medicaldevice.com\/?page_id=2283"},"modified":"2025-12-23T15:15:51","modified_gmt":"2025-12-23T14:15:51","slug":"cryo-thermal-pt","status":"publish","type":"page","link":"https:\/\/www.qmd-medicaldevice.com\/de\/cryo-thermal-pt\/","title":{"rendered":"cryo-thermal PT"},"content":{"rendered":"\n<div class=\"wp-block-cover alignfull is-light ohneAbstandOben\" style=\"min-height:660px;aspect-ratio:unset;\"><span aria-hidden=\"true\" class=\"wp-block-cover__background has-background-dim-0 has-background-dim\" style=\"background-color:#978580\"><\/span><img loading=\"lazy\" decoding=\"async\" width=\"2048\" height=\"1366\" class=\"wp-block-cover__image-background wp-image-2564\" alt=\"\" src=\"https:\/\/www.qmd-medicaldevice.com\/wp-content\/uploads\/2024\/10\/ultrasound-behandlung-3.jpg\" data-object-fit=\"cover\" srcset=\"https:\/\/www.qmd-medicaldevice.com\/wp-content\/uploads\/2024\/10\/ultrasound-behandlung-3.jpg 2048w, https:\/\/www.qmd-medicaldevice.com\/wp-content\/uploads\/2024\/10\/ultrasound-behandlung-3-700x467.jpg 700w, https:\/\/www.qmd-medicaldevice.com\/wp-content\/uploads\/2024\/10\/ultrasound-behandlung-3-768x512.jpg 768w, https:\/\/www.qmd-medicaldevice.com\/wp-content\/uploads\/2024\/10\/ultrasound-behandlung-3-1400x934.jpg 1400w, https:\/\/www.qmd-medicaldevice.com\/wp-content\/uploads\/2024\/10\/ultrasound-behandlung-3-1536x1025.jpg 1536w\" sizes=\"(max-width: 2048px) 100vw, 2048px\" \/><div class=\"wp-block-cover__inner-container has-global-padding is-layout-constrained wp-block-cover-is-layout-constrained\">\n<p class=\"has-text-align-center has-large-font-size\"><\/p>\n<\/div><\/div>\n\n\n\n<h1 class=\"wp-block-heading has-text-align-center\">cryo-thermal PT<\/h1>\n\n\n\n<h2 class=\"wp-block-heading has-text-align-center\">Das tragbare Therapiesystem<\/h2>\n\n\n\n<p class=\"has-text-align-center\">Das qmd\u00ae cryo thermal PT ist ein tragbares Therapiesystem zur Anwendung von Kryotherapie, Thermotherapie, Thermoschock und der exklusiven contrast therapy\u00ae. <\/p>\n\n\n\n<div class=\"wp-block-columns is-layout-flex wp-container-core-columns-is-layout-1 wp-block-columns-is-layout-flex\">\n<div class=\"wp-block-column is-vertically-aligned-center is-layout-flow wp-block-column-is-layout-flow\">\n<h3 class=\"wp-block-heading\">Behandlungen<\/h3>\n\n\n\n<p>Unter anderem f\u00fcr die Behandlung von:<\/p>\n\n\n\n<ul class=\"wp-block-list\">\n<li>Rheumatoide Arthritis und entz\u00fcndliche Erkrankungen im Allgemeinen<\/li>\n\n\n\n<li>R\u00fcckenschmerzen<\/li>\n\n\n\n<li>Arthrose<\/li>\n\n\n\n<li>Muskelprobleme<\/li>\n\n\n\n<li>akute Verletzungen<\/li>\n\n\n\n<li>postoperative Rekonvaleszenz<\/li>\n<\/ul>\n\n\n\n<p>Die Wirkung von W\u00e4rme und K\u00e4lte erm\u00f6glicht die Behandlung einer Vielzahl weiterer Krankheitsbilder.<\/p>\n\n\n\n<h3 class=\"wp-block-heading\">Mehr zur<\/h3>\n\n\n\n<div class=\"wp-block-buttons is-layout-flex wp-block-buttons-is-layout-flex\">\n<div class=\"wp-block-button\"><a class=\"wp-block-button__link has-accent-3-background-color has-background wp-element-button\" href=\"https:\/\/www.qmd-medicaldevice.com\/kryo-thermo-therapie\/\">Kryo-Thermo-therapie<\/a><\/div>\n<\/div>\n<\/div>\n\n\n\n<div class=\"wp-block-column is-vertically-aligned-center is-layout-flow wp-block-column-is-layout-flow\">\n<figure data-wp-context=\"{&quot;uploadedSrc&quot;:&quot;https:\\\/\\\/www.qmd-medicaldevice.com\\\/wp-content\\\/uploads\\\/2024\\\/10\\\/20230901105621-cryo-thermal-pt-d3-0529.png&quot;,&quot;figureClassNames&quot;:&quot;wp-block-image aligncenter size-large is-resized&quot;,&quot;figureStyles&quot;:null,&quot;imgClassNames&quot;:&quot;wp-image-2287&quot;,&quot;imgStyles&quot;:&quot;width:624px;height:auto&quot;,&quot;targetWidth&quot;:2048,&quot;targetHeight&quot;:1365,&quot;scaleAttr&quot;:false,&quot;ariaLabel&quot;:&quot;Bild vergr\\u00f6\\u00dfern&quot;,&quot;alt&quot;:&quot;&quot;}\" data-wp-interactive=\"core\/image\" class=\"wp-block-image aligncenter size-large is-resized wp-lightbox-container\"><img loading=\"lazy\" decoding=\"async\" width=\"1400\" height=\"933\" data-wp-init=\"callbacks.setButtonStyles\" data-wp-on-async--click=\"actions.showLightbox\" data-wp-on-async--load=\"callbacks.setButtonStyles\" data-wp-on-async-window--resize=\"callbacks.setButtonStyles\" src=\"https:\/\/www.qmd-medicaldevice.com\/wp-content\/uploads\/2024\/10\/20230901105621-cryo-thermal-pt-d3-0529-1400x933.png\" alt=\"\" class=\"wp-image-2287\" style=\"width:624px;height:auto\" srcset=\"https:\/\/www.qmd-medicaldevice.com\/wp-content\/uploads\/2024\/10\/20230901105621-cryo-thermal-pt-d3-0529-1400x933.png 1400w, https:\/\/www.qmd-medicaldevice.com\/wp-content\/uploads\/2024\/10\/20230901105621-cryo-thermal-pt-d3-0529-700x467.png 700w, https:\/\/www.qmd-medicaldevice.com\/wp-content\/uploads\/2024\/10\/20230901105621-cryo-thermal-pt-d3-0529-768x512.png 768w, https:\/\/www.qmd-medicaldevice.com\/wp-content\/uploads\/2024\/10\/20230901105621-cryo-thermal-pt-d3-0529-1536x1024.png 1536w, https:\/\/www.qmd-medicaldevice.com\/wp-content\/uploads\/2024\/10\/20230901105621-cryo-thermal-pt-d3-0529.png 2048w\" sizes=\"(max-width: 1400px) 100vw, 1400px\" \/><button\n\t\t\tclass=\"lightbox-trigger\"\n\t\t\ttype=\"button\"\n\t\t\taria-haspopup=\"dialog\"\n\t\t\taria-label=\"Bild vergr\u00f6\u00dfern\"\n\t\t\tdata-wp-init=\"callbacks.initTriggerButton\"\n\t\t\tdata-wp-on-async--click=\"actions.showLightbox\"\n\t\t\tdata-wp-style--right=\"context.imageButtonRight\"\n\t\t\tdata-wp-style--top=\"context.imageButtonTop\"\n\t\t>\n\t\t\t<svg xmlns=\"http:\/\/www.w3.org\/2000\/svg\" width=\"12\" height=\"12\" fill=\"none\" viewBox=\"0 0 12 12\">\n\t\t\t\t<path fill=\"#fff\" d=\"M2 0a2 2 0 0 0-2 2v2h1.5V2a.5.5 0 0 1 .5-.5h2V0H2Zm2 10.5H2a.5.5 0 0 1-.5-.5V8H0v2a2 2 0 0 0 2 2h2v-1.5ZM8 12v-1.5h2a.5.5 0 0 0 .5-.5V8H12v2a2 2 0 0 1-2 2H8Zm2-12a2 2 0 0 1 2 2v2h-1.5V2a.5.5 0 0 0-.5-.5H8V0h2Z\" \/>\n\t\t\t<\/svg>\n\t\t<\/button><\/figure>\n<\/div>\n<\/div>\n\n\n\n<div style=\"height:60px\" aria-hidden=\"true\" class=\"wp-block-spacer\"><\/div>\n\n\n\n<figure class=\"wp-block-gallery has-nested-images columns-default is-cropped wp-block-gallery-3 is-layout-flex wp-block-gallery-is-layout-flex\">\n<figure data-wp-context=\"{&quot;uploadedSrc&quot;:&quot;https:\\\/\\\/www.qmd-medicaldevice.com\\\/wp-content\\\/uploads\\\/2024\\\/10\\\/20230901105108-cryo-thermal-pt.png&quot;,&quot;figureClassNames&quot;:&quot;wp-block-image size-large has-custom-border is-style-rounded wp-duotone-unset-1 is-style-rounded--562c3f2acf116d71e79689bcb2308eb5&quot;,&quot;figureStyles&quot;:null,&quot;imgClassNames&quot;:&quot;has-border-color has-contrast-3-border-color wp-image-2285&quot;,&quot;imgStyles&quot;:&quot;border-width:1px&quot;,&quot;targetWidth&quot;:2048,&quot;targetHeight&quot;:1366,&quot;scaleAttr&quot;:false,&quot;ariaLabel&quot;:&quot;Bild vergr\\u00f6\\u00dfern&quot;,&quot;alt&quot;:&quot;&quot;}\" data-wp-interactive=\"core\/image\" class=\"wp-block-image size-large has-custom-border is-style-rounded wp-duotone-unset-1 is-style-rounded--562c3f2acf116d71e79689bcb2308eb5 wp-lightbox-container\"><img loading=\"lazy\" decoding=\"async\" width=\"1400\" height=\"934\" data-wp-init=\"callbacks.setButtonStyles\" data-wp-on-async--click=\"actions.showLightbox\" data-wp-on-async--load=\"callbacks.setButtonStyles\" data-wp-on-async-window--resize=\"callbacks.setButtonStyles\" data-id=\"2285\" src=\"https:\/\/www.qmd-medicaldevice.com\/wp-content\/uploads\/2024\/10\/20230901105108-cryo-thermal-pt-1400x934.png\" alt=\"\" class=\"has-border-color has-contrast-3-border-color wp-image-2285\" style=\"border-width:1px\" srcset=\"https:\/\/www.qmd-medicaldevice.com\/wp-content\/uploads\/2024\/10\/20230901105108-cryo-thermal-pt-1400x934.png 1400w, https:\/\/www.qmd-medicaldevice.com\/wp-content\/uploads\/2024\/10\/20230901105108-cryo-thermal-pt-700x467.png 700w, https:\/\/www.qmd-medicaldevice.com\/wp-content\/uploads\/2024\/10\/20230901105108-cryo-thermal-pt-768x512.png 768w, https:\/\/www.qmd-medicaldevice.com\/wp-content\/uploads\/2024\/10\/20230901105108-cryo-thermal-pt-1536x1025.png 1536w, https:\/\/www.qmd-medicaldevice.com\/wp-content\/uploads\/2024\/10\/20230901105108-cryo-thermal-pt.png 2048w\" sizes=\"(max-width: 1400px) 100vw, 1400px\" \/><button\n\t\t\tclass=\"lightbox-trigger\"\n\t\t\ttype=\"button\"\n\t\t\taria-haspopup=\"dialog\"\n\t\t\taria-label=\"Bild vergr\u00f6\u00dfern\"\n\t\t\tdata-wp-init=\"callbacks.initTriggerButton\"\n\t\t\tdata-wp-on-async--click=\"actions.showLightbox\"\n\t\t\tdata-wp-style--right=\"context.imageButtonRight\"\n\t\t\tdata-wp-style--top=\"context.imageButtonTop\"\n\t\t>\n\t\t\t<svg xmlns=\"http:\/\/www.w3.org\/2000\/svg\" width=\"12\" height=\"12\" fill=\"none\" viewBox=\"0 0 12 12\">\n\t\t\t\t<path fill=\"#fff\" d=\"M2 0a2 2 0 0 0-2 2v2h1.5V2a.5.5 0 0 1 .5-.5h2V0H2Zm2 10.5H2a.5.5 0 0 1-.5-.5V8H0v2a2 2 0 0 0 2 2h2v-1.5ZM8 12v-1.5h2a.5.5 0 0 0 .5-.5V8H12v2a2 2 0 0 1-2 2H8Zm2-12a2 2 0 0 1 2 2v2h-1.5V2a.5.5 0 0 0-.5-.5H8V0h2Z\" \/>\n\t\t\t<\/svg>\n\t\t<\/button><\/figure>\n\n\n\n<figure data-wp-context=\"{&quot;uploadedSrc&quot;:&quot;https:\\\/\\\/www.qmd-medicaldevice.com\\\/wp-content\\\/uploads\\\/2024\\\/10\\\/20230714171359-cryo-thermal-pt-d3-0266.png&quot;,&quot;figureClassNames&quot;:&quot;wp-block-image size-large has-custom-border is-style-rounded wp-duotone-unset-2 is-style-rounded--34c3ede5444cd083e3f28b671d86ab84&quot;,&quot;figureStyles&quot;:null,&quot;imgClassNames&quot;:&quot;has-border-color has-contrast-3-border-color wp-image-2286&quot;,&quot;imgStyles&quot;:&quot;border-width:1px&quot;,&quot;targetWidth&quot;:2048,&quot;targetHeight&quot;:1365,&quot;scaleAttr&quot;:false,&quot;ariaLabel&quot;:&quot;Bild vergr\\u00f6\\u00dfern&quot;,&quot;alt&quot;:&quot;&quot;}\" data-wp-interactive=\"core\/image\" class=\"wp-block-image size-large has-custom-border is-style-rounded wp-duotone-unset-2 is-style-rounded--34c3ede5444cd083e3f28b671d86ab84 wp-lightbox-container\"><img loading=\"lazy\" decoding=\"async\" width=\"1400\" height=\"933\" data-wp-init=\"callbacks.setButtonStyles\" data-wp-on-async--click=\"actions.showLightbox\" data-wp-on-async--load=\"callbacks.setButtonStyles\" data-wp-on-async-window--resize=\"callbacks.setButtonStyles\" data-id=\"2286\" src=\"https:\/\/www.qmd-medicaldevice.com\/wp-content\/uploads\/2024\/10\/20230714171359-cryo-thermal-pt-d3-0266-1400x933.png\" alt=\"\" class=\"has-border-color has-contrast-3-border-color wp-image-2286\" style=\"border-width:1px\" srcset=\"https:\/\/www.qmd-medicaldevice.com\/wp-content\/uploads\/2024\/10\/20230714171359-cryo-thermal-pt-d3-0266-1400x933.png 1400w, https:\/\/www.qmd-medicaldevice.com\/wp-content\/uploads\/2024\/10\/20230714171359-cryo-thermal-pt-d3-0266-700x467.png 700w, https:\/\/www.qmd-medicaldevice.com\/wp-content\/uploads\/2024\/10\/20230714171359-cryo-thermal-pt-d3-0266-768x512.png 768w, https:\/\/www.qmd-medicaldevice.com\/wp-content\/uploads\/2024\/10\/20230714171359-cryo-thermal-pt-d3-0266-1536x1024.png 1536w, https:\/\/www.qmd-medicaldevice.com\/wp-content\/uploads\/2024\/10\/20230714171359-cryo-thermal-pt-d3-0266.png 2048w\" sizes=\"(max-width: 1400px) 100vw, 1400px\" \/><button\n\t\t\tclass=\"lightbox-trigger\"\n\t\t\ttype=\"button\"\n\t\t\taria-haspopup=\"dialog\"\n\t\t\taria-label=\"Bild vergr\u00f6\u00dfern\"\n\t\t\tdata-wp-init=\"callbacks.initTriggerButton\"\n\t\t\tdata-wp-on-async--click=\"actions.showLightbox\"\n\t\t\tdata-wp-style--right=\"context.imageButtonRight\"\n\t\t\tdata-wp-style--top=\"context.imageButtonTop\"\n\t\t>\n\t\t\t<svg xmlns=\"http:\/\/www.w3.org\/2000\/svg\" width=\"12\" height=\"12\" fill=\"none\" viewBox=\"0 0 12 12\">\n\t\t\t\t<path fill=\"#fff\" d=\"M2 0a2 2 0 0 0-2 2v2h1.5V2a.5.5 0 0 1 .5-.5h2V0H2Zm2 10.5H2a.5.5 0 0 1-.5-.5V8H0v2a2 2 0 0 0 2 2h2v-1.5ZM8 12v-1.5h2a.5.5 0 0 0 .5-.5V8H12v2a2 2 0 0 1-2 2H8Zm2-12a2 2 0 0 1 2 2v2h-1.5V2a.5.5 0 0 0-.5-.5H8V0h2Z\" \/>\n\t\t\t<\/svg>\n\t\t<\/button><\/figure>\n<\/figure>\n\n\n\n<div class=\"wp-block-group alignfull has-accent-2-background-color has-background has-global-padding is-layout-constrained wp-block-group-is-layout-constrained\" style=\"padding-top:var(--wp--preset--spacing--50);padding-bottom:var(--wp--preset--spacing--50)\">\n<h2 class=\"wp-block-heading has-text-align-center has-base-2-color has-text-color has-link-color wp-elements-1bcba9fd34e2065f3b69020ce11d1feb\">cryo-thermal PT<\/h2>\n\n\n\n<h3 class=\"wp-block-heading has-text-align-center\">qmd\u00ae cryo-thermal PT verk\u00f6rpert die qmd\u00ae-Philosophie in jeder Hinsicht: Ein unverwechselbares Design, gepr\u00e4gt von klaren, reduzierten und innovativen Linien.<\/h3>\n<\/div>\n\n\n\n<div class=\"wp-block-group alignfull has-global-padding is-layout-constrained wp-block-group-is-layout-constrained\" style=\"margin-top:0;margin-bottom:0\">\n<div class=\"wp-block-group alignfull is-layout-flow wp-block-group-is-layout-flow\" style=\"margin-top:0;padding-top:0;padding-right:0;padding-bottom:0;padding-left:0\">\n<div class=\"wp-block-columns mobileSpaltenInvertieren is-layout-flex wp-container-core-columns-is-layout-2 wp-block-columns-is-layout-flex\" style=\"margin-top:0;margin-bottom:0;padding-top:0;padding-right:0;padding-bottom:0;padding-left:0\">\n<div class=\"wp-block-column is-layout-flow wp-block-column-is-layout-flow\">\n<div class=\"wp-block-group has-global-padding is-layout-constrained wp-container-core-group-is-layout-2 wp-block-group-is-layout-constrained\" style=\"padding-top:var(--wp--preset--spacing--50);padding-right:var(--wp--preset--spacing--50);padding-bottom:var(--wp--preset--spacing--50);padding-left:var(--wp--preset--spacing--50)\">\n<h2 class=\"wp-block-heading\">Therapeutische L\u00f6sungen<\/h2>\n\n\n\n<p>In der tragbaren Version sind die anwendbaren Therapien nicht eingeschr\u00e4nkt:<\/p>\n\n\n\n<ul class=\"wp-block-list\">\n<li>Thermoschock<\/li>\n\n\n\n<li>Kryotherapie (von -2 \u00b0C bis +15 \u00b0C)<\/li>\n\n\n\n<li>Thermotherapie (von +30 \u00b0C bis +42 \u00b0C)<\/li>\n\n\n\n<li>Contrast Therapy\u00ae (Zyklen von W\u00e4rme und K\u00e4lte)<\/li>\n<\/ul>\n<\/div>\n<\/div>\n\n\n\n<div class=\"wp-block-column is-layout-flow wp-block-column-is-layout-flow\">\n<div class=\"wp-block-cover\" style=\"min-height:100%;aspect-ratio:unset;\"><span aria-hidden=\"true\" class=\"wp-block-cover__background has-accent-3-background-color has-background-dim-100 has-background-dim\"><\/span><div class=\"wp-block-cover__inner-container is-layout-flow wp-block-cover-is-layout-flow\">\n<p class=\"has-text-align-center has-xx-large-font-size\">vielf\u00e4ltig<\/p>\n<\/div><\/div>\n<\/div>\n<\/div>\n<\/div>\n\n\n\n<div class=\"wp-block-group alignfull is-layout-flow wp-block-group-is-layout-flow\" style=\"margin-top:0;padding-top:0;padding-right:0;padding-bottom:0;padding-left:0\">\n<div class=\"wp-block-columns is-layout-flex wp-container-core-columns-is-layout-3 wp-block-columns-is-layout-flex\" style=\"padding-top:0;padding-right:0;padding-bottom:0;padding-left:0\">\n<div class=\"wp-block-column is-layout-flow wp-block-column-is-layout-flow\">\n<div class=\"wp-block-cover\" style=\"min-height:100%;aspect-ratio:unset;\"><span aria-hidden=\"true\" class=\"wp-block-cover__background has-accent-3-background-color has-background-dim-100 has-background-dim\"><\/span><div class=\"wp-block-cover__inner-container is-layout-flow wp-block-cover-is-layout-flow\">\n<p class=\"has-text-align-center has-xx-large-font-size\">umfassend<\/p>\n<\/div><\/div>\n<\/div>\n\n\n\n<div class=\"wp-block-column is-layout-flow wp-block-column-is-layout-flow\">\n<div class=\"wp-block-group has-global-padding is-layout-constrained wp-container-core-group-is-layout-4 wp-block-group-is-layout-constrained\" style=\"padding-top:var(--wp--preset--spacing--50);padding-right:var(--wp--preset--spacing--50);padding-bottom:var(--wp--preset--spacing--50);padding-left:var(--wp--preset--spacing--50)\">\n<h2 class=\"wp-block-heading\">Ausf\u00fchrung<\/h2>\n\n\n\n<p>Das Therapieger\u00e4t wird mit einer PC-Einheit, einem 10,1\u201d Farb-Touchscreen und einer intuitiv zu bedienender Software geliefert. Das Ger\u00e4t ist mit einem USB- und einem Ethernet-Anschluss ausgestattet, die Fernwartung und Software-Updates erm\u00f6glichen, ohne dass das Ger\u00e4t aus dem Studio entfernt werden muss.<\/p>\n\n\n\n<p>Mit einem ergonomisch geformten Handst\u00fcck, das einen direkten Hautkontakt erm\u00f6glicht, k\u00f6nnen die gew\u00fcnschten Therapieeffekte gezielt erzielt werden.<\/p>\n<\/div>\n<\/div>\n<\/div>\n<\/div>\n\n\n\n<div class=\"wp-block-group alignfull is-layout-flow wp-block-group-is-layout-flow\" style=\"margin-top:0;padding-top:0;padding-right:0;padding-bottom:0;padding-left:0\">\n<div class=\"wp-block-columns mobileSpaltenInvertieren is-layout-flex wp-container-core-columns-is-layout-4 wp-block-columns-is-layout-flex\" style=\"margin-top:0;margin-bottom:0;padding-top:0;padding-right:0;padding-bottom:0;padding-left:0\">\n<div class=\"wp-block-column is-layout-flow wp-block-column-is-layout-flow\">\n<div class=\"wp-block-group has-global-padding is-layout-constrained wp-container-core-group-is-layout-6 wp-block-group-is-layout-constrained\" style=\"padding-top:var(--wp--preset--spacing--50);padding-right:var(--wp--preset--spacing--50);padding-bottom:var(--wp--preset--spacing--50);padding-left:var(--wp--preset--spacing--50)\">\n<h2 class=\"wp-block-heading\">Technische Daten<\/h2>\n\n\n\n<ul class=\"wp-block-list\">\n<li>Abmessungen 24 x 34 x 22 h cm<\/li>\n\n\n\n<li>Gewicht 7,5 kg<\/li>\n\n\n\n<li>10,1 Zoll Display<\/li>\n\n\n\n<li>Wasserk\u00fchlung<\/li>\n\n\n\n<li>USB-Eingang f\u00fcr Software-Updates<\/li>\n\n\n\n<li>Ethernet-Eingang f\u00fcr Fernbedienung<\/li>\n\n\n\n<li><strong>Kein Kondenswasser, kein Gas, kein Luftstrom<\/strong><\/li>\n<\/ul>\n<\/div>\n<\/div>\n\n\n\n<div class=\"wp-block-column is-layout-flow wp-block-column-is-layout-flow\">\n<div class=\"wp-block-cover\" style=\"min-height:100%;aspect-ratio:unset;\"><span aria-hidden=\"true\" class=\"wp-block-cover__background has-accent-3-background-color has-background-dim-100 has-background-dim\"><\/span><div class=\"wp-block-cover__inner-container is-layout-flow wp-block-cover-is-layout-flow\">\n<p class=\"has-text-align-center has-xx-large-font-size\">technisch<\/p>\n<\/div><\/div>\n<\/div>\n<\/div>\n<\/div>\n<\/div>\n\n\n\n<div class=\"wp-block-group alignfull has-accent-2-background-color has-background has-global-padding is-layout-constrained wp-block-group-is-layout-constrained\" style=\"margin-top:0;margin-bottom:0;padding-top:var(--wp--preset--spacing--50);padding-bottom:var(--wp--preset--spacing--50)\"><\/div>\n","protected":false},"excerpt":{"rendered":"<p>cryo-thermal PT Das tragbare Therapiesystem Das qmd\u00ae cryo thermal PT ist ein tragbares Therapiesystem zur Anwendung von Kryotherapie, Thermotherapie, Thermoschock und der exklusiven contrast therapy\u00ae. Behandlungen Unter anderem f\u00fcr die Behandlung von: Die Wirkung von W\u00e4rme und K\u00e4lte erm\u00f6glicht die Behandlung einer Vielzahl weiterer Krankheitsbilder. Mehr zur cryo-thermal PT qmd\u00ae cryo-thermal PT verk\u00f6rpert die qmd\u00ae-Philosophie [&hellip;]<\/p>\n","protected":false},"author":1,"featured_media":0,"parent":0,"menu_order":0,"comment_status":"closed","ping_status":"closed","template":"","meta":{"footnotes":""},"class_list":["post-2283","page","type-page","status-publish","hentry"],"_links":{"self":[{"href":"https:\/\/www.qmd-medicaldevice.com\/de\/wp-json\/wp\/v2\/pages\/2283"}],"collection":[{"href":"https:\/\/www.qmd-medicaldevice.com\/de\/wp-json\/wp\/v2\/pages"}],"about":[{"href":"https:\/\/www.qmd-medicaldevice.com\/de\/wp-json\/wp\/v2\/types\/page"}],"author":[{"embeddable":true,"href":"https:\/\/www.qmd-medicaldevice.com\/de\/wp-json\/wp\/v2\/users\/1"}],"replies":[{"embeddable":true,"href":"https:\/\/www.qmd-medicaldevice.com\/de\/wp-json\/wp\/v2\/comments?post=2283"}],"version-history":[{"count":11,"href":"https:\/\/www.qmd-medicaldevice.com\/de\/wp-json\/wp\/v2\/pages\/2283\/revisions"}],"predecessor-version":[{"id":3335,"href":"https:\/\/www.qmd-medicaldevice.com\/de\/wp-json\/wp\/v2\/pages\/2283\/revisions\/3335"}],"wp:attachment":[{"href":"https:\/\/www.qmd-medicaldevice.com\/de\/wp-json\/wp\/v2\/media?parent=2283"}],"curies":[{"name":"wp","href":"https:\/\/api.w.org\/{rel}","templated":true}]}}