{"id":2228,"date":"2024-10-03T14:32:39","date_gmt":"2024-10-03T12:32:39","guid":{"rendered":"https:\/\/www.qmd-medicaldevice.com\/?page_id=2228"},"modified":"2024-10-15T17:26:20","modified_gmt":"2024-10-15T15:26:20","slug":"ares","status":"publish","type":"page","link":"https:\/\/www.qmd-medicaldevice.com\/de\/ares\/","title":{"rendered":"ares"},"content":{"rendered":"\n<div class=\"wp-block-cover alignfull is-light ohneAbstandOben\" style=\"min-height:660px;aspect-ratio:unset;\"><span aria-hidden=\"true\" class=\"wp-block-cover__background has-background-dim-0 has-background-dim\" style=\"background-color:#978580\"><\/span><img loading=\"lazy\" decoding=\"async\" width=\"2048\" height=\"1365\" class=\"wp-block-cover__image-background wp-image-2406\" alt=\"\" src=\"https:\/\/www.qmd-medicaldevice.com\/wp-content\/uploads\/2024\/10\/p1255716.jpg\" data-object-fit=\"cover\" srcset=\"https:\/\/www.qmd-medicaldevice.com\/wp-content\/uploads\/2024\/10\/p1255716.jpg 2048w, https:\/\/www.qmd-medicaldevice.com\/wp-content\/uploads\/2024\/10\/p1255716-700x467.jpg 700w, https:\/\/www.qmd-medicaldevice.com\/wp-content\/uploads\/2024\/10\/p1255716-768x512.jpg 768w, https:\/\/www.qmd-medicaldevice.com\/wp-content\/uploads\/2024\/10\/p1255716-1400x933.jpg 1400w, https:\/\/www.qmd-medicaldevice.com\/wp-content\/uploads\/2024\/10\/p1255716-1536x1024.jpg 1536w\" sizes=\"(max-width: 2048px) 100vw, 2048px\" \/><div class=\"wp-block-cover__inner-container has-global-padding is-layout-constrained wp-block-cover-is-layout-constrained\">\n<p class=\"has-text-align-center has-large-font-size\"><\/p>\n<\/div><\/div>\n\n\n\n<h1 class=\"wp-block-heading has-text-align-center\">ares<\/h1>\n\n\n\n<h2 class=\"wp-block-heading has-text-align-center\">Pr\u00e4zision und Leistung f\u00fcr gezielte Therapie<\/h2>\n\n\n\n<p class=\"has-text-align-center\">Der qmd\u00ae ares ist ein fortschrittliches therapeutisches Laserger\u00e4t mit zwei individuell steuerbaren Wellenl\u00e4ngen von <strong>808<\/strong> und <strong>1064 nm<\/strong> bei einer Leistung von <strong>18 W<\/strong>. Diese Wellenl\u00e4ngen erm\u00f6glichen pr\u00e4zise und effektive Behandlungen, w\u00e4hrend die hohe Leistung eine schnellere und tiefere Wirkung im Gewebe gew\u00e4hrleistet.<\/p>\n\n\n\n<div class=\"wp-block-columns is-layout-flex wp-container-core-columns-is-layout-1 wp-block-columns-is-layout-flex\">\n<div class=\"wp-block-column is-vertically-aligned-center is-layout-flow wp-block-column-is-layout-flow\">\n<h3 class=\"wp-block-heading\">Behandlungen<\/h3>\n\n\n\n<p>Unter anderem f\u00fcr die Behandlung von:<\/p>\n\n\n\n<ul class=\"wp-block-list\">\n<li>Rheumatoide Arthritis<\/li>\n\n\n\n<li>Nackenschmerzen<\/li>\n\n\n\n<li>Gelenkschmerzen<\/li>\n\n\n\n<li>Karpaltunnelsyndrom<\/li>\n\n\n\n<li>Lumbalgie<\/li>\n\n\n\n<li>Osteoarthritis<\/li>\n<\/ul>\n\n\n\n<h3 class=\"wp-block-heading\">Mehr zur<\/h3>\n\n\n\n<div class=\"wp-block-buttons is-layout-flex wp-block-buttons-is-layout-flex\">\n<div class=\"wp-block-button\"><a class=\"wp-block-button__link has-accent-3-background-color has-background wp-element-button\" href=\"https:\/\/www.qmd-medicaldevice.com\/laser-therapie\/\">Laser-therapie<\/a><\/div>\n<\/div>\n<\/div>\n\n\n\n<div class=\"wp-block-column is-vertically-aligned-center is-layout-flow wp-block-column-is-layout-flow\">\n<figure data-wp-context=\"{&quot;uploadedSrc&quot;:&quot;https:\\\/\\\/www.qmd-medicaldevice.com\\\/wp-content\\\/uploads\\\/2024\\\/10\\\/20230714115148-ares-d3-0204.png&quot;,&quot;figureClassNames&quot;:&quot;wp-block-image aligncenter size-large is-resized&quot;,&quot;figureStyles&quot;:null,&quot;imgClassNames&quot;:&quot;wp-image-2233&quot;,&quot;imgStyles&quot;:&quot;width:624px;height:auto&quot;,&quot;targetWidth&quot;:1365,&quot;targetHeight&quot;:2048,&quot;scaleAttr&quot;:false,&quot;ariaLabel&quot;:&quot;Bild vergr\\u00f6\\u00dfern&quot;,&quot;alt&quot;:&quot;&quot;}\" data-wp-interactive=\"core\/image\" class=\"wp-block-image aligncenter size-large is-resized wp-lightbox-container\"><img loading=\"lazy\" decoding=\"async\" width=\"933\" height=\"1400\" data-wp-init=\"callbacks.setButtonStyles\" data-wp-on-async--click=\"actions.showLightbox\" data-wp-on-async--load=\"callbacks.setButtonStyles\" data-wp-on-async-window--resize=\"callbacks.setButtonStyles\" src=\"https:\/\/www.qmd-medicaldevice.com\/wp-content\/uploads\/2024\/10\/20230714115148-ares-d3-0204-933x1400.png\" alt=\"\" class=\"wp-image-2233\" style=\"width:624px;height:auto\" srcset=\"https:\/\/www.qmd-medicaldevice.com\/wp-content\/uploads\/2024\/10\/20230714115148-ares-d3-0204-933x1400.png 933w, https:\/\/www.qmd-medicaldevice.com\/wp-content\/uploads\/2024\/10\/20230714115148-ares-d3-0204-467x700.png 467w, https:\/\/www.qmd-medicaldevice.com\/wp-content\/uploads\/2024\/10\/20230714115148-ares-d3-0204-768x1152.png 768w, https:\/\/www.qmd-medicaldevice.com\/wp-content\/uploads\/2024\/10\/20230714115148-ares-d3-0204-1024x1536.png 1024w, https:\/\/www.qmd-medicaldevice.com\/wp-content\/uploads\/2024\/10\/20230714115148-ares-d3-0204.png 1365w\" sizes=\"(max-width: 933px) 100vw, 933px\" \/><button\n\t\t\tclass=\"lightbox-trigger\"\n\t\t\ttype=\"button\"\n\t\t\taria-haspopup=\"dialog\"\n\t\t\taria-label=\"Bild vergr\u00f6\u00dfern\"\n\t\t\tdata-wp-init=\"callbacks.initTriggerButton\"\n\t\t\tdata-wp-on-async--click=\"actions.showLightbox\"\n\t\t\tdata-wp-style--right=\"context.imageButtonRight\"\n\t\t\tdata-wp-style--top=\"context.imageButtonTop\"\n\t\t>\n\t\t\t<svg xmlns=\"http:\/\/www.w3.org\/2000\/svg\" width=\"12\" height=\"12\" fill=\"none\" viewBox=\"0 0 12 12\">\n\t\t\t\t<path fill=\"#fff\" d=\"M2 0a2 2 0 0 0-2 2v2h1.5V2a.5.5 0 0 1 .5-.5h2V0H2Zm2 10.5H2a.5.5 0 0 1-.5-.5V8H0v2a2 2 0 0 0 2 2h2v-1.5ZM8 12v-1.5h2a.5.5 0 0 0 .5-.5V8H12v2a2 2 0 0 1-2 2H8Zm2-12a2 2 0 0 1 2 2v2h-1.5V2a.5.5 0 0 0-.5-.5H8V0h2Z\" \/>\n\t\t\t<\/svg>\n\t\t<\/button><\/figure>\n<\/div>\n<\/div>\n\n\n\n<div style=\"height:60px\" aria-hidden=\"true\" class=\"wp-block-spacer\"><\/div>\n\n\n\n<figure class=\"wp-block-gallery has-nested-images columns-default is-cropped wp-block-gallery-1 is-layout-flex wp-block-gallery-is-layout-flex\">\n<figure data-wp-context=\"{&quot;uploadedSrc&quot;:&quot;https:\\\/\\\/www.qmd-medicaldevice.com\\\/wp-content\\\/uploads\\\/2024\\\/10\\\/p1255728.jpg&quot;,&quot;figureClassNames&quot;:&quot;wp-block-image size-large is-style-rounded is-style-rounded--cbd7de65658cdf1b0120ecc4a088fe5b&quot;,&quot;figureStyles&quot;:null,&quot;imgClassNames&quot;:&quot;wp-image-2234&quot;,&quot;imgStyles&quot;:null,&quot;targetWidth&quot;:2048,&quot;targetHeight&quot;:1365,&quot;scaleAttr&quot;:false,&quot;ariaLabel&quot;:&quot;Bild vergr\\u00f6\\u00dfern&quot;,&quot;alt&quot;:&quot;&quot;}\" data-wp-interactive=\"core\/image\" class=\"wp-block-image size-large is-style-rounded is-style-rounded--cbd7de65658cdf1b0120ecc4a088fe5b wp-lightbox-container\"><img loading=\"lazy\" decoding=\"async\" width=\"1400\" height=\"933\" data-wp-init=\"callbacks.setButtonStyles\" data-wp-on-async--click=\"actions.showLightbox\" data-wp-on-async--load=\"callbacks.setButtonStyles\" data-wp-on-async-window--resize=\"callbacks.setButtonStyles\" data-id=\"2234\" src=\"https:\/\/www.qmd-medicaldevice.com\/wp-content\/uploads\/2024\/10\/p1255728-1400x933.jpg\" alt=\"\" class=\"wp-image-2234\" srcset=\"https:\/\/www.qmd-medicaldevice.com\/wp-content\/uploads\/2024\/10\/p1255728-1400x933.jpg 1400w, https:\/\/www.qmd-medicaldevice.com\/wp-content\/uploads\/2024\/10\/p1255728.jpg 2048w, https:\/\/www.qmd-medicaldevice.com\/wp-content\/uploads\/2024\/10\/p1255728-700x467.jpg 700w, https:\/\/www.qmd-medicaldevice.com\/wp-content\/uploads\/2024\/10\/p1255728-768x512.jpg 768w, https:\/\/www.qmd-medicaldevice.com\/wp-content\/uploads\/2024\/10\/p1255728-1536x1024.jpg 1536w\" sizes=\"(max-width: 1400px) 100vw, 1400px\" \/><button\n\t\t\tclass=\"lightbox-trigger\"\n\t\t\ttype=\"button\"\n\t\t\taria-haspopup=\"dialog\"\n\t\t\taria-label=\"Bild vergr\u00f6\u00dfern\"\n\t\t\tdata-wp-init=\"callbacks.initTriggerButton\"\n\t\t\tdata-wp-on-async--click=\"actions.showLightbox\"\n\t\t\tdata-wp-style--right=\"context.imageButtonRight\"\n\t\t\tdata-wp-style--top=\"context.imageButtonTop\"\n\t\t>\n\t\t\t<svg xmlns=\"http:\/\/www.w3.org\/2000\/svg\" width=\"12\" height=\"12\" fill=\"none\" viewBox=\"0 0 12 12\">\n\t\t\t\t<path fill=\"#fff\" d=\"M2 0a2 2 0 0 0-2 2v2h1.5V2a.5.5 0 0 1 .5-.5h2V0H2Zm2 10.5H2a.5.5 0 0 1-.5-.5V8H0v2a2 2 0 0 0 2 2h2v-1.5ZM8 12v-1.5h2a.5.5 0 0 0 .5-.5V8H12v2a2 2 0 0 1-2 2H8Zm2-12a2 2 0 0 1 2 2v2h-1.5V2a.5.5 0 0 0-.5-.5H8V0h2Z\" \/>\n\t\t\t<\/svg>\n\t\t<\/button><\/figure>\n\n\n\n<figure data-wp-context=\"{&quot;uploadedSrc&quot;:&quot;https:\\\/\\\/www.qmd-medicaldevice.com\\\/wp-content\\\/uploads\\\/2024\\\/10\\\/p1255823.jpg&quot;,&quot;figureClassNames&quot;:&quot;wp-block-image size-large is-style-rounded is-style-rounded--0ccbf45f0e23f2715d24e14e7fa8d78b&quot;,&quot;figureStyles&quot;:null,&quot;imgClassNames&quot;:&quot;wp-image-2235&quot;,&quot;imgStyles&quot;:null,&quot;targetWidth&quot;:2048,&quot;targetHeight&quot;:1365,&quot;scaleAttr&quot;:false,&quot;ariaLabel&quot;:&quot;Bild vergr\\u00f6\\u00dfern&quot;,&quot;alt&quot;:&quot;&quot;}\" data-wp-interactive=\"core\/image\" class=\"wp-block-image size-large is-style-rounded is-style-rounded--0ccbf45f0e23f2715d24e14e7fa8d78b wp-lightbox-container\"><img loading=\"lazy\" decoding=\"async\" width=\"1400\" height=\"933\" data-wp-init=\"callbacks.setButtonStyles\" data-wp-on-async--click=\"actions.showLightbox\" data-wp-on-async--load=\"callbacks.setButtonStyles\" data-wp-on-async-window--resize=\"callbacks.setButtonStyles\" data-id=\"2235\" src=\"https:\/\/www.qmd-medicaldevice.com\/wp-content\/uploads\/2024\/10\/p1255823-1400x933.jpg\" alt=\"\" class=\"wp-image-2235\" srcset=\"https:\/\/www.qmd-medicaldevice.com\/wp-content\/uploads\/2024\/10\/p1255823-1400x933.jpg 1400w, https:\/\/www.qmd-medicaldevice.com\/wp-content\/uploads\/2024\/10\/p1255823.jpg 2048w, https:\/\/www.qmd-medicaldevice.com\/wp-content\/uploads\/2024\/10\/p1255823-700x467.jpg 700w, https:\/\/www.qmd-medicaldevice.com\/wp-content\/uploads\/2024\/10\/p1255823-768x512.jpg 768w, https:\/\/www.qmd-medicaldevice.com\/wp-content\/uploads\/2024\/10\/p1255823-1536x1024.jpg 1536w\" sizes=\"(max-width: 1400px) 100vw, 1400px\" \/><button\n\t\t\tclass=\"lightbox-trigger\"\n\t\t\ttype=\"button\"\n\t\t\taria-haspopup=\"dialog\"\n\t\t\taria-label=\"Bild vergr\u00f6\u00dfern\"\n\t\t\tdata-wp-init=\"callbacks.initTriggerButton\"\n\t\t\tdata-wp-on-async--click=\"actions.showLightbox\"\n\t\t\tdata-wp-style--right=\"context.imageButtonRight\"\n\t\t\tdata-wp-style--top=\"context.imageButtonTop\"\n\t\t>\n\t\t\t<svg xmlns=\"http:\/\/www.w3.org\/2000\/svg\" width=\"12\" height=\"12\" fill=\"none\" viewBox=\"0 0 12 12\">\n\t\t\t\t<path fill=\"#fff\" d=\"M2 0a2 2 0 0 0-2 2v2h1.5V2a.5.5 0 0 1 .5-.5h2V0H2Zm2 10.5H2a.5.5 0 0 1-.5-.5V8H0v2a2 2 0 0 0 2 2h2v-1.5ZM8 12v-1.5h2a.5.5 0 0 0 .5-.5V8H12v2a2 2 0 0 1-2 2H8Zm2-12a2 2 0 0 1 2 2v2h-1.5V2a.5.5 0 0 0-.5-.5H8V0h2Z\" \/>\n\t\t\t<\/svg>\n\t\t<\/button><\/figure>\n<\/figure>\n\n\n\n<div class=\"wp-block-group alignfull has-accent-2-background-color has-background has-global-padding is-layout-constrained wp-block-group-is-layout-constrained\" style=\"padding-top:var(--wp--preset--spacing--50);padding-bottom:var(--wp--preset--spacing--50)\">\n<h2 class=\"wp-block-heading has-text-align-center has-base-2-color has-text-color has-link-color wp-elements-7c6ff430bbb3dd590cc74aad96c0e144\">ares<\/h2>\n\n\n\n<h3 class=\"wp-block-heading has-text-align-center\">Der qmd\u00ae ares vereint Pr\u00e4zision, Leistung und Benutzerfreundlichkeit &#8211; ideal f\u00fcr anspruchsvolle therapeutische Anwendungen.<\/h3>\n<\/div>\n\n\n\n<div class=\"wp-block-group alignfull has-global-padding is-layout-constrained wp-block-group-is-layout-constrained\" style=\"margin-top:0;margin-bottom:0\">\n<div class=\"wp-block-group alignfull is-layout-flow wp-block-group-is-layout-flow\" style=\"margin-top:0;padding-top:0;padding-right:0;padding-bottom:0;padding-left:0\">\n<div class=\"wp-block-columns mobileSpaltenInvertieren is-layout-flex wp-container-core-columns-is-layout-2 wp-block-columns-is-layout-flex\" style=\"margin-top:0;margin-bottom:0;padding-top:0;padding-right:0;padding-bottom:0;padding-left:0\">\n<div class=\"wp-block-column is-layout-flow wp-block-column-is-layout-flow\">\n<div class=\"wp-block-group has-global-padding is-layout-constrained wp-container-core-group-is-layout-2 wp-block-group-is-layout-constrained\" style=\"padding-top:var(--wp--preset--spacing--50);padding-right:var(--wp--preset--spacing--50);padding-bottom:var(--wp--preset--spacing--50);padding-left:var(--wp--preset--spacing--50)\">\n<h2 class=\"wp-block-heading\">Benutzerfreundlich<\/h2>\n\n\n\n<p>Das Ger\u00e4t wird mit einem praktischen Therapiewagen geliefert, der maximale Flexibilit\u00e4t in Ihrer Praxis bietet. Der 10,1\u201d-Farb-Touchscreen ist benutzerfreundlich gestaltet und die intuitive Software ist einfach zu bedienen. Therapieprogramme k\u00f6nnen nach Wirkung, Behandlungszone oder individuellen Modalit\u00e4ten ausgew\u00e4hlt werden.<\/p>\n<\/div>\n<\/div>\n\n\n\n<div class=\"wp-block-column is-layout-flow wp-block-column-is-layout-flow\">\n<div class=\"wp-block-cover\" style=\"min-height:100%;aspect-ratio:unset;\"><span aria-hidden=\"true\" class=\"wp-block-cover__background has-accent-3-background-color has-background-dim-100 has-background-dim\"><\/span><div class=\"wp-block-cover__inner-container is-layout-flow wp-block-cover-is-layout-flow\">\n<p class=\"has-text-align-center has-xx-large-font-size\">intuitiv<\/p>\n<\/div><\/div>\n<\/div>\n<\/div>\n<\/div>\n\n\n\n<div class=\"wp-block-group alignfull is-layout-flow wp-block-group-is-layout-flow\" style=\"margin-top:0;padding-top:0;padding-right:0;padding-bottom:0;padding-left:0\">\n<div class=\"wp-block-columns is-layout-flex wp-container-core-columns-is-layout-3 wp-block-columns-is-layout-flex\" style=\"padding-top:0;padding-right:0;padding-bottom:0;padding-left:0\">\n<div class=\"wp-block-column is-layout-flow wp-block-column-is-layout-flow\">\n<div class=\"wp-block-cover\" style=\"min-height:100%;aspect-ratio:unset;\"><span aria-hidden=\"true\" class=\"wp-block-cover__background has-accent-3-background-color has-background-dim-100 has-background-dim\"><\/span><div class=\"wp-block-cover__inner-container is-layout-flow wp-block-cover-is-layout-flow\">\n<p class=\"has-text-align-center has-xx-large-font-size\">flexibel<\/p>\n<\/div><\/div>\n<\/div>\n\n\n\n<div class=\"wp-block-column is-layout-flow wp-block-column-is-layout-flow\">\n<div class=\"wp-block-group has-global-padding is-layout-constrained wp-container-core-group-is-layout-4 wp-block-group-is-layout-constrained\" style=\"padding-top:var(--wp--preset--spacing--50);padding-right:var(--wp--preset--spacing--50);padding-bottom:var(--wp--preset--spacing--50);padding-left:var(--wp--preset--spacing--50)\">\n<h2 class=\"wp-block-heading\">Betriebsarten<\/h2>\n\n\n\n<p>Je nach therapeutischem Bedarf bietet das Ger\u00e4t verschiedene Modulationsmodi: kontinuierlich, gepulst oder supergepulst. Zus\u00e4tzlich steht die exklusive qmd\u00ae <strong>harmonic pulsation<\/strong> zur Verf\u00fcgung, die eine noch pr\u00e4zisere Anpassung an die Bed\u00fcrfnisse Ihrer Patienten erm\u00f6glicht.<\/p>\n<\/div>\n<\/div>\n<\/div>\n<\/div>\n\n\n\n<div class=\"wp-block-group alignfull is-layout-flow wp-block-group-is-layout-flow\" style=\"margin-top:0;padding-top:0;padding-right:0;padding-bottom:0;padding-left:0\">\n<div class=\"wp-block-columns is-layout-flex wp-container-core-columns-is-layout-4 wp-block-columns-is-layout-flex\" style=\"margin-top:0;margin-bottom:0;padding-top:0;padding-right:0;padding-bottom:0;padding-left:0\">\n<div class=\"wp-block-column mobileSpaltenInvertieren is-layout-flow wp-block-column-is-layout-flow\">\n<div class=\"wp-block-group has-global-padding is-layout-constrained wp-container-core-group-is-layout-6 wp-block-group-is-layout-constrained\" style=\"padding-top:var(--wp--preset--spacing--50);padding-right:var(--wp--preset--spacing--50);padding-bottom:var(--wp--preset--spacing--50);padding-left:var(--wp--preset--spacing--50)\">\n<h2 class=\"wp-block-heading\">Anschl\u00fcsse<\/h2>\n\n\n\n<p>F\u00fcr zus\u00e4tzlichen Komfort verf\u00fcgt der Laser \u00fcber USB-Anschl\u00fcsse, die Fernwartung und Software-Updates erm\u00f6glichen, ohne dass das Ger\u00e4t aus der Praxis entfernt werden muss.<\/p>\n<\/div>\n<\/div>\n\n\n\n<div class=\"wp-block-column is-layout-flow wp-block-column-is-layout-flow\">\n<div class=\"wp-block-cover\" style=\"min-height:100%;aspect-ratio:unset;\"><span aria-hidden=\"true\" class=\"wp-block-cover__background has-accent-3-background-color has-background-dim-100 has-background-dim\"><\/span><div class=\"wp-block-cover__inner-container is-layout-flow wp-block-cover-is-layout-flow\">\n<p class=\"has-text-align-center has-xx-large-font-size\">konnektiv<\/p>\n<\/div><\/div>\n<\/div>\n<\/div>\n<\/div>\n<\/div>\n\n\n\n<div class=\"wp-block-group alignfull has-accent-2-background-color has-background has-global-padding is-layout-constrained wp-block-group-is-layout-constrained\" style=\"margin-top:0;margin-bottom:0;padding-top:var(--wp--preset--spacing--50);padding-bottom:var(--wp--preset--spacing--50)\"><\/div>\n","protected":false},"excerpt":{"rendered":"<p>ares Pr\u00e4zision und Leistung f\u00fcr gezielte Therapie Der qmd\u00ae ares ist ein fortschrittliches therapeutisches Laserger\u00e4t mit zwei individuell steuerbaren Wellenl\u00e4ngen von 808 und 1064 nm bei einer Leistung von 18 W. Diese Wellenl\u00e4ngen erm\u00f6glichen pr\u00e4zise und effektive Behandlungen, w\u00e4hrend die hohe Leistung eine schnellere und tiefere Wirkung im Gewebe gew\u00e4hrleistet. Behandlungen Unter anderem f\u00fcr die [&hellip;]<\/p>\n","protected":false},"author":1,"featured_media":0,"parent":0,"menu_order":0,"comment_status":"closed","ping_status":"closed","template":"","meta":{"footnotes":""},"class_list":["post-2228","page","type-page","status-publish","hentry"],"_links":{"self":[{"href":"https:\/\/www.qmd-medicaldevice.com\/de\/wp-json\/wp\/v2\/pages\/2228"}],"collection":[{"href":"https:\/\/www.qmd-medicaldevice.com\/de\/wp-json\/wp\/v2\/pages"}],"about":[{"href":"https:\/\/www.qmd-medicaldevice.com\/de\/wp-json\/wp\/v2\/types\/page"}],"author":[{"embeddable":true,"href":"https:\/\/www.qmd-medicaldevice.com\/de\/wp-json\/wp\/v2\/users\/1"}],"replies":[{"embeddable":true,"href":"https:\/\/www.qmd-medicaldevice.com\/de\/wp-json\/wp\/v2\/comments?post=2228"}],"version-history":[{"count":21,"href":"https:\/\/www.qmd-medicaldevice.com\/de\/wp-json\/wp\/v2\/pages\/2228\/revisions"}],"predecessor-version":[{"id":2956,"href":"https:\/\/www.qmd-medicaldevice.com\/de\/wp-json\/wp\/v2\/pages\/2228\/revisions\/2956"}],"wp:attachment":[{"href":"https:\/\/www.qmd-medicaldevice.com\/de\/wp-json\/wp\/v2\/media?parent=2228"}],"curies":[{"name":"wp","href":"https:\/\/api.w.org\/{rel}","templated":true}]}}