{"id":2209,"date":"2024-10-03T11:19:35","date_gmt":"2024-10-03T09:19:35","guid":{"rendered":"https:\/\/www.qmd-medicaldevice.com\/?page_id=2209"},"modified":"2025-11-03T15:00:31","modified_gmt":"2025-11-03T14:00:31","slug":"ultraschall-kryo-thermo-therapie","status":"publish","type":"page","link":"https:\/\/www.qmd-medicaldevice.com\/de\/ultraschall-kryo-thermo-therapie\/","title":{"rendered":"Ultraschall-Kryo-Thermo-Therapie"},"content":{"rendered":"\n<div class=\"wp-block-cover alignfull is-light ohneAbstandOben wp-duotone-unset-1\" style=\"min-height:660px;aspect-ratio:unset;\"><span aria-hidden=\"true\" class=\"wp-block-cover__background has-background-dim-0 has-background-dim\" style=\"background-color:#baa49e\"><\/span><img loading=\"lazy\" decoding=\"async\" width=\"2048\" height=\"1366\" class=\"wp-block-cover__image-background wp-image-2580\" alt=\"\" src=\"https:\/\/www.qmd-medicaldevice.com\/wp-content\/uploads\/2024\/10\/ultrasound-behandlung-1.jpg\" data-object-fit=\"cover\" srcset=\"https:\/\/www.qmd-medicaldevice.com\/wp-content\/uploads\/2024\/10\/ultrasound-behandlung-1.jpg 2048w, https:\/\/www.qmd-medicaldevice.com\/wp-content\/uploads\/2024\/10\/ultrasound-behandlung-1-700x467.jpg 700w, https:\/\/www.qmd-medicaldevice.com\/wp-content\/uploads\/2024\/10\/ultrasound-behandlung-1-768x512.jpg 768w, https:\/\/www.qmd-medicaldevice.com\/wp-content\/uploads\/2024\/10\/ultrasound-behandlung-1-1400x934.jpg 1400w, https:\/\/www.qmd-medicaldevice.com\/wp-content\/uploads\/2024\/10\/ultrasound-behandlung-1-1536x1025.jpg 1536w\" sizes=\"(max-width: 2048px) 100vw, 2048px\" \/><div class=\"wp-block-cover__inner-container has-global-padding is-layout-constrained wp-block-cover-is-layout-constrained\">\n<p class=\"has-text-align-center has-large-font-size\"><\/p>\n<\/div><\/div>\n\n\n\n<h1 class=\"wp-block-heading has-text-align-left\">Ultraschall-Kryo-Thermo-Therapie<\/h1>\n\n\n\n<h2 class=\"wp-block-heading\">Die Kombination aus Ultraschall mit K\u00e4lte und W\u00e4rme<\/h2>\n\n\n\n<p>Die Ultraschalltherapie ist eine nicht-invasive Therapiemethode, bei der mechanische Wellenenergie eingesetzt wird. Neben der Erzeugung einer Mikromassage werden diese Wellen vom Gewebe absorbiert und in W\u00e4rmeenergie umgewandelt.<\/p>\n\n\n\n<p>Die Kombination mit der Kryotherapie: Ziel ist es, die thermische Wirkung zu begrenzen. Dadurch kann mehr Energie in das Gewebe abgegeben werden, ohne dass es zu einer \u201e\u00fcberm\u00e4\u00dfigen\u201c Erw\u00e4rmung kommt.<\/p>\n\n\n\n<p>Die Kombination mit der Thermotherapie: Bei bestimmten Krankheitsbildern (chronische Entz\u00fcndungen, Degenerationen, Muskelverspannungen) kann die Erw\u00e4rmung dazu beitragen, die therapeutische Wirkung zu verst\u00e4rken.<\/p>\n\n\n\n<p>Ein Ger\u00e4t f\u00fcr noch bessere Ergebnisse bei der Behandlung von<\/p>\n\n\n\n<ul class=\"wp-block-list is-style-checkmark-list\">\n<li>Heilung von Knochenbr\u00fcchen und Sehnenverletzungen<\/li>\n\n\n\n<li>Behandlung von Narbengewebe (um es elastischer zu machen)<\/li>\n\n\n\n<li>Linderung von Gelenk- und Muskelschmerzen (durch Temperaturerh\u00f6hung)<\/li>\n\n\n\n<li>Beschleunigung der Wundheilung<\/li>\n\n\n\n<li>Erh\u00f6hung der Elastizit\u00e4t der Weichteile<\/li>\n\n\n\n<li>Verringerung von Schwellungen<\/li>\n<\/ul>\n\n\n\n<figure class=\"wp-block-embed is-type-video is-provider-youtube wp-block-embed-youtube wp-embed-aspect-4-3 wp-has-aspect-ratio\" style=\"margin-top:var(--wp--preset--spacing--30);margin-right:0;margin-bottom:var(--wp--preset--spacing--30);margin-left:0\"><div class=\"wp-block-embed__wrapper\">\n<iframe loading=\"lazy\" title=\"Erfolgreiche therapeutische Anwendungen mit Kryo Thermal in Kombination mit Ultraschall\" width=\"500\" height=\"375\" src=\"https:\/\/www.youtube.com\/embed\/bD2mFvAAANE?feature=oembed\" frameborder=\"0\" allow=\"accelerometer; autoplay; clipboard-write; encrypted-media; gyroscope; picture-in-picture; web-share\" referrerpolicy=\"strict-origin-when-cross-origin\" allowfullscreen><\/iframe>\n<\/div><\/figure>\n\n\n\n<h2 class=\"wp-block-heading\">Ultrasound-cryo-thermal Ger\u00e4te<\/h2>\n\n\n\n<p>Auf der Suche nach kontinuierlicher Verbesserung wurde ein innovatives Ger\u00e4t mit verschiedenen Funktionen entwickelt, die zusammen eine noch bessere therapeutische Wirkung erzielen.<\/p>\n\n\n\n<div style=\"margin-top:var(--wp--preset--spacing--10);margin-bottom:0;height:var(--wp--preset--spacing--10)\" aria-hidden=\"true\" class=\"wp-block-spacer\"><\/div>\n\n\n\n<div class=\"wp-block-columns is-layout-flex wp-container-core-columns-is-layout-1 wp-block-columns-is-layout-flex\">\n<div class=\"wp-block-column is-layout-flow wp-block-column-is-layout-flow\"><a href=\"https:\/\/www.qmd-medicaldevice.com\/ultrasound-cryo-thermal\/\"    class=\"effect-2 wp-block-tiptip-hyperlink-group-block\" >\n<div class=\"wp-block-cover\"><span aria-hidden=\"true\" class=\"wp-block-cover__background has-background-dim\"><\/span><img loading=\"lazy\" decoding=\"async\" width=\"1365\" height=\"2048\" class=\"wp-block-cover__image-background wp-image-2425\" alt=\"\" src=\"https:\/\/www.qmd-medicaldevice.com\/wp-content\/uploads\/2024\/10\/20230714142246-ultrasound-cryo-thermal-d3-0251.png\" data-object-fit=\"cover\" srcset=\"https:\/\/www.qmd-medicaldevice.com\/wp-content\/uploads\/2024\/10\/20230714142246-ultrasound-cryo-thermal-d3-0251.png 1365w, https:\/\/www.qmd-medicaldevice.com\/wp-content\/uploads\/2024\/10\/20230714142246-ultrasound-cryo-thermal-d3-0251-467x700.png 467w, https:\/\/www.qmd-medicaldevice.com\/wp-content\/uploads\/2024\/10\/20230714142246-ultrasound-cryo-thermal-d3-0251-768x1152.png 768w, https:\/\/www.qmd-medicaldevice.com\/wp-content\/uploads\/2024\/10\/20230714142246-ultrasound-cryo-thermal-d3-0251-933x1400.png 933w, https:\/\/www.qmd-medicaldevice.com\/wp-content\/uploads\/2024\/10\/20230714142246-ultrasound-cryo-thermal-d3-0251-1024x1536.png 1024w\" sizes=\"(max-width: 1365px) 100vw, 1365px\" \/><div class=\"wp-block-cover__inner-container has-global-padding is-layout-constrained wp-block-cover-is-layout-constrained\">\n<p class=\"has-text-align-center has-large-font-size\">ultrasound cryo-thermal<\/p>\n\n\n\n<p class=\"has-text-align-center\">Ultraschall-Kryo-Thermo-Therapie<\/p>\n\n\n\n<div class=\"wp-block-buttons is-content-justification-center is-layout-flex wp-container-core-buttons-is-layout-2 wp-block-buttons-is-layout-flex\">\n\n<div class=\"wp-block-button\"><span class=\"wp-block-button__link has-text-align-center wp-element-button\">Zum Ger\u00e4t<\/span><\/div>\n\n<\/div>\n<\/div><\/div>\n<\/a><\/div>\n\n\n\n<div class=\"wp-block-column is-layout-flow wp-block-column-is-layout-flow\"><\/div>\n\n\n\n<div class=\"wp-block-column is-layout-flow wp-block-column-is-layout-flow\"><\/div>\n<\/div>\n\n\n\n<div style=\"height:100px\" aria-hidden=\"true\" class=\"wp-block-spacer\"><\/div>\n","protected":false},"excerpt":{"rendered":"<p>Ultraschall-Kryo-Thermo-Therapie Die Kombination aus Ultraschall mit K\u00e4lte und W\u00e4rme Die Ultraschalltherapie ist eine nicht-invasive Therapiemethode, bei der mechanische Wellenenergie eingesetzt wird. Neben der Erzeugung einer Mikromassage werden diese Wellen vom Gewebe absorbiert und in W\u00e4rmeenergie umgewandelt. Die Kombination mit der Kryotherapie: Ziel ist es, die thermische Wirkung zu begrenzen. Dadurch kann mehr Energie in das [&hellip;]<\/p>\n","protected":false},"author":1,"featured_media":0,"parent":0,"menu_order":0,"comment_status":"closed","ping_status":"closed","template":"","meta":{"footnotes":""},"class_list":["post-2209","page","type-page","status-publish","hentry"],"_links":{"self":[{"href":"https:\/\/www.qmd-medicaldevice.com\/de\/wp-json\/wp\/v2\/pages\/2209"}],"collection":[{"href":"https:\/\/www.qmd-medicaldevice.com\/de\/wp-json\/wp\/v2\/pages"}],"about":[{"href":"https:\/\/www.qmd-medicaldevice.com\/de\/wp-json\/wp\/v2\/types\/page"}],"author":[{"embeddable":true,"href":"https:\/\/www.qmd-medicaldevice.com\/de\/wp-json\/wp\/v2\/users\/1"}],"replies":[{"embeddable":true,"href":"https:\/\/www.qmd-medicaldevice.com\/de\/wp-json\/wp\/v2\/comments?post=2209"}],"version-history":[{"count":11,"href":"https:\/\/www.qmd-medicaldevice.com\/de\/wp-json\/wp\/v2\/pages\/2209\/revisions"}],"predecessor-version":[{"id":3289,"href":"https:\/\/www.qmd-medicaldevice.com\/de\/wp-json\/wp\/v2\/pages\/2209\/revisions\/3289"}],"wp:attachment":[{"href":"https:\/\/www.qmd-medicaldevice.com\/de\/wp-json\/wp\/v2\/media?parent=2209"}],"curies":[{"name":"wp","href":"https:\/\/api.w.org\/{rel}","templated":true}]}}