{"id":2197,"date":"2024-10-03T11:02:16","date_gmt":"2024-10-03T09:02:16","guid":{"rendered":"https:\/\/www.qmd-medicaldevice.com\/?page_id=2197"},"modified":"2024-10-15T18:36:56","modified_gmt":"2024-10-15T16:36:56","slug":"hpc-therapy","status":"publish","type":"page","link":"https:\/\/www.qmd-medicaldevice.com\/de\/hpc-therapy\/","title":{"rendered":"HPC-Therapy"},"content":{"rendered":"\n<div class=\"wp-block-cover alignfull is-light ohneAbstandOben wp-duotone-duotone-4\" style=\"min-height:660px;aspect-ratio:unset;\"><span aria-hidden=\"true\" class=\"wp-block-cover__background has-background-dim-0 has-background-dim\" style=\"background-color:#baa49e\"><\/span><img loading=\"lazy\" decoding=\"async\" width=\"2048\" height=\"1365\" class=\"wp-block-cover__image-background wp-image-2138\" alt=\"\" src=\"https:\/\/www.qmd-medicaldevice.com\/wp-content\/uploads\/2024\/10\/dscf2380.jpg\" data-object-fit=\"cover\" srcset=\"https:\/\/www.qmd-medicaldevice.com\/wp-content\/uploads\/2024\/10\/dscf2380.jpg 2048w, https:\/\/www.qmd-medicaldevice.com\/wp-content\/uploads\/2024\/10\/dscf2380-700x467.jpg 700w, https:\/\/www.qmd-medicaldevice.com\/wp-content\/uploads\/2024\/10\/dscf2380-768x512.jpg 768w, https:\/\/www.qmd-medicaldevice.com\/wp-content\/uploads\/2024\/10\/dscf2380-1400x933.jpg 1400w, https:\/\/www.qmd-medicaldevice.com\/wp-content\/uploads\/2024\/10\/dscf2380-1536x1024.jpg 1536w\" sizes=\"(max-width: 2048px) 100vw, 2048px\" \/><div class=\"wp-block-cover__inner-container has-global-padding is-layout-constrained wp-block-cover-is-layout-constrained\">\n<p class=\"has-text-align-center has-large-font-size\"><\/p>\n<\/div><\/div>\n\n\n\n<h1 class=\"wp-block-heading\">HPC-Therapy<\/h1>\n\n\n\n<p>Umfangreiche Studien der wissenschaftlichen Literatur und jahrelange Erfahrung mit Lasertherapie, Kryotherapie und Thermotherapie erm\u00f6glichten unseren Forschern die Entwicklung der HPC-Therapie, der \u201ehigh performance combination\u201e, die besonders gute entz\u00fcndungshemmende Wirkungen erzielt.<\/p>\n\n\n\n<p>Unsere Forschung konzentrierte sich darauf, die wissenschaftlich bekannten entz\u00fcndungshemmenden Effekte der Laser- und Kryotherapie weiter zu verbessern. Mit der Lasertechnologie kann bereits eine gute entz\u00fcndungshemmende Wirkung erzielt werden, aber entz\u00fcndetes Gewebe weist in der akuten Phase eine \u00fcberh\u00f6hte Konzentration von Wassermolek\u00fclen auf, wodurch die therapeutische Wirkung des Lasers vermindert oder sogar aufgehoben wird. Ein entz\u00fcndetes Gewebe in der chronischen Phase ben\u00f6tigt stattdessen eine Steigerung der Mikrozirkulation.<\/p>\n\n\n\n<blockquote class=\"wp-block-quote is-style-default is-layout-flow wp-block-quote-is-layout-flow\">\n<p>Die HPC-Therapie besteht aus einer Kombination von Lasertherapie, Kryotherapie und auch Thermotherapie.<\/p>\n<\/blockquote>\n\n\n\n<p>Bei einer <strong>akuten <\/strong>Entz\u00fcndung empfehlen wir, mit der contrast therapy\u00ae mit dem Programm \u201eentz\u00fcndungshemmend\u201c &#8211; \u201eakute Phase\u201c zu beginnen (Zyklen von W\u00e4rme und K\u00e4lte, mit Beendigung der K\u00e4lte), gefolgt von einer Laserbehandlung (Auswahl \u201eWirkung &#8211; entz\u00fcndungshemmend\u201c) und schlie\u00dflich einer Kryobehandlung. Durch die Beendigung der K\u00e4lteanwendung wird die hervorragende entz\u00fcndungshemmende und schmerzlindernde Wirkung der Kryotherapie genutzt und das durch die Laserbehandlung erhitzte Gewebe wieder abgek\u00fchlt.<\/p>\n\n\n\n<p>Bei <strong>chronischen<\/strong> Entz\u00fcndungen sollte das Gewebe jedoch nicht gek\u00fchlt, sondern erw\u00e4rmt werden. Um eine Vasodilatation der Gef\u00e4\u00dfe durch die contrast therapy\u00ae vor der Anwendung der Lasertherapie zu vermeiden, empfehlen wir, direkt mit der Laserbehandlung zu beginnen (Auswahl \u201eWirkung &#8211; entz\u00fcndungshemmend\u201c) und dann mit der contrast therapy\u00ae, Programm: \u201eentz\u00fcndungshemmend &#8211; chronische Phase\u201c (Zyklen von W\u00e4rme und K\u00e4lte, mit W\u00e4rme beenden) abzuschlie\u00dfen.<\/p>\n\n\n\n<p>Es ist die Kombination der Wirkungen dieser verschiedenen Therapien, die schon nach wenigen Behandlungen eine wesentlich effizientere Verbesserung des Krankheitsbildes erm\u00f6glicht.<\/p>\n\n\n\n<p><\/p>\n\n\n\n<p><\/p>\n","protected":false},"excerpt":{"rendered":"<p>HPC-Therapy Umfangreiche Studien der wissenschaftlichen Literatur und jahrelange Erfahrung mit Lasertherapie, Kryotherapie und Thermotherapie erm\u00f6glichten unseren Forschern die Entwicklung der HPC-Therapie, der \u201ehigh performance combination\u201e, die besonders gute entz\u00fcndungshemmende Wirkungen erzielt. Unsere Forschung konzentrierte sich darauf, die wissenschaftlich bekannten entz\u00fcndungshemmenden Effekte der Laser- und Kryotherapie weiter zu verbessern. Mit der Lasertechnologie kann bereits eine gute [&hellip;]<\/p>\n","protected":false},"author":1,"featured_media":0,"parent":0,"menu_order":0,"comment_status":"closed","ping_status":"closed","template":"","meta":{"footnotes":""},"class_list":["post-2197","page","type-page","status-publish","hentry"],"_links":{"self":[{"href":"https:\/\/www.qmd-medicaldevice.com\/de\/wp-json\/wp\/v2\/pages\/2197"}],"collection":[{"href":"https:\/\/www.qmd-medicaldevice.com\/de\/wp-json\/wp\/v2\/pages"}],"about":[{"href":"https:\/\/www.qmd-medicaldevice.com\/de\/wp-json\/wp\/v2\/types\/page"}],"author":[{"embeddable":true,"href":"https:\/\/www.qmd-medicaldevice.com\/de\/wp-json\/wp\/v2\/users\/1"}],"replies":[{"embeddable":true,"href":"https:\/\/www.qmd-medicaldevice.com\/de\/wp-json\/wp\/v2\/comments?post=2197"}],"version-history":[{"count":8,"href":"https:\/\/www.qmd-medicaldevice.com\/de\/wp-json\/wp\/v2\/pages\/2197\/revisions"}],"predecessor-version":[{"id":2621,"href":"https:\/\/www.qmd-medicaldevice.com\/de\/wp-json\/wp\/v2\/pages\/2197\/revisions\/2621"}],"wp:attachment":[{"href":"https:\/\/www.qmd-medicaldevice.com\/de\/wp-json\/wp\/v2\/media?parent=2197"}],"curies":[{"name":"wp","href":"https:\/\/api.w.org\/{rel}","templated":true}]}}