{"id":2194,"date":"2024-10-03T11:00:50","date_gmt":"2024-10-03T09:00:50","guid":{"rendered":"https:\/\/www.qmd-medicaldevice.com\/?page_id=2194"},"modified":"2025-10-06T14:30:18","modified_gmt":"2025-10-06T12:30:18","slug":"laser-kryo-thermo-therapie","status":"publish","type":"page","link":"https:\/\/www.qmd-medicaldevice.com\/de\/laser-kryo-thermo-therapie\/","title":{"rendered":"Laser-Kryo-Thermo-Therapie"},"content":{"rendered":"\n<div class=\"wp-block-cover alignfull is-light ohneAbstandOben\" style=\"min-height:660px;aspect-ratio:unset;\"><span aria-hidden=\"true\" class=\"wp-block-cover__background has-background-dim-0 has-background-dim\" style=\"background-color:#baa49e\"><\/span><img loading=\"lazy\" decoding=\"async\" width=\"2048\" height=\"1365\" class=\"wp-block-cover__image-background wp-image-2576\" alt=\"\" src=\"https:\/\/www.qmd-medicaldevice.com\/wp-content\/uploads\/2024\/10\/p1255658.jpg\" data-object-fit=\"cover\" srcset=\"https:\/\/www.qmd-medicaldevice.com\/wp-content\/uploads\/2024\/10\/p1255658.jpg 2048w, https:\/\/www.qmd-medicaldevice.com\/wp-content\/uploads\/2024\/10\/p1255658-700x467.jpg 700w, https:\/\/www.qmd-medicaldevice.com\/wp-content\/uploads\/2024\/10\/p1255658-768x512.jpg 768w, https:\/\/www.qmd-medicaldevice.com\/wp-content\/uploads\/2024\/10\/p1255658-1400x933.jpg 1400w, https:\/\/www.qmd-medicaldevice.com\/wp-content\/uploads\/2024\/10\/p1255658-1536x1024.jpg 1536w\" sizes=\"(max-width: 2048px) 100vw, 2048px\" \/><div class=\"wp-block-cover__inner-container has-global-padding is-layout-constrained wp-block-cover-is-layout-constrained\">\n<p class=\"has-text-align-center has-large-font-size\"><\/p>\n<\/div><\/div>\n\n\n\n<h1 class=\"wp-block-heading has-text-align-left\">Laser-Kryo-Thermo-Therapie<\/h1>\n\n\n\n<h2 class=\"wp-block-heading\">Kombination aus Laser-, K\u00e4lte- und W\u00e4rmetherapie<\/h2>\n\n\n\n<p class=\"has-text-align-left\">Mit den Lasern von qmd\u00ae haben Sie die M\u00f6glichkeit, ein Therapieprogramm nach Wirkung, nach Behandlungszone oder einfach nach einer individuellen Modalit\u00e4t auszuw\u00e4hlen. Je nach therapeutischer Anforderung k\u00f6nnen Sie bei jedem qmd\u00ae-Laser zwischen kontinuierlicher, gepulster oder supergepulster Abgabe sowie der exklusiven Frequenzmodulation <strong>qmd\u00ae harmonic pulsation w\u00e4hlen<\/strong>. Dadurch erzeugen unsere Therapieger\u00e4te nicht nur schmerzstillende, sondern auch entz\u00fcndungshemmende, \u00f6dem-hemmende, biologische\/biostimulierende und myo-relaxierende Effekte.<\/p>\n\n\n\n<p>Mit dem qmd\u00ae cryo-thermal ist es m\u00f6glich, einen K\u00e4lteeffekt (Hypothermie von -15 \u00b0C bis +15 \u00b0C), einen W\u00e4rmeeffekt (Hyperthermie von +30 \u00b0C bis +45 \u00b0C), einen Thermoschock (Temperatur f\u00e4llt in kurzer Zeit um 30 \u00b0C) und die exklusive <strong>contrast therapy\u00ae<\/strong> (abwechselnde Anwendung von W\u00e4rme- und K\u00e4ltezyklen) zu erzielen.<\/p>\n\n\n\n<figure class=\"wp-block-embed is-type-video is-provider-youtube wp-block-embed-youtube wp-embed-aspect-4-3 wp-has-aspect-ratio\"><div class=\"wp-block-embed__wrapper\">\n<iframe loading=\"lazy\" title=\"Die Wirksamkeit der Kombination von Laser- und Kryo-Thermotherapie bei Sportverletzungen\" width=\"500\" height=\"375\" src=\"https:\/\/www.youtube.com\/embed\/34r2dJlZHbU?feature=oembed\" frameborder=\"0\" allow=\"accelerometer; autoplay; clipboard-write; encrypted-media; gyroscope; picture-in-picture; web-share\" referrerpolicy=\"strict-origin-when-cross-origin\" allowfullscreen><\/iframe>\n<\/div><\/figure>\n\n\n\n<blockquote class=\"wp-block-quote is-layout-flow wp-block-quote-is-layout-flow\">\n<p><strong>HPC therapie \u2013 high performance combination<\/strong><\/p>\n\n\n\n<p class=\"has-text-align-left\">Die HPC-Therapie besteht aus der Kombination der Lasertherapie, der Kryotherapie und zudem auch der Thermotherapie.<\/p>\n\n\n\n<div class=\"wp-block-buttons is-layout-flex wp-block-buttons-is-layout-flex\">\n<div class=\"wp-block-button\"><a class=\"wp-block-button__link wp-element-button\" href=\"https:\/\/www.qmd-medicaldevice.com\/hpc-therapy\/\">Mehr lesen<\/a><\/div>\n<\/div>\n<\/blockquote>\n\n\n\n<p><strong>Welche positiven Wirkungen hat die Kombination aus Kombination aus Laser-, K\u00e4lte- und W\u00e4rmetherapie?<\/strong><\/p>\n\n\n\n<ul class=\"wp-block-list is-style-checkmark-list\">\n<li>entz\u00fcndungshemmende Effekte <\/li>\n\n\n\n<li>muskelentspannende Effekte<\/li>\n\n\n\n<li>\u00f6dem reduzierende Effekte<\/li>\n\n\n\n<li>schmerzlinderndernde Effekte<\/li>\n<\/ul>\n\n\n\n<div style=\"height:40px\" aria-hidden=\"true\" class=\"wp-block-spacer\"><\/div>\n\n\n\n<div style=\"margin-top:var(--wp--preset--spacing--10);margin-bottom:0;height:var(--wp--preset--spacing--10)\" aria-hidden=\"true\" class=\"wp-block-spacer\"><\/div>\n\n\n\n<h2 class=\"wp-block-heading\">Produkte f\u00fcr die Laser Kryo-Thermal-Therapie<\/h2>\n\n\n\n<p>Ein <strong>Komplettsystem <\/strong>bestehend aus Laser-, K\u00e4lte- und W\u00e4rmetherapie.<\/p>\n\n\n\n<div class=\"wp-block-columns alignfull is-layout-flex wp-container-core-columns-is-layout-1 wp-block-columns-is-layout-flex\">\n<div class=\"wp-block-column is-layout-flow wp-block-column-is-layout-flow\"><a href=\"https:\/\/www.qmd-medicaldevice.com\/helios-cryo-thermal\/\"    class=\"effect-2 wp-block-tiptip-hyperlink-group-block\" >\n<div class=\"wp-block-cover\"><span aria-hidden=\"true\" class=\"wp-block-cover__background has-background-dim\"><\/span><img decoding=\"async\" class=\"wp-block-cover__image-background wp-image-2133\" alt=\"\" src=\"https:\/\/www.qmd-medicaldevice.com\/wp-content\/uploads\/2024\/11\/platzhalter.jpg\" data-object-fit=\"cover\"\/><div class=\"wp-block-cover__inner-container has-global-padding is-layout-constrained wp-block-cover-is-layout-constrained\">\n<p class=\"has-text-align-center has-large-font-size\">helios cryo-thermal<\/p>\n\n\n\n<p class=\"has-text-align-center\">Laser Kryo-Thermo-Therapie<\/p>\n\n\n\n<div class=\"wp-block-buttons is-content-justification-center is-layout-flex wp-container-core-buttons-is-layout-3 wp-block-buttons-is-layout-flex\">\n\n<div class=\"wp-block-button\"><span class=\"wp-block-button__link has-text-align-center wp-element-button\">Zum Ger\u00e4t<\/span><\/div>\n\n<\/div>\n<\/div><\/div>\n<\/a><\/div>\n\n\n\n<div class=\"wp-block-column is-layout-flow wp-block-column-is-layout-flow\"><a href=\"https:\/\/www.qmd-medicaldevice.com\/ares-cryo-thermal\/\"    class=\"effect-2 wp-block-tiptip-hyperlink-group-block\" >\n<div class=\"wp-block-cover\"><span aria-hidden=\"true\" class=\"wp-block-cover__background has-background-dim\"><\/span><img decoding=\"async\" class=\"wp-block-cover__image-background wp-image-2133\" alt=\"\" src=\"https:\/\/www.qmd-medicaldevice.com\/wp-content\/uploads\/2024\/11\/platzhalter.jpg\" data-object-fit=\"cover\"\/><div class=\"wp-block-cover__inner-container has-global-padding is-layout-constrained wp-block-cover-is-layout-constrained\">\n<p class=\"has-text-align-center has-large-font-size\">ares cryo-thermal<\/p>\n\n\n\n<p class=\"has-text-align-center\">Laser Kryo-Thermo-Therapie<\/p>\n\n\n\n<div class=\"wp-block-buttons is-content-justification-center is-layout-flex wp-container-core-buttons-is-layout-5 wp-block-buttons-is-layout-flex\">\n\n<div class=\"wp-block-button\"><span class=\"wp-block-button__link has-text-align-center wp-element-button\">Zum Ger\u00e4t<\/span><\/div>\n\n<\/div>\n<\/div><\/div>\n<\/a><\/div>\n\n\n\n<div class=\"wp-block-column is-layout-flow wp-block-column-is-layout-flow\"><a href=\"https:\/\/www.qmd-medicaldevice.com\/eos-plus-cryo-thermal\/\"    class=\"effect-2 wp-block-tiptip-hyperlink-group-block\" >\n<div class=\"wp-block-cover\"><span aria-hidden=\"true\" class=\"wp-block-cover__background has-background-dim\"><\/span><img decoding=\"async\" class=\"wp-block-cover__image-background wp-image-2133\" alt=\"\" src=\"https:\/\/www.qmd-medicaldevice.com\/wp-content\/uploads\/2024\/11\/platzhalter.jpg\" data-object-fit=\"cover\"\/><div class=\"wp-block-cover__inner-container has-global-padding is-layout-constrained wp-block-cover-is-layout-constrained\">\n<p class=\"has-text-align-center has-large-font-size\">eos plus cryo-thermal<\/p>\n\n\n\n<p class=\"has-text-align-center\">Laser Kryo-Thermo-Therapie<\/p>\n\n\n\n<div class=\"wp-block-buttons is-content-justification-center is-layout-flex wp-container-core-buttons-is-layout-7 wp-block-buttons-is-layout-flex\">\n\n<div class=\"wp-block-button\"><span class=\"wp-block-button__link has-text-align-center wp-element-button\">Zum Ger\u00e4t<\/span><\/div>\n\n<\/div>\n<\/div><\/div>\n<\/a><\/div>\n<\/div>\n\n\n\n<div class=\"wp-block-columns alignfull is-layout-flex wp-container-core-columns-is-layout-2 wp-block-columns-is-layout-flex\">\n<div class=\"wp-block-column is-layout-flow wp-block-column-is-layout-flow\"><a href=\"https:\/\/www.qmd-medicaldevice.com\/eos-cryo-thermal\/\"    class=\"effect-2 wp-block-tiptip-hyperlink-group-block\" >\n<div class=\"wp-block-cover\"><span aria-hidden=\"true\" class=\"wp-block-cover__background has-background-dim\"><\/span><img decoding=\"async\" class=\"wp-block-cover__image-background wp-image-2133\" alt=\"\" src=\"https:\/\/www.qmd-medicaldevice.com\/wp-content\/uploads\/2024\/11\/platzhalter.jpg\" data-object-fit=\"cover\"\/><div class=\"wp-block-cover__inner-container has-global-padding is-layout-constrained wp-block-cover-is-layout-constrained\">\n<p class=\"has-text-align-center has-large-font-size\">eos cryo-thermal<\/p>\n\n\n\n<p class=\"has-text-align-center\">Laser Kryo-Thermo-Therapie<\/p>\n\n\n\n<div class=\"wp-block-buttons is-content-justification-center is-layout-flex wp-container-core-buttons-is-layout-9 wp-block-buttons-is-layout-flex\">\n\n<div class=\"wp-block-button\"><span class=\"wp-block-button__link has-text-align-center wp-element-button\">Zum Ger\u00e4t<\/span><\/div>\n\n<\/div>\n<\/div><\/div>\n<\/a><\/div>\n\n\n\n<div class=\"wp-block-column is-layout-flow wp-block-column-is-layout-flow\"><\/div>\n\n\n\n<div class=\"wp-block-column is-layout-flow wp-block-column-is-layout-flow\"><\/div>\n<\/div>\n\n\n\n<p><\/p>\n\n\n\n<p><\/p>\n\n\n\n<div style=\"height:100px\" aria-hidden=\"true\" class=\"wp-block-spacer\"><\/div>\n","protected":false},"excerpt":{"rendered":"<p>Laser-Kryo-Thermo-Therapie Kombination aus Laser-, K\u00e4lte- und W\u00e4rmetherapie Mit den Lasern von qmd\u00ae haben Sie die M\u00f6glichkeit, ein Therapieprogramm nach Wirkung, nach Behandlungszone oder einfach nach einer individuellen Modalit\u00e4t auszuw\u00e4hlen. Je nach therapeutischer Anforderung k\u00f6nnen Sie bei jedem qmd\u00ae-Laser zwischen kontinuierlicher, gepulster oder supergepulster Abgabe sowie der exklusiven Frequenzmodulation qmd\u00ae harmonic pulsation w\u00e4hlen. Dadurch erzeugen unsere [&hellip;]<\/p>\n","protected":false},"author":1,"featured_media":0,"parent":0,"menu_order":0,"comment_status":"closed","ping_status":"closed","template":"","meta":{"footnotes":""},"class_list":["post-2194","page","type-page","status-publish","hentry"],"_links":{"self":[{"href":"https:\/\/www.qmd-medicaldevice.com\/de\/wp-json\/wp\/v2\/pages\/2194"}],"collection":[{"href":"https:\/\/www.qmd-medicaldevice.com\/de\/wp-json\/wp\/v2\/pages"}],"about":[{"href":"https:\/\/www.qmd-medicaldevice.com\/de\/wp-json\/wp\/v2\/types\/page"}],"author":[{"embeddable":true,"href":"https:\/\/www.qmd-medicaldevice.com\/de\/wp-json\/wp\/v2\/users\/1"}],"replies":[{"embeddable":true,"href":"https:\/\/www.qmd-medicaldevice.com\/de\/wp-json\/wp\/v2\/comments?post=2194"}],"version-history":[{"count":13,"href":"https:\/\/www.qmd-medicaldevice.com\/de\/wp-json\/wp\/v2\/pages\/2194\/revisions"}],"predecessor-version":[{"id":3208,"href":"https:\/\/www.qmd-medicaldevice.com\/de\/wp-json\/wp\/v2\/pages\/2194\/revisions\/3208"}],"wp:attachment":[{"href":"https:\/\/www.qmd-medicaldevice.com\/de\/wp-json\/wp\/v2\/media?parent=2194"}],"curies":[{"name":"wp","href":"https:\/\/api.w.org\/{rel}","templated":true}]}}