{"id":2175,"date":"2024-10-03T10:25:40","date_gmt":"2024-10-03T08:25:40","guid":{"rendered":"https:\/\/www.qmd-medicaldevice.com\/?page_id=2175"},"modified":"2024-11-07T12:28:26","modified_gmt":"2024-11-07T11:28:26","slug":"kryo-thermo-therapie","status":"publish","type":"page","link":"https:\/\/www.qmd-medicaldevice.com\/de\/kryo-thermo-therapie\/","title":{"rendered":"Kryo-Thermo-Therapie"},"content":{"rendered":"\n<div class=\"wp-block-cover alignfull is-light ohneAbstandOben\" style=\"min-height:660px;aspect-ratio:unset;\"><span aria-hidden=\"true\" class=\"wp-block-cover__background has-background-dim-0 has-background-dim\" style=\"background-color:#baa49e\"><\/span><img loading=\"lazy\" decoding=\"async\" width=\"2048\" height=\"1366\" class=\"wp-block-cover__image-background wp-image-2564\" alt=\"\" src=\"https:\/\/www.qmd-medicaldevice.com\/wp-content\/uploads\/2024\/10\/ultrasound-behandlung-3.jpg\" data-object-fit=\"cover\" srcset=\"https:\/\/www.qmd-medicaldevice.com\/wp-content\/uploads\/2024\/10\/ultrasound-behandlung-3.jpg 2048w, https:\/\/www.qmd-medicaldevice.com\/wp-content\/uploads\/2024\/10\/ultrasound-behandlung-3-700x467.jpg 700w, https:\/\/www.qmd-medicaldevice.com\/wp-content\/uploads\/2024\/10\/ultrasound-behandlung-3-768x512.jpg 768w, https:\/\/www.qmd-medicaldevice.com\/wp-content\/uploads\/2024\/10\/ultrasound-behandlung-3-1400x934.jpg 1400w, https:\/\/www.qmd-medicaldevice.com\/wp-content\/uploads\/2024\/10\/ultrasound-behandlung-3-1536x1025.jpg 1536w\" sizes=\"(max-width: 2048px) 100vw, 2048px\" \/><div class=\"wp-block-cover__inner-container has-global-padding is-layout-constrained wp-block-cover-is-layout-constrained\">\n<p class=\"has-text-align-center has-large-font-size\"><\/p>\n<\/div><\/div>\n\n\n\n<h1 class=\"wp-block-heading has-text-align-left\">Kryo-Thermo-Therapie<\/h1>\n\n\n\n<h2 class=\"wp-block-heading\">K\u00e4lte und W\u00e4rme f\u00fcr therapeutische Zwecke<\/h2>\n\n\n\n<p>K\u00e4lte und W\u00e4rme werden seit Jahrhunderten in der Therapie zur Behandlung verschiedener Gesundheitsprobleme eingesetzt. Unsere modernen Therapieger\u00e4te nutzen diese Prinzipien (Kryo- und Thermo-Therapie) f\u00fcr gezielte und effektive Behandlungen.<\/p>\n\n\n\n<div style=\"height:40px\" aria-hidden=\"true\" class=\"wp-block-spacer\"><\/div>\n\n\n\n<h3 class=\"wp-block-heading\">Kryotherapie<\/h3>\n\n\n\n<p class=\"has-text-align-left\">Die Kryotherapie ist eine physikalische Therapie, bei der durch den gezielten Einsatz von K\u00e4lte therapeutische Wirkungen erzielt werden. Sie kann in folgenden F\u00e4llen eingesetzt werden<\/p>\n\n\n\n<div class=\"wp-block-group design-1 has-global-padding is-layout-constrained wp-container-core-group-is-layout-2 wp-block-group-is-layout-constrained\" style=\"margin-bottom:0;padding-top:0;padding-right:0;padding-bottom:0;padding-left:0\">\n<p><strong>Wann kann die Kryotherapie eingesetzt werden?<\/strong><\/p>\n\n\n\n<div class=\"wp-block-group alignwide is-layout-flow wp-block-group-is-layout-flow\">\n<hr class=\"wp-block-separator has-text-color has-base-color has-alpha-channel-opacity has-base-background-color has-background is-style-wide\"\/>\n\n\n\n<details class=\"wp-block-details is-style-arrow-icon-details has-medium-font-size is-layout-flow wp-block-details-is-layout-flow\" style=\"border-top-style:none;border-top-width:0px;border-right-style:none;border-right-width:0px;border-bottom-color:var(--wp--preset--color--base);border-bottom-style:solid;border-bottom-width:1px;border-left-style:none;border-left-width:0px;margin-top:0\"><summary>Akute Traumata<\/summary>\n<p class=\"has-contrast-1-color has-text-color has-link-color wp-elements-2619fbed43c9ff39bdd5f6a519029d6e\">Die durch die K\u00e4lte hervorgerufene Vasokonstriktion verhindert die Ausbreitung von \u00d6demen.<\/p>\n<\/details>\n\n\n\n<details class=\"wp-block-details is-style-arrow-icon-details has-medium-font-size is-layout-flow wp-block-details-is-layout-flow\" style=\"border-top-style:none;border-top-width:0px;border-right-style:none;border-right-width:0px;border-bottom-color:var(--wp--preset--color--base);border-bottom-style:solid;border-bottom-width:1px;border-left-style:none;border-left-width:0px;margin-top:0\"><summary>Nachwirkungen von Traumata<\/summary>\n<p class=\"has-contrast-1-color has-text-color has-link-color wp-elements-fdd9064b65d344830caf9459513743cd\">Die K\u00e4lte vermindert die Schmerzwahrnehmung, die Muskelkontraktur und das posttraumatische \u00d6dem<\/p>\n<\/details>\n\n\n\n<details class=\"wp-block-details is-style-arrow-icon-details has-medium-font-size is-layout-flow wp-block-details-is-layout-flow\" style=\"border-top-style:none;border-top-width:0px;border-right-style:none;border-right-width:0px;border-bottom-color:var(--wp--preset--color--base);border-bottom-style:solid;border-bottom-width:1px;border-left-style:none;border-left-width:0px;margin-top:0\"><summary>Bursitis, Arthrosynovitis, Tendinitis<\/summary>\n<p class=\"has-contrast-1-color has-text-color has-link-color wp-elements-77abd6bb481d0bc7e48c56dcb97d1e84\">K\u00e4lte wirkt entz\u00fcndungshemmend und schmerzlindernd.<\/p>\n<\/details>\n\n\n\n<details class=\"wp-block-details is-style-arrow-icon-details has-medium-font-size is-layout-flow wp-block-details-is-layout-flow\" style=\"border-top-style:none;border-top-width:0px;border-right-style:none;border-right-width:0px;border-bottom-color:var(--wp--preset--color--base);border-bottom-style:solid;border-bottom-width:1px;border-left-style:none;border-left-width:0px;margin-top:0\"><summary>entz\u00fcndliche Arthropathie<\/summary>\n<p class=\"has-contrast-1-color has-text-color has-link-color wp-elements-0ed753d0fe2b1965fc143d262cfead65\">Die K\u00e4lte hat eine entz\u00fcndungshemmende Wirkung bei entz\u00fcndlichen rheumatischen Erkrankungen.<\/p>\n<\/details>\n<\/div>\n<\/div>\n\n\n\n<div style=\"height:40px\" aria-hidden=\"true\" class=\"wp-block-spacer\"><\/div>\n\n\n\n<h3 class=\"wp-block-heading\">Thermotherapie<\/h3>\n\n\n\n<p>Die <strong>Thermotherapie <\/strong>ist ebenfalls eine physikalische Therapie, bei der durch den gezielten Einsatz von <strong>W\u00e4rme<\/strong> therapeutische Effekte erzielt werden. W\u00e4rme steigert die Durchblutung, f\u00f6rdert den Abtransport von Stoffwechselnebenprodukten aus dem Gewebe, erh\u00f6ht die Sauerstoffzufuhr, beschleunigt biochemische Reaktionen im K\u00f6rper und wirkt schmerzlindernd und muskelentspannend.<\/p>\n\n\n\n<p>Die Thermotherapie wird bei folgenden Behandlungen eingesetzt:<\/p>\n\n\n\n<ul class=\"wp-block-list is-style-checkmark-list\">\n<li>Prellungen, Verstauchungen, Bursitis, Muskelrisse und -zerrungen;<\/li>\n\n\n\n<li>Wirbels\u00e4ulensyndrome mit Muskelkontrakturen;<\/li>\n\n\n\n<li>Muskelspasmen infolge von Erm\u00fcdung, da sie den Abbau der in den Muskeln angesammelten Milchs\u00e4ure f\u00f6rdert;<\/li>\n\n\n\n<li>Vorbereitung vor \u00dcbungen f\u00fcr die Phase der Muskelaufw\u00e4rmung;<\/li>\n\n\n\n<li>Vorbereitung auf physiotherapeutische \u00dcbungen.<\/li>\n<\/ul>\n\n\n\n<div style=\"height:40px\" aria-hidden=\"true\" class=\"wp-block-spacer\"><\/div>\n\n\n\n<h3 class=\"wp-block-heading\">Thermoschock und contrast therapy\u00ae<\/h3>\n\n\n\n<p>Mit dem Thermoschock hingegen k\u00f6nnen folgende Krankheitsbilder behandelt werden:<\/p>\n\n\n\n<ul class=\"wp-block-list is-style-checkmark-list\">\n<li>Rheumatoide Arthritis und allgemeine Entz\u00fcndungen<\/li>\n\n\n\n<li>Hexenschuss<\/li>\n\n\n\n<li>Arthrose<\/li>\n\n\n\n<li>muskul\u00e4re Probleme<\/li>\n\n\n\n<li>akute Verletzungen<\/li>\n\n\n\n<li>postoperative Genesung.<\/li>\n<\/ul>\n\n\n\n<p>Die Contrast Therapy\u00ae ist eine physikalische Therapie, bei der <strong>W\u00e4rme<\/strong>&#8211; und <strong>K\u00e4ltezyklen<\/strong> angewendet werden. Sie wird selektiv zur Behandlung von \u00d6demen, Schmerzbehandlung, Muskelkontrakturen, Sehnenentz\u00fcndungen, Aponeurosis und Periost eingesetzt.<\/p>\n\n\n\n<div style=\"height:40px\" aria-hidden=\"true\" class=\"wp-block-spacer\"><\/div>\n\n\n\n<h2 class=\"wp-block-heading\">Cryo-thermal Ger\u00e4te<\/h2>\n\n\n\n<p>Mit dem qmd\u00ae cryo-thermal haben Sie die M\u00f6glichkeit einen K\u00e4lteeffekt (Hypothermie von -15 \u00b0C bis +15 \u00b0C), einen W\u00e4rmeeffekt (Hyperthermie von +30 \u00b0C bis +45 \u00b0C), einen Thermoschock (die Temperatur f\u00e4llt in kurzer Zeit um 30 \u00b0C) und die exklusive contrast therapy\u00ae (die alternierende Anwendung von W\u00e4rme- und K\u00e4ltezyklen) hervorzurufen.<\/p>\n\n\n\n<div style=\"margin-top:var(--wp--preset--spacing--10);margin-bottom:0;height:var(--wp--preset--spacing--10)\" aria-hidden=\"true\" class=\"wp-block-spacer\"><\/div>\n\n\n\n<div class=\"wp-block-columns alignfull is-layout-flex wp-container-core-columns-is-layout-1 wp-block-columns-is-layout-flex\">\n<div class=\"wp-block-column is-layout-flow wp-block-column-is-layout-flow\"><a href=\"https:\/\/www.qmd-medicaldevice.com\/cryo-thermal\/\"    class=\"effect-2 wp-block-tiptip-hyperlink-group-block\" >\n<div class=\"wp-block-cover\"><span aria-hidden=\"true\" class=\"wp-block-cover__background has-background-dim\"><\/span><img decoding=\"async\" class=\"wp-block-cover__image-background wp-image-2133\" alt=\"\" src=\"https:\/\/www.qmd-medicaldevice.com\/wp-content\/uploads\/2024\/11\/platzhalter.jpg\" data-object-fit=\"cover\"\/><div class=\"wp-block-cover__inner-container has-global-padding is-layout-constrained wp-block-cover-is-layout-constrained\">\n<p class=\"has-text-align-center has-large-font-size\">cryo-thermal<\/p>\n\n\n\n<p class=\"has-text-align-center\">Kryo-Thermo-Therapie<\/p>\n\n\n\n<div class=\"wp-block-buttons is-content-justification-center is-layout-flex wp-container-core-buttons-is-layout-2 wp-block-buttons-is-layout-flex\">\n\n<div class=\"wp-block-button\"><span class=\"wp-block-button__link has-text-align-center wp-element-button\">Zum Ger\u00e4t<\/span><\/div>\n\n<\/div>\n<\/div><\/div>\n<\/a><\/div>\n\n\n\n<div class=\"wp-block-column is-layout-flow wp-block-column-is-layout-flow\"><a href=\"https:\/\/www.qmd-medicaldevice.com\/cryo-thermal-pt\/\"    class=\"effect-2 wp-block-tiptip-hyperlink-group-block\" >\n<div class=\"wp-block-cover\"><span aria-hidden=\"true\" class=\"wp-block-cover__background has-background-dim\"><\/span><img decoding=\"async\" class=\"wp-block-cover__image-background wp-image-2133\" alt=\"\" src=\"https:\/\/www.qmd-medicaldevice.com\/wp-content\/uploads\/2024\/11\/platzhalter.jpg\" data-object-fit=\"cover\"\/><div class=\"wp-block-cover__inner-container has-global-padding is-layout-constrained wp-block-cover-is-layout-constrained\">\n<p class=\"has-text-align-center has-large-font-size\">cryo-thermal PT<\/p>\n\n\n\n<p class=\"has-text-align-center\">Kryo-Thermo-Therapie<\/p>\n\n\n\n<div class=\"wp-block-buttons is-content-justification-center is-layout-flex wp-container-core-buttons-is-layout-4 wp-block-buttons-is-layout-flex\">\n\n<div class=\"wp-block-button\"><span class=\"wp-block-button__link has-text-align-center wp-element-button\">Zum Ger\u00e4t<\/span><\/div>\n\n<\/div>\n<\/div><\/div>\n<\/a><\/div>\n\n\n\n<div class=\"wp-block-column is-layout-flow wp-block-column-is-layout-flow\"><a href=\"https:\/\/www.qmd-medicaldevice.com\/cryo-thermal-nur-modul\/\"    class=\"effect-2 wp-block-tiptip-hyperlink-group-block\" >\n<div class=\"wp-block-cover\"><span aria-hidden=\"true\" class=\"wp-block-cover__background has-background-dim\"><\/span><img decoding=\"async\" class=\"wp-block-cover__image-background wp-image-2133\" alt=\"\" src=\"https:\/\/www.qmd-medicaldevice.com\/wp-content\/uploads\/2024\/11\/platzhalter.jpg\" data-object-fit=\"cover\"\/><div class=\"wp-block-cover__inner-container has-global-padding is-layout-constrained wp-block-cover-is-layout-constrained\">\n<p class=\"has-text-align-center has-large-font-size\">cryo-thermal nur Modul<\/p>\n\n\n\n<p class=\"has-text-align-center\">Kryo-Thermo-Therapie<\/p>\n\n\n\n<div class=\"wp-block-buttons is-content-justification-center is-layout-flex wp-container-core-buttons-is-layout-6 wp-block-buttons-is-layout-flex\">\n\n<div class=\"wp-block-button\"><span class=\"wp-block-button__link has-text-align-center wp-element-button\">Zum Ger\u00e4t<\/span><\/div>\n\n<\/div>\n<\/div><\/div>\n<\/a><\/div>\n<\/div>\n\n\n\n<div class=\"wp-block-columns alignfull is-layout-flex wp-container-core-columns-is-layout-2 wp-block-columns-is-layout-flex\">\n<div class=\"wp-block-column is-layout-flow wp-block-column-is-layout-flow\"><a href=\"https:\/\/www.qmd-medicaldevice.com\/cryo-thermal-aesthetics\/\"    class=\"effect-2 wp-block-tiptip-hyperlink-group-block\" >\n<div class=\"wp-block-cover\"><span aria-hidden=\"true\" class=\"wp-block-cover__background has-background-dim\"><\/span><img decoding=\"async\" class=\"wp-block-cover__image-background wp-image-2133\" alt=\"\" src=\"https:\/\/www.qmd-medicaldevice.com\/wp-content\/uploads\/2024\/11\/platzhalter.jpg\" data-object-fit=\"cover\"\/><div class=\"wp-block-cover__inner-container has-global-padding is-layout-constrained wp-block-cover-is-layout-constrained\">\n<p class=\"has-text-align-center has-large-font-size\">cryo-thermal aesthetics<\/p>\n\n\n\n<p class=\"has-text-align-center\">Kryo-Thermo-Therapie<\/p>\n\n\n\n<div class=\"wp-block-buttons is-content-justification-center is-layout-flex wp-container-core-buttons-is-layout-8 wp-block-buttons-is-layout-flex\">\n\n<div class=\"wp-block-button\"><span class=\"wp-block-button__link has-text-align-center wp-element-button\">Zum Ger\u00e4t<\/span><\/div>\n\n<\/div>\n<\/div><\/div>\n<\/a><\/div>\n\n\n\n<div class=\"wp-block-column is-layout-flow wp-block-column-is-layout-flow\"><\/div>\n\n\n\n<div class=\"wp-block-column is-layout-flow wp-block-column-is-layout-flow\"><\/div>\n<\/div>\n\n\n\n<div style=\"height:100px\" aria-hidden=\"true\" class=\"wp-block-spacer\"><\/div>\n","protected":false},"excerpt":{"rendered":"<p>Kryo-Thermo-Therapie K\u00e4lte und W\u00e4rme f\u00fcr therapeutische Zwecke K\u00e4lte und W\u00e4rme werden seit Jahrhunderten in der Therapie zur Behandlung verschiedener Gesundheitsprobleme eingesetzt. Unsere modernen Therapieger\u00e4te nutzen diese Prinzipien (Kryo- und Thermo-Therapie) f\u00fcr gezielte und effektive Behandlungen. Kryotherapie Die Kryotherapie ist eine physikalische Therapie, bei der durch den gezielten Einsatz von K\u00e4lte therapeutische Wirkungen erzielt werden. Sie [&hellip;]<\/p>\n","protected":false},"author":1,"featured_media":0,"parent":0,"menu_order":0,"comment_status":"closed","ping_status":"closed","template":"","meta":{"footnotes":""},"class_list":["post-2175","page","type-page","status-publish","hentry"],"_links":{"self":[{"href":"https:\/\/www.qmd-medicaldevice.com\/de\/wp-json\/wp\/v2\/pages\/2175"}],"collection":[{"href":"https:\/\/www.qmd-medicaldevice.com\/de\/wp-json\/wp\/v2\/pages"}],"about":[{"href":"https:\/\/www.qmd-medicaldevice.com\/de\/wp-json\/wp\/v2\/types\/page"}],"author":[{"embeddable":true,"href":"https:\/\/www.qmd-medicaldevice.com\/de\/wp-json\/wp\/v2\/users\/1"}],"replies":[{"embeddable":true,"href":"https:\/\/www.qmd-medicaldevice.com\/de\/wp-json\/wp\/v2\/comments?post=2175"}],"version-history":[{"count":17,"href":"https:\/\/www.qmd-medicaldevice.com\/de\/wp-json\/wp\/v2\/pages\/2175\/revisions"}],"predecessor-version":[{"id":2990,"href":"https:\/\/www.qmd-medicaldevice.com\/de\/wp-json\/wp\/v2\/pages\/2175\/revisions\/2990"}],"wp:attachment":[{"href":"https:\/\/www.qmd-medicaldevice.com\/de\/wp-json\/wp\/v2\/media?parent=2175"}],"curies":[{"name":"wp","href":"https:\/\/api.w.org\/{rel}","templated":true}]}}