{"id":2132,"date":"2024-10-03T08:46:36","date_gmt":"2024-10-03T06:46:36","guid":{"rendered":"https:\/\/www.qmd-medicaldevice.com\/?page_id=2132"},"modified":"2024-11-07T12:58:06","modified_gmt":"2024-11-07T11:58:06","slug":"laser-therapie","status":"publish","type":"page","link":"https:\/\/www.qmd-medicaldevice.com\/de\/laser-therapie\/","title":{"rendered":"Laser-Therapie"},"content":{"rendered":"\n<div class=\"wp-block-cover alignfull is-light ohneAbstandOben\" style=\"min-height:660px;aspect-ratio:unset;\"><span aria-hidden=\"true\" class=\"wp-block-cover__background has-background-dim-0 has-background-dim\" style=\"background-color:#baa49e\"><\/span><img loading=\"lazy\" decoding=\"async\" width=\"2048\" height=\"1365\" class=\"wp-block-cover__image-background wp-image-2234\" alt=\"\" src=\"https:\/\/www.qmd-medicaldevice.com\/wp-content\/uploads\/2024\/10\/p1255728.jpg\" data-object-fit=\"cover\" srcset=\"https:\/\/www.qmd-medicaldevice.com\/wp-content\/uploads\/2024\/10\/p1255728.jpg 2048w, https:\/\/www.qmd-medicaldevice.com\/wp-content\/uploads\/2024\/10\/p1255728-700x467.jpg 700w, https:\/\/www.qmd-medicaldevice.com\/wp-content\/uploads\/2024\/10\/p1255728-768x512.jpg 768w, https:\/\/www.qmd-medicaldevice.com\/wp-content\/uploads\/2024\/10\/p1255728-1400x933.jpg 1400w, https:\/\/www.qmd-medicaldevice.com\/wp-content\/uploads\/2024\/10\/p1255728-1536x1024.jpg 1536w\" sizes=\"(max-width: 2048px) 100vw, 2048px\" \/><div class=\"wp-block-cover__inner-container has-global-padding is-layout-constrained wp-block-cover-is-layout-constrained\">\n<p class=\"has-text-align-center has-large-font-size\"><\/p>\n<\/div><\/div>\n\n\n\n<h1 class=\"wp-block-heading has-text-align-left\">Laser-Therapie<\/h1>\n\n\n\n<h2 class=\"wp-block-heading\">Moderne Technologie f\u00fcr Ihre Gesundheit<\/h2>\n\n\n\n<p class=\"has-text-align-left\">Laserstrahlen sind hochpr\u00e4zise, k\u00fcnstlich erzeugte elektromagnetische Wellen, die in der Natur so nicht vorkommen. In der Lasertherapie nutzen wir die geb\u00fcndelte Energie dieser Strahlen, um gezielt therapeutische Effekte im K\u00f6rper zu erzielen. Die Photonen, aus denen der Laserstrahl besteht, dringen tief in das Gewebe ein und entfalten dort eine Vielzahl von positiven Wirkungen.<\/p>\n\n\n\n<div class=\"wp-block-group design-1 has-global-padding is-layout-constrained wp-container-core-group-is-layout-2 wp-block-group-is-layout-constrained\" style=\"margin-bottom:0;padding-top:0;padding-right:0;padding-bottom:0;padding-left:0\">\n<p><strong>Welche positiven Wirkungen hat die Lasertherapie?<\/strong><\/p>\n\n\n\n<div class=\"wp-block-group alignwide is-layout-flow wp-block-group-is-layout-flow\">\n<hr class=\"wp-block-separator has-text-color has-base-color has-alpha-channel-opacity has-base-background-color has-background is-style-wide\"\/>\n\n\n\n<details class=\"wp-block-details is-style-arrow-icon-details has-medium-font-size is-layout-flow wp-block-details-is-layout-flow\" style=\"border-top-style:none;border-top-width:0px;border-right-style:none;border-right-width:0px;border-bottom-color:var(--wp--preset--color--base);border-bottom-style:solid;border-bottom-width:1px;border-left-style:none;border-left-width:0px;margin-top:0\"><summary>Entz\u00fcndungshemmung<\/summary>\n<p class=\"has-contrast-1-color has-text-color has-link-color wp-elements-8439e3e75fa66b1d818eadc609885162\">Reduzierung von Entz\u00fcndungen in Gelenken und Muskeln.<\/p>\n<\/details>\n\n\n\n<details class=\"wp-block-details is-style-arrow-icon-details has-medium-font-size is-layout-flow wp-block-details-is-layout-flow\" style=\"border-top-style:none;border-top-width:0px;border-right-style:none;border-right-width:0px;border-bottom-color:var(--wp--preset--color--base);border-bottom-style:solid;border-bottom-width:1px;border-left-style:none;border-left-width:0px;margin-top:0\"><summary>Schmerzlinderung<\/summary>\n<p class=\"has-contrast-1-color has-text-color has-link-color wp-elements-3c55a9109ba9d645e45a02e6a8173468\">Beruhigung und Entlastung von gereizten Nervenfasern.<\/p>\n<\/details>\n\n\n\n<details class=\"wp-block-details is-style-arrow-icon-details has-medium-font-size is-layout-flow wp-block-details-is-layout-flow\" style=\"border-top-style:none;border-top-width:0px;border-right-style:none;border-right-width:0px;border-bottom-color:var(--wp--preset--color--base);border-bottom-style:solid;border-bottom-width:1px;border-left-style:none;border-left-width:0px;margin-top:0\"><summary>Biostimulation und Regeneration<\/summary>\n<p class=\"has-contrast-1-color has-text-color has-link-color wp-elements-a4b6f1c06b3b1d8a9c0645851c2d5625\">Unterst\u00fctzung der Heilung und Regeneration von Weich- und Bindegewebe.<\/p>\n<\/details>\n\n\n\n<details class=\"wp-block-details is-style-arrow-icon-details has-medium-font-size is-layout-flow wp-block-details-is-layout-flow\" style=\"border-top-style:none;border-top-width:0px;border-right-style:none;border-right-width:0px;border-bottom-color:var(--wp--preset--color--base);border-bottom-style:solid;border-bottom-width:1px;border-left-style:none;border-left-width:0px;margin-top:0\"><summary>Verbesserung der Durchblutung<\/summary>\n<p class=\"has-contrast-1-color has-text-color has-link-color wp-elements-a85b660c474e98fac47bee2227568ba8\">F\u00f6rderung der Mikrozirkulation und damit der peripheren Durchblutung.<\/p>\n<\/details>\n\n\n\n<details class=\"wp-block-details is-style-arrow-icon-details has-medium-font-size is-layout-flow wp-block-details-is-layout-flow\" style=\"border-top-style:none;border-top-width:0px;border-right-style:none;border-right-width:0px;border-bottom-color:var(--wp--preset--color--base);border-bottom-style:solid;border-bottom-width:1px;border-left-style:none;border-left-width:0px;margin-top:0\"><summary>\u00d6dem Reduktion<\/summary>\n<p class=\"has-contrast-1-color has-text-color has-link-color wp-elements-845047f88847291587bf3a2ac2c800e1\">Schnelle Resorption von Entz\u00fcndungsmediatoren und \u00fcbersch\u00fcssiger Fl\u00fcssigkeit.<\/p>\n<\/details>\n<\/div>\n<\/div>\n\n\n\n<div style=\"height:40px\" aria-hidden=\"true\" class=\"wp-block-spacer\"><\/div>\n\n\n\n<p>Die qmd\u00ae-Lasertechnologie bietet Ihnen fortschrittliche Behandlungsmodalit\u00e4ten: kontinuierlich, gepulst, supergepulst und die exklusive qmd\u00ae harmonic pulsation. Diese Vielseitigkeit erm\u00f6glicht es unseren Ger\u00e4ten nicht nur, Schmerzen zu lindern, sondern auch Entz\u00fcndungen zu hemmen, Schwellungen zu reduzieren und die k\u00f6rpereigene Regeneration zu f\u00f6rdern.<\/p>\n\n\n\n<h2 class=\"wp-block-heading\">Behandlung<\/h2>\n\n\n\n<h3 class=\"wp-block-heading\">Unsere Lasertherapie eignet sich ideal zur Behandlung verschiedener Erkrankungen, darunter:<\/h3>\n\n\n\n<ul class=\"wp-block-list\">\n<li>Rheumatoide Arthritis<\/li>\n\n\n\n<li>Nackenschmerzen<\/li>\n\n\n\n<li>Gelenkschmerzen<\/li>\n\n\n\n<li>Karpaltunnelsyndrom<\/li>\n\n\n\n<li>Lumbalgie<\/li>\n\n\n\n<li>Osteoarthritis<\/li>\n<\/ul>\n\n\n\n<div style=\"margin-top:var(--wp--preset--spacing--10);margin-bottom:0;height:var(--wp--preset--spacing--10)\" aria-hidden=\"true\" class=\"wp-block-spacer\"><\/div>\n\n\n\n<h2 class=\"wp-block-heading\">Ger\u00e4te f\u00fcr die Lasertherapie<\/h2>\n\n\n\n<p>Unsere hochwertigen Laserger\u00e4te setzen neue Ma\u00dfst\u00e4be in der medizinischen Therapie und unterst\u00fctzen Sie dabei, die Gesundheit Ihrer Patienten nachhaltig zu verbessern.<\/p>\n\n\n\n<div class=\"wp-block-columns alignfull is-layout-flex wp-container-core-columns-is-layout-1 wp-block-columns-is-layout-flex\">\n<div class=\"wp-block-column is-layout-flow wp-block-column-is-layout-flow\"><a href=\"https:\/\/www.qmd-medicaldevice.com\/helios\/\"    class=\"effect-2 wp-block-tiptip-hyperlink-group-block\" >\n<div class=\"wp-block-cover\"><span aria-hidden=\"true\" class=\"wp-block-cover__background has-background-dim\"><\/span><img loading=\"lazy\" decoding=\"async\" width=\"1365\" height=\"2048\" class=\"wp-block-cover__image-background wp-image-2141\" alt=\"\" src=\"https:\/\/www.qmd-medicaldevice.com\/wp-content\/uploads\/2024\/10\/20230714115148-helios-d3-0203.png\" style=\"object-position:50% 20%\" data-object-fit=\"cover\" data-object-position=\"50% 20%\" srcset=\"https:\/\/www.qmd-medicaldevice.com\/wp-content\/uploads\/2024\/10\/20230714115148-helios-d3-0203.png 1365w, https:\/\/www.qmd-medicaldevice.com\/wp-content\/uploads\/2024\/10\/20230714115148-helios-d3-0203-467x700.png 467w, https:\/\/www.qmd-medicaldevice.com\/wp-content\/uploads\/2024\/10\/20230714115148-helios-d3-0203-933x1400.png 933w, https:\/\/www.qmd-medicaldevice.com\/wp-content\/uploads\/2024\/10\/20230714115148-helios-d3-0203-768x1152.png 768w, https:\/\/www.qmd-medicaldevice.com\/wp-content\/uploads\/2024\/10\/20230714115148-helios-d3-0203-1024x1536.png 1024w\" sizes=\"(max-width: 1365px) 100vw, 1365px\" \/><div class=\"wp-block-cover__inner-container has-global-padding is-layout-constrained wp-block-cover-is-layout-constrained\">\n<p class=\"has-text-align-center has-large-font-size\">helios<\/p>\n\n\n\n<p class=\"has-text-align-center\">Lasertherapie<\/p>\n\n\n\n<div class=\"wp-block-buttons is-content-justification-center is-layout-flex wp-container-core-buttons-is-layout-2 wp-block-buttons-is-layout-flex\">\n\n<div class=\"wp-block-button\"><span class=\"wp-block-button__link has-text-align-center wp-element-button\">Zum Ger\u00e4t<\/span><\/div>\n\n<\/div>\n<\/div><\/div>\n<\/a><\/div>\n\n\n\n<div class=\"wp-block-column is-layout-flow wp-block-column-is-layout-flow\"><a href=\"https:\/\/www.qmd-medicaldevice.com\/ares\/\"    class=\"effect-2 wp-block-tiptip-hyperlink-group-block\" >\n<div class=\"wp-block-cover\"><span aria-hidden=\"true\" class=\"wp-block-cover__background has-background-dim\"><\/span><img loading=\"lazy\" decoding=\"async\" width=\"1365\" height=\"2048\" class=\"wp-block-cover__image-background wp-image-2233\" alt=\"\" src=\"https:\/\/www.qmd-medicaldevice.com\/wp-content\/uploads\/2024\/10\/20230714115148-ares-d3-0204.png\" style=\"object-position:50% 20%\" data-object-fit=\"cover\" data-object-position=\"50% 20%\" srcset=\"https:\/\/www.qmd-medicaldevice.com\/wp-content\/uploads\/2024\/10\/20230714115148-ares-d3-0204.png 1365w, https:\/\/www.qmd-medicaldevice.com\/wp-content\/uploads\/2024\/10\/20230714115148-ares-d3-0204-467x700.png 467w, https:\/\/www.qmd-medicaldevice.com\/wp-content\/uploads\/2024\/10\/20230714115148-ares-d3-0204-933x1400.png 933w, https:\/\/www.qmd-medicaldevice.com\/wp-content\/uploads\/2024\/10\/20230714115148-ares-d3-0204-768x1152.png 768w, https:\/\/www.qmd-medicaldevice.com\/wp-content\/uploads\/2024\/10\/20230714115148-ares-d3-0204-1024x1536.png 1024w\" sizes=\"(max-width: 1365px) 100vw, 1365px\" \/><div class=\"wp-block-cover__inner-container has-global-padding is-layout-constrained wp-block-cover-is-layout-constrained\">\n<p class=\"has-text-align-center has-large-font-size\">ares<\/p>\n\n\n\n<p class=\"has-text-align-center\">Lasertherapie<\/p>\n\n\n\n<div class=\"wp-block-buttons is-content-justification-center is-layout-flex wp-container-core-buttons-is-layout-4 wp-block-buttons-is-layout-flex\">\n\n<div class=\"wp-block-button\"><span class=\"wp-block-button__link has-text-align-center wp-element-button\">Zum Ger\u00e4t<\/span><\/div>\n\n<\/div>\n<\/div><\/div>\n<\/a><\/div>\n<\/div>\n\n\n\n<div class=\"wp-block-columns alignfull is-layout-flex wp-container-core-columns-is-layout-2 wp-block-columns-is-layout-flex\">\n<div class=\"wp-block-column is-layout-flow wp-block-column-is-layout-flow\"><a href=\"https:\/\/www.qmd-medicaldevice.com\/eos-plus\/\"    class=\"effect-2 wp-block-tiptip-hyperlink-group-block\" >\n<div class=\"wp-block-cover\"><span aria-hidden=\"true\" class=\"wp-block-cover__background has-background-dim\"><\/span><img loading=\"lazy\" decoding=\"async\" width=\"1365\" height=\"2048\" class=\"wp-block-cover__image-background wp-image-2244\" alt=\"\" src=\"https:\/\/www.qmd-medicaldevice.com\/wp-content\/uploads\/2024\/10\/20230714115148-eos-plus-d3-0203.png\" style=\"object-position:50% 20%\" data-object-fit=\"cover\" data-object-position=\"50% 20%\" srcset=\"https:\/\/www.qmd-medicaldevice.com\/wp-content\/uploads\/2024\/10\/20230714115148-eos-plus-d3-0203.png 1365w, https:\/\/www.qmd-medicaldevice.com\/wp-content\/uploads\/2024\/10\/20230714115148-eos-plus-d3-0203-467x700.png 467w, https:\/\/www.qmd-medicaldevice.com\/wp-content\/uploads\/2024\/10\/20230714115148-eos-plus-d3-0203-933x1400.png 933w, https:\/\/www.qmd-medicaldevice.com\/wp-content\/uploads\/2024\/10\/20230714115148-eos-plus-d3-0203-768x1152.png 768w, https:\/\/www.qmd-medicaldevice.com\/wp-content\/uploads\/2024\/10\/20230714115148-eos-plus-d3-0203-1024x1536.png 1024w\" sizes=\"(max-width: 1365px) 100vw, 1365px\" \/><div class=\"wp-block-cover__inner-container has-global-padding is-layout-constrained wp-block-cover-is-layout-constrained\">\n<p class=\"has-text-align-center has-large-font-size\">eos plus<\/p>\n\n\n\n<p class=\"has-text-align-center\">Lasertherapie<\/p>\n\n\n\n<div class=\"wp-block-buttons is-content-justification-center is-layout-flex wp-container-core-buttons-is-layout-6 wp-block-buttons-is-layout-flex\">\n\n<div class=\"wp-block-button\"><span class=\"wp-block-button__link has-text-align-center wp-element-button\">Zum Ger\u00e4t<\/span><\/div>\n\n<\/div>\n<\/div><\/div>\n<\/a><\/div>\n\n\n\n<div class=\"wp-block-column is-layout-flow wp-block-column-is-layout-flow\"><a href=\"https:\/\/www.qmd-medicaldevice.com\/eos\/\"    class=\"effect-2 wp-block-tiptip-hyperlink-group-block\" >\n<div class=\"wp-block-cover\"><span aria-hidden=\"true\" class=\"wp-block-cover__background has-background-dim\"><\/span><img loading=\"lazy\" decoding=\"async\" width=\"1365\" height=\"2048\" class=\"wp-block-cover__image-background wp-image-2260\" alt=\"\" src=\"https:\/\/www.qmd-medicaldevice.com\/wp-content\/uploads\/2024\/10\/20230714115148-eos-d3-0204.png\" style=\"object-position:50% 20%\" data-object-fit=\"cover\" data-object-position=\"50% 20%\" srcset=\"https:\/\/www.qmd-medicaldevice.com\/wp-content\/uploads\/2024\/10\/20230714115148-eos-d3-0204.png 1365w, https:\/\/www.qmd-medicaldevice.com\/wp-content\/uploads\/2024\/10\/20230714115148-eos-d3-0204-467x700.png 467w, https:\/\/www.qmd-medicaldevice.com\/wp-content\/uploads\/2024\/10\/20230714115148-eos-d3-0204-933x1400.png 933w, https:\/\/www.qmd-medicaldevice.com\/wp-content\/uploads\/2024\/10\/20230714115148-eos-d3-0204-768x1152.png 768w, https:\/\/www.qmd-medicaldevice.com\/wp-content\/uploads\/2024\/10\/20230714115148-eos-d3-0204-1024x1536.png 1024w\" sizes=\"(max-width: 1365px) 100vw, 1365px\" \/><div class=\"wp-block-cover__inner-container has-global-padding is-layout-constrained wp-block-cover-is-layout-constrained\">\n<p class=\"has-text-align-center has-large-font-size\">eos<\/p>\n\n\n\n<p class=\"has-text-align-center\">Lasertherapie<\/p>\n\n\n\n<div class=\"wp-block-buttons is-content-justification-center is-layout-flex wp-container-core-buttons-is-layout-8 wp-block-buttons-is-layout-flex\">\n\n<div class=\"wp-block-button\"><span class=\"wp-block-button__link has-text-align-center wp-element-button\">Zum Ger\u00e4t<\/span><\/div>\n\n<\/div>\n<\/div><\/div>\n<\/a><\/div>\n<\/div>\n\n\n\n<div style=\"height:100px\" aria-hidden=\"true\" class=\"wp-block-spacer\"><\/div>\n","protected":false},"excerpt":{"rendered":"<p>Laser-Therapie Moderne Technologie f\u00fcr Ihre Gesundheit Laserstrahlen sind hochpr\u00e4zise, k\u00fcnstlich erzeugte elektromagnetische Wellen, die in der Natur so nicht vorkommen. In der Lasertherapie nutzen wir die geb\u00fcndelte Energie dieser Strahlen, um gezielt therapeutische Effekte im K\u00f6rper zu erzielen. Die Photonen, aus denen der Laserstrahl besteht, dringen tief in das Gewebe ein und entfalten dort eine [&hellip;]<\/p>\n","protected":false},"author":1,"featured_media":0,"parent":0,"menu_order":0,"comment_status":"closed","ping_status":"closed","template":"","meta":{"footnotes":""},"class_list":["post-2132","page","type-page","status-publish","hentry"],"_links":{"self":[{"href":"https:\/\/www.qmd-medicaldevice.com\/de\/wp-json\/wp\/v2\/pages\/2132"}],"collection":[{"href":"https:\/\/www.qmd-medicaldevice.com\/de\/wp-json\/wp\/v2\/pages"}],"about":[{"href":"https:\/\/www.qmd-medicaldevice.com\/de\/wp-json\/wp\/v2\/types\/page"}],"author":[{"embeddable":true,"href":"https:\/\/www.qmd-medicaldevice.com\/de\/wp-json\/wp\/v2\/users\/1"}],"replies":[{"embeddable":true,"href":"https:\/\/www.qmd-medicaldevice.com\/de\/wp-json\/wp\/v2\/comments?post=2132"}],"version-history":[{"count":25,"href":"https:\/\/www.qmd-medicaldevice.com\/de\/wp-json\/wp\/v2\/pages\/2132\/revisions"}],"predecessor-version":[{"id":3018,"href":"https:\/\/www.qmd-medicaldevice.com\/de\/wp-json\/wp\/v2\/pages\/2132\/revisions\/3018"}],"wp:attachment":[{"href":"https:\/\/www.qmd-medicaldevice.com\/de\/wp-json\/wp\/v2\/media?parent=2132"}],"curies":[{"name":"wp","href":"https:\/\/api.w.org\/{rel}","templated":true}]}}