{"id":2,"date":"2024-09-09T08:47:22","date_gmt":"2024-09-09T06:47:22","guid":{"rendered":"https:\/\/www.qmd-medicaldevice.com\/?page_id=2"},"modified":"2025-09-03T10:15:46","modified_gmt":"2025-09-03T08:15:46","slug":"home","status":"publish","type":"page","link":"https:\/\/www.qmd-medicaldevice.com\/de\/","title":{"rendered":"Home"},"content":{"rendered":"\n<div class=\"wp-block-cover alignfull is-light ohneAbstandOben bildStartseite wp-duotone-unset-1\" style=\"min-height:100vh;aspect-ratio:unset;\"><span aria-hidden=\"true\" class=\"wp-block-cover__background has-contrast-background-color has-background-dim-10 has-background-dim\"><\/span><img loading=\"lazy\" decoding=\"async\" width=\"2048\" height=\"1365\" class=\"wp-block-cover__image-background wp-image-2234\" alt=\"\" src=\"https:\/\/www.qmd-medicaldevice.com\/wp-content\/uploads\/2024\/10\/p1255728.jpg\" data-object-fit=\"cover\" srcset=\"https:\/\/www.qmd-medicaldevice.com\/wp-content\/uploads\/2024\/10\/p1255728.jpg 2048w, https:\/\/www.qmd-medicaldevice.com\/wp-content\/uploads\/2024\/10\/p1255728-700x467.jpg 700w, https:\/\/www.qmd-medicaldevice.com\/wp-content\/uploads\/2024\/10\/p1255728-768x512.jpg 768w, https:\/\/www.qmd-medicaldevice.com\/wp-content\/uploads\/2024\/10\/p1255728-1400x933.jpg 1400w, https:\/\/www.qmd-medicaldevice.com\/wp-content\/uploads\/2024\/10\/p1255728-1536x1024.jpg 1536w\" sizes=\"(max-width: 2048px) 100vw, 2048px\" \/><div class=\"wp-block-cover__inner-container has-global-padding is-layout-constrained wp-block-cover-is-layout-constrained\">\n<h1 class=\"wp-block-heading has-text-align-right has-base-color has-text-color has-link-color has-xx-large-font-size wp-elements-ebcc8fb6ce5432d8a87ea1a796a7adcb\" style=\"text-transform:uppercase\">Laser-, Kryo-, Thermo- <br>&amp; Ultraschall-Ger\u00e4te<\/h1>\n\n\n\n<h2 class=\"wp-block-heading has-text-align-right has-base-color has-text-color has-link-color wp-elements-dd9b6686bc1c1af9ca08f389a3a172a4\" style=\"font-style:normal;font-weight:300\">Qualifizierte Therapie-Ger\u00e4te f\u00fcr Ihre Arztpraxis<\/h2>\n<\/div><\/div>\n\n\n\n<h1 class=\"wp-block-heading\" id=\"start\">qmd<sup>\u00ae<\/sup> &#8211; qualified medical device<\/h1>\n\n\n\n<h2 class=\"wp-block-heading\">f\u00fcr Ihre optimale Therapieerfolge in Ihrer Praxis<\/h2>\n\n\n\n<p>Entdecken Sie mit qmd\u00ae die Zukunft modernster Therapie bei Entz\u00fcndungen, Schmerzen, Rheuma, Traumata und mehr. Unsere Laser-, Kryo-, Thermo- und Ultraschallger\u00e4te bieten nicht nur sichtbare Ergebnisse, sondern auch einen sicheren, nicht-invasiven Ansatz f\u00fcr optimalen Therapieerfolg und Wohlbefinden.<\/p>\n\n\n\n<div class=\"wp-block-columns is-layout-flex wp-container-core-columns-is-layout-1 wp-block-columns-is-layout-flex\" id=\"behandlungen\">\n<div class=\"wp-block-column is-layout-flow wp-block-column-is-layout-flow\"><a href=\"https:\/\/www.qmd-medicaldevice.com\/laser-therapie\/\"    class=\"effect-1 wp-block-tiptip-hyperlink-group-block\" >\n<figure class=\"wp-block-image size-full is-style-rounded is-style-rounded--b5f3eb7772dd5bccd2462477a3830276\"><img loading=\"lazy\" decoding=\"async\" width=\"2048\" height=\"1365\" src=\"https:\/\/www.qmd-medicaldevice.com\/wp-content\/uploads\/2024\/10\/p1255728.jpg\" alt=\"\" class=\"wp-image-2234\" srcset=\"https:\/\/www.qmd-medicaldevice.com\/wp-content\/uploads\/2024\/10\/p1255728.jpg 2048w, https:\/\/www.qmd-medicaldevice.com\/wp-content\/uploads\/2024\/10\/p1255728-700x467.jpg 700w, https:\/\/www.qmd-medicaldevice.com\/wp-content\/uploads\/2024\/10\/p1255728-768x512.jpg 768w, https:\/\/www.qmd-medicaldevice.com\/wp-content\/uploads\/2024\/10\/p1255728-1400x933.jpg 1400w, https:\/\/www.qmd-medicaldevice.com\/wp-content\/uploads\/2024\/10\/p1255728-1536x1024.jpg 1536w\" sizes=\"(max-width: 2048px) 100vw, 2048px\" \/><\/figure>\n\n<h2 class=\"wp-block-heading\" style=\"margin-top:0\">Laser-Therapie<\/h2>\n<\/a><\/div>\n\n\n\n<div class=\"wp-block-column is-layout-flow wp-block-column-is-layout-flow\"><a href=\"https:\/\/www.qmd-medicaldevice.com\/kryo-thermo-therapie\/\"    class=\"effect-1 wp-block-tiptip-hyperlink-group-block\" >\n<figure class=\"wp-block-image size-full is-style-rounded is-style-rounded--dd272f680e6b54db9bcbaa10a6c6b0ef\"><img loading=\"lazy\" decoding=\"async\" width=\"2048\" height=\"1366\" src=\"https:\/\/www.qmd-medicaldevice.com\/wp-content\/uploads\/2024\/10\/ultrasound-behandlung-3.jpg\" alt=\"\" class=\"wp-image-2564\" srcset=\"https:\/\/www.qmd-medicaldevice.com\/wp-content\/uploads\/2024\/10\/ultrasound-behandlung-3.jpg 2048w, https:\/\/www.qmd-medicaldevice.com\/wp-content\/uploads\/2024\/10\/ultrasound-behandlung-3-700x467.jpg 700w, https:\/\/www.qmd-medicaldevice.com\/wp-content\/uploads\/2024\/10\/ultrasound-behandlung-3-768x512.jpg 768w, https:\/\/www.qmd-medicaldevice.com\/wp-content\/uploads\/2024\/10\/ultrasound-behandlung-3-1400x934.jpg 1400w, https:\/\/www.qmd-medicaldevice.com\/wp-content\/uploads\/2024\/10\/ultrasound-behandlung-3-1536x1025.jpg 1536w\" sizes=\"(max-width: 2048px) 100vw, 2048px\" \/><\/figure>\n\n<h2 class=\"wp-block-heading\" style=\"margin-top:0\">Kryo-Thermo Therapie<\/h2>\n<\/a><\/div>\n<\/div>\n\n\n\n<div class=\"wp-block-columns is-layout-flex wp-container-core-columns-is-layout-2 wp-block-columns-is-layout-flex\">\n<div class=\"wp-block-column is-layout-flow wp-block-column-is-layout-flow\"><a href=\"https:\/\/www.qmd-medicaldevice.com\/laser-kryo-thermo-therapie\/\"    class=\"effect-1 wp-block-tiptip-hyperlink-group-block\" >\n<figure class=\"wp-block-image size-full is-style-rounded is-style-rounded--d8c1c4ac923a852adba2438586ab46c1\"><img loading=\"lazy\" decoding=\"async\" width=\"2048\" height=\"1365\" src=\"https:\/\/www.qmd-medicaldevice.com\/wp-content\/uploads\/2024\/10\/p1255658.jpg\" alt=\"\" class=\"wp-image-2576\" srcset=\"https:\/\/www.qmd-medicaldevice.com\/wp-content\/uploads\/2024\/10\/p1255658.jpg 2048w, https:\/\/www.qmd-medicaldevice.com\/wp-content\/uploads\/2024\/10\/p1255658-700x467.jpg 700w, https:\/\/www.qmd-medicaldevice.com\/wp-content\/uploads\/2024\/10\/p1255658-768x512.jpg 768w, https:\/\/www.qmd-medicaldevice.com\/wp-content\/uploads\/2024\/10\/p1255658-1400x933.jpg 1400w, https:\/\/www.qmd-medicaldevice.com\/wp-content\/uploads\/2024\/10\/p1255658-1536x1024.jpg 1536w\" sizes=\"(max-width: 2048px) 100vw, 2048px\" \/><\/figure>\n\n<h2 class=\"wp-block-heading\" style=\"margin-top:0\">Laser Kryo-Thermo Therapie<\/h2>\n<\/a><\/div>\n\n\n\n<div class=\"wp-block-column is-layout-flow wp-block-column-is-layout-flow\"><a href=\"https:\/\/www.qmd-medicaldevice.com\/ultraschall-kryo-thermo-therapie\/\"    class=\"effect-1 wp-block-tiptip-hyperlink-group-block\" >\n<figure class=\"wp-block-image size-full is-style-rounded is-style-rounded--1b4440db1d8b152d5233167b158ad617\"><img loading=\"lazy\" decoding=\"async\" width=\"2048\" height=\"1366\" src=\"https:\/\/www.qmd-medicaldevice.com\/wp-content\/uploads\/2024\/10\/ultrasound-behandlung-1.jpg\" alt=\"\" class=\"wp-image-2580\" srcset=\"https:\/\/www.qmd-medicaldevice.com\/wp-content\/uploads\/2024\/10\/ultrasound-behandlung-1.jpg 2048w, https:\/\/www.qmd-medicaldevice.com\/wp-content\/uploads\/2024\/10\/ultrasound-behandlung-1-700x467.jpg 700w, https:\/\/www.qmd-medicaldevice.com\/wp-content\/uploads\/2024\/10\/ultrasound-behandlung-1-768x512.jpg 768w, https:\/\/www.qmd-medicaldevice.com\/wp-content\/uploads\/2024\/10\/ultrasound-behandlung-1-1400x934.jpg 1400w, https:\/\/www.qmd-medicaldevice.com\/wp-content\/uploads\/2024\/10\/ultrasound-behandlung-1-1536x1025.jpg 1536w\" sizes=\"(max-width: 2048px) 100vw, 2048px\" \/><\/figure>\n\n<h2 class=\"wp-block-heading\" style=\"margin-top:0\">Ultraschall Kryo-Thermo Therapie<\/h2>\n<\/a><\/div>\n<\/div>\n\n\n\n<div class=\"wp-block-group alignfull has-accent-2-background-color has-background has-global-padding is-layout-constrained wp-block-group-is-layout-constrained\" style=\"margin-top:var(--wp--preset--spacing--40);margin-bottom:var(--wp--preset--spacing--40);padding-top:var(--wp--preset--spacing--40);padding-bottom:var(--wp--preset--spacing--40)\">\n<h1 class=\"wp-block-heading has-base-color has-text-color has-link-color wp-elements-7682c812652a8fea4d82f04c1f184392\" id=\"product\">Qualifiziertes Know-how<\/h1>\n\n\n\n<h2 class=\"wp-block-heading has-base-color has-text-color has-link-color wp-elements-f76cdcb59f372a05d57f9a2ac1317f1d\">f\u00fcr professionelle Ger\u00e4te<\/h2>\n\n\n\n<p class=\"has-base-color has-text-color has-link-color wp-elements-059096d955f9b18f4ce8594b6871240b\">Modernste Technik, hochwertige Materialien und anspruchsvolles Design auf h\u00f6chstem Niveau zeichnen unsere Produkte aus. Zudem \u00fcberzeugen sie durch hohe Anwenderfreundlichkeit.<\/p>\n\n\n\n<div class=\"wp-block-buttons is-layout-flex wp-block-buttons-is-layout-flex\">\n<div class=\"wp-block-button has-custom-font-size is-style-outline has-medium-font-size is-style-outline--527597585990b61a6714969125f5672d\"><a class=\"wp-block-button__link has-base-color has-text-color has-link-color wp-element-button\" href=\"https:\/\/www.qmd-medicaldevice.com\/geraete\/\">Zu den Ger\u00e4ten<\/a><\/div>\n<\/div>\n<\/div>\n\n\n\n<div style=\"height:100px\" aria-hidden=\"true\" class=\"wp-block-spacer\"><\/div>\n\n\n\n<h1 class=\"wp-block-heading has-text-align-center\">\u00dcber uns<\/h1>\n\n\n\n<h2 class=\"wp-block-heading has-text-align-center\">Hakomed und qmd<sup>\u00ae<\/sup><\/h2>\n\n\n\n<div class=\"wp-block-columns is-layout-flex wp-container-core-columns-is-layout-3 wp-block-columns-is-layout-flex\">\n<div class=\"wp-block-column is-layout-flow wp-block-column-is-layout-flow\">\n<div class=\"wp-block-boldblocks-counting-number has-text-align-center has-xx-large-font-size\"><span class=\"value\" data-value=\"20\" data-start-val=\"0\" data-duration=\"2\" data-separator=\",\" data-decimal=\".\" data-enable-scroll-spy=\"true\" data-scroll-spy-once=\"true\" data-scroll-spy-delay=\"0\" data-prefix=\"\" data-suffix=\"\"><\/span><\/div>\n\n\n\n<p class=\"has-text-align-center\" style=\"margin-top:0\">Jahre Erfahrung im Bereich der Produktion medizinischer Ger\u00e4te<\/p>\n<\/div>\n\n\n\n<div class=\"wp-block-column is-layout-flow wp-block-column-is-layout-flow\">\n<div class=\"wp-block-boldblocks-counting-number has-text-align-center has-xx-large-font-size\"><span class=\"value\" data-value=\"40\" data-start-val=\"0\" data-duration=\"2\" data-separator=\",\" data-decimal=\".\" data-enable-scroll-spy=\"true\" data-scroll-spy-once=\"true\" data-scroll-spy-delay=\"0\" data-prefix=\"\" data-suffix=\"\"><\/span><\/div>\n\n\n\n<p class=\"has-text-align-center\" style=\"margin-top:0\">L\u00e4nder in denen unsere Ger\u00e4te im Einsatz sind<\/p>\n<\/div>\n\n\n\n<div class=\"wp-block-column is-layout-flow wp-block-column-is-layout-flow\">\n<div class=\"wp-block-boldblocks-counting-number has-text-align-center has-xx-large-font-size\"><span class=\"value\" data-value=\"2.000\" data-start-val=\"0\" data-duration=\"2\" data-separator=\",\" data-decimal=\".\" data-enable-scroll-spy=\"true\" data-scroll-spy-once=\"true\" data-scroll-spy-delay=\"0\" data-prefix=\"\" data-suffix=\"\"><\/span><\/div>\n\n\n\n<p class=\"has-text-align-center\" style=\"margin-top:0\">Behandlungen pro Tag werden mit unseren Ger\u00e4ten durchgef\u00fchrt<\/p>\n<\/div>\n<\/div>\n\n\n\n<figure class=\"wp-block-image size-large is-style-rounded wp-duotone-duotone-1 is-style-rounded--4dbff4a0493cfe1a389168e860498422\"><img decoding=\"async\" src=\"https:\/\/www.qmd-aesthetics.com\/wp-content\/uploads\/2024\/04\/foto_wir-begleiten-sie-1400x1050.jpg\" alt=\"\" class=\"wp-image-1482\"\/><\/figure>\n\n\n\n<p>Die Marke qmd\u00ae repr\u00e4sentiert eine exklusive Serie medizinischer und \u00e4sthetischer Ger\u00e4te, die 2014 von der Firma Hakomed Italia gegr\u00fcndet wurde. Diese Ger\u00e4te \u00fcberzeugen durch ihre benutzerfreundliche Bedienung, den Einsatz modernster Technologien, erstklassige Materialien und ein elegantes Design.<\/p>\n\n\n\n<div class=\"wp-block-buttons is-layout-flex wp-block-buttons-is-layout-flex\">\n<div class=\"wp-block-button\"><a class=\"wp-block-button__link wp-element-button\" href=\"https:\/\/www.qmd-medicaldevice.com\/ueber-uns\/\">weiterlesen<\/a><\/div>\n<\/div>\n\n\n\n<h2 class=\"wp-block-heading\" style=\"margin-top:var(--wp--preset--spacing--60);margin-bottom:0\">Neues von qmd<sup>\u00ae<\/sup><\/h2>\n\n\n\n<div class=\"wp-block-query is-layout-flow wp-block-query-is-layout-flow\">\n\n\n<div class=\"wp-block-group is-layout-flow wp-block-group-is-layout-flow\" style=\"margin-top:0;margin-bottom:0;padding-top:0;padding-right:0;padding-bottom:0;padding-left:0\"><ul class=\"columns-3 alignfull wp-block-post-template is-layout-grid wp-container-core-post-template-is-layout-1 wp-block-post-template-is-layout-grid\"><li class=\"wp-block-post post-3353 post type-post status-publish format-standard has-post-thumbnail hentry category-unkategorisiert\">\n\n<div class=\"wp-block-group has-global-padding is-layout-constrained wp-block-group-is-layout-constrained\"><figure style=\"aspect-ratio:1; padding-bottom:var(--wp--preset--spacing--20);margin-bottom:0;\" class=\"effect-1 wp-block-post-featured-image\"><a href=\"https:\/\/www.qmd-medicaldevice.com\/de\/2026\/01\/21\/3353\/\" target=\"_self\"  ><img loading=\"lazy\" decoding=\"async\" width=\"1366\" height=\"768\" src=\"https:\/\/www.qmd-medicaldevice.com\/wp-content\/uploads\/2026\/01\/whx-sito-web.png\" class=\"attachment-post-thumbnail size-post-thumbnail wp-post-image\" alt=\"Treffen Sie uns auf der WHX Dubai 2026\" style=\"border-radius:16px;border-style:none;border-width:0px;width:100%;height:100%;object-fit:cover;\" srcset=\"https:\/\/www.qmd-medicaldevice.com\/wp-content\/uploads\/2026\/01\/whx-sito-web.png 1366w, https:\/\/www.qmd-medicaldevice.com\/wp-content\/uploads\/2026\/01\/whx-sito-web-700x394.png 700w, https:\/\/www.qmd-medicaldevice.com\/wp-content\/uploads\/2026\/01\/whx-sito-web-768x432.png 768w\" sizes=\"(max-width: 1366px) 100vw, 1366px\" \/><\/a><\/figure>\n\n\n<div class=\"wp-block-group is-vertical is-nowrap is-layout-flex wp-container-core-group-is-layout-2 wp-block-group-is-layout-flex\" style=\"margin-top:var(--wp--preset--spacing--20);padding-top:0\"><h2 class=\"wp-block-post-title has-large-font-size wp-container-content-1\">Treffen Sie uns auf der WHX Dubai 2026<\/h2>\n\n<div style=\"padding-top:0;padding-bottom:0;\" class=\"wp-block-post-excerpt has-text-color has-contrast-2-color has-small-font-size wp-container-content-2\"><p class=\"wp-block-post-excerpt__excerpt\">Wir freuen uns, bekannt zu geben, dass wir vom 9. bis 12. Februar auf der WHX Dubai 2026 (ehemals Arab Health) ausstellen werden. Besuchen Sie uns an Stand N37 C33 und entdecken Sie, wie unsere neueste Technologie Ihr Business voranbringen kann \u2013 mit smarteren L\u00f6sungen, neuen Chancen und echtem Mehrwert f\u00fcr den Arbeitsalltag. Unser Team&hellip;<\/p><p class=\"wp-block-post-excerpt__more-text\"><a class=\"wp-block-post-excerpt__more-link\" href=\"https:\/\/www.qmd-medicaldevice.com\/de\/2026\/01\/21\/3353\/\">Weiterlesen<\/a><\/p><\/div><\/div>\n<\/div>\n\n<\/li><li class=\"wp-block-post post-3295 post type-post status-publish format-standard has-post-thumbnail hentry category-unkategorisiert\">\n\n<div class=\"wp-block-group has-global-padding is-layout-constrained wp-block-group-is-layout-constrained\"><figure style=\"aspect-ratio:1; padding-bottom:var(--wp--preset--spacing--20);margin-bottom:0;\" class=\"effect-1 wp-block-post-featured-image\"><a href=\"https:\/\/www.qmd-medicaldevice.com\/de\/2025\/11\/26\/medica-2025-unser-rueckblick\/\" target=\"_self\"  ><img loading=\"lazy\" decoding=\"async\" width=\"2048\" height=\"1248\" src=\"https:\/\/www.qmd-medicaldevice.com\/wp-content\/uploads\/2025\/11\/20251119-111357-2.jpg\" class=\"attachment-post-thumbnail size-post-thumbnail wp-post-image\" alt=\"Medica 2025: Unser R\u00fcckblick\" style=\"border-radius:16px;border-style:none;border-width:0px;width:100%;height:100%;object-fit:cover;\" srcset=\"https:\/\/www.qmd-medicaldevice.com\/wp-content\/uploads\/2025\/11\/20251119-111357-2.jpg 2048w, https:\/\/www.qmd-medicaldevice.com\/wp-content\/uploads\/2025\/11\/20251119-111357-2-700x427.jpg 700w, https:\/\/www.qmd-medicaldevice.com\/wp-content\/uploads\/2025\/11\/20251119-111357-2-768x468.jpg 768w, https:\/\/www.qmd-medicaldevice.com\/wp-content\/uploads\/2025\/11\/20251119-111357-2-1400x853.jpg 1400w, https:\/\/www.qmd-medicaldevice.com\/wp-content\/uploads\/2025\/11\/20251119-111357-2-1536x936.jpg 1536w\" sizes=\"(max-width: 2048px) 100vw, 2048px\" \/><\/a><\/figure>\n\n\n<div class=\"wp-block-group is-vertical is-nowrap is-layout-flex wp-container-core-group-is-layout-4 wp-block-group-is-layout-flex\" style=\"margin-top:var(--wp--preset--spacing--20);padding-top:0\"><h2 class=\"wp-block-post-title has-large-font-size wp-container-content-3\">Medica 2025: Unser R\u00fcckblick<\/h2>\n\n<div style=\"padding-top:0;padding-bottom:0;\" class=\"wp-block-post-excerpt has-text-color has-contrast-2-color has-small-font-size wp-container-content-4\"><p class=\"wp-block-post-excerpt__excerpt\">Die diesj\u00e4hrige Medica in D\u00fcsseldorf liegt hinter uns. Vom 17. bis 20. November 2025 konnten wir unsere aktuellen Produkte und Innovationen im medizinischen und \u00e4sthetischen Bereich vorstellen und zahlreiche Fachbesucher an unserem Stand begr\u00fc\u00dfen. Wir haben viele interessante Gespr\u00e4che gef\u00fchrt und wertvolle Einblicke in aktuelle Marktbed\u00fcrfnisse und Entwicklungen erhalten. Besonders das Interesse an unseren Technologien&hellip;<\/p><p class=\"wp-block-post-excerpt__more-text\"><a class=\"wp-block-post-excerpt__more-link\" href=\"https:\/\/www.qmd-medicaldevice.com\/de\/2025\/11\/26\/medica-2025-unser-rueckblick\/\">Weiterlesen<\/a><\/p><\/div><\/div>\n<\/div>\n\n<\/li><li class=\"wp-block-post post-3249 post type-post status-publish format-standard has-post-thumbnail hentry category-unkategorisiert\">\n\n<div class=\"wp-block-group has-global-padding is-layout-constrained wp-block-group-is-layout-constrained\"><figure style=\"aspect-ratio:1; padding-bottom:var(--wp--preset--spacing--20);margin-bottom:0;\" class=\"effect-1 wp-block-post-featured-image\"><a href=\"https:\/\/www.qmd-medicaldevice.com\/de\/2025\/10\/17\/ruckblick-medica-2024\/\" target=\"_self\"  ><img loading=\"lazy\" decoding=\"async\" width=\"1188\" height=\"1188\" src=\"https:\/\/www.qmd-medicaldevice.com\/wp-content\/uploads\/2025\/10\/medica-2025.jpg\" class=\"attachment-post-thumbnail size-post-thumbnail wp-post-image\" alt=\"Medica 2025\" style=\"border-radius:16px;border-style:none;border-width:0px;width:100%;height:100%;object-fit:cover;\" srcset=\"https:\/\/www.qmd-medicaldevice.com\/wp-content\/uploads\/2025\/10\/medica-2025.jpg 1188w, https:\/\/www.qmd-medicaldevice.com\/wp-content\/uploads\/2025\/10\/medica-2025-467x467.jpg 467w, https:\/\/www.qmd-medicaldevice.com\/wp-content\/uploads\/2025\/10\/medica-2025-700x700.jpg 700w, https:\/\/www.qmd-medicaldevice.com\/wp-content\/uploads\/2025\/10\/medica-2025-768x768.jpg 768w\" sizes=\"(max-width: 1188px) 100vw, 1188px\" \/><\/a><\/figure>\n\n\n<div class=\"wp-block-group is-vertical is-nowrap is-layout-flex wp-container-core-group-is-layout-6 wp-block-group-is-layout-flex\" style=\"margin-top:var(--wp--preset--spacing--20);padding-top:0\"><h2 class=\"wp-block-post-title has-large-font-size wp-container-content-5\">Medica 2025<\/h2>\n\n<div style=\"padding-top:0;padding-bottom:0;\" class=\"wp-block-post-excerpt has-text-color has-contrast-2-color has-small-font-size wp-container-content-6\"><p class=\"wp-block-post-excerpt__excerpt\">Wir sind bereit f\u00fcr die Medica 2025! Vom 17. bis 20. November 2025 pr\u00e4sentieren wir unsere Produkte und Innovationen auf der Medica in D\u00fcsseldorf, der weltweit f\u00fchrenden Fachmesse f\u00fcr Medizintechnik. An unserem Stand k\u00f6nnen Besucher die neuesten Entwicklungen im \u00e4sthetischen und medizinischen Bereich hautnah erleben. Unsere Experten informieren Sie gerne \u00fcber moderne Technologien und deren&hellip;<\/p><p class=\"wp-block-post-excerpt__more-text\"><a class=\"wp-block-post-excerpt__more-link\" href=\"https:\/\/www.qmd-medicaldevice.com\/de\/2025\/10\/17\/ruckblick-medica-2024\/\">Weiterlesen<\/a><\/p><\/div><\/div>\n<\/div>\n\n<\/li><\/ul><\/div>\n<\/div>\n\n\n\n<div class=\"wp-block-buttons is-content-justification-center is-layout-flex wp-container-core-buttons-is-layout-3 wp-block-buttons-is-layout-flex\" style=\"margin-top:var(--wp--preset--spacing--40);margin-bottom:var(--wp--preset--spacing--60)\">\n<div class=\"wp-block-button\"><a class=\"wp-block-button__link wp-element-button\" href=\"https:\/\/www.qmd-medicaldevice.com\/news\/\">weitere News anzeigen<\/a><\/div>\n<\/div>\n","protected":false},"excerpt":{"rendered":"<p>qmd\u00ae &#8211; qualified medical device f\u00fcr Ihre optimale Therapieerfolge in Ihrer Praxis Entdecken Sie mit qmd\u00ae die Zukunft modernster Therapie bei Entz\u00fcndungen, Schmerzen, Rheuma, Traumata und mehr. Unsere Laser-, Kryo-, Thermo- und Ultraschallger\u00e4te bieten nicht nur sichtbare Ergebnisse, sondern auch einen sicheren, nicht-invasiven Ansatz f\u00fcr optimalen Therapieerfolg und Wohlbefinden. Qualifiziertes Know-how f\u00fcr professionelle Ger\u00e4te Modernste [&hellip;]<\/p>\n","protected":false},"author":1,"featured_media":0,"parent":0,"menu_order":0,"comment_status":"closed","ping_status":"closed","template":"","meta":{"footnotes":""},"class_list":["post-2","page","type-page","status-publish","hentry"],"_links":{"self":[{"href":"https:\/\/www.qmd-medicaldevice.com\/de\/wp-json\/wp\/v2\/pages\/2"}],"collection":[{"href":"https:\/\/www.qmd-medicaldevice.com\/de\/wp-json\/wp\/v2\/pages"}],"about":[{"href":"https:\/\/www.qmd-medicaldevice.com\/de\/wp-json\/wp\/v2\/types\/page"}],"author":[{"embeddable":true,"href":"https:\/\/www.qmd-medicaldevice.com\/de\/wp-json\/wp\/v2\/users\/1"}],"replies":[{"embeddable":true,"href":"https:\/\/www.qmd-medicaldevice.com\/de\/wp-json\/wp\/v2\/comments?post=2"}],"version-history":[{"count":74,"href":"https:\/\/www.qmd-medicaldevice.com\/de\/wp-json\/wp\/v2\/pages\/2\/revisions"}],"predecessor-version":[{"id":3240,"href":"https:\/\/www.qmd-medicaldevice.com\/de\/wp-json\/wp\/v2\/pages\/2\/revisions\/3240"}],"wp:attachment":[{"href":"https:\/\/www.qmd-medicaldevice.com\/de\/wp-json\/wp\/v2\/media?parent=2"}],"curies":[{"name":"wp","href":"https:\/\/api.w.org\/{rel}","templated":true}]}}